{"id":7280,"date":"2018-01-22T20:55:07","date_gmt":"2018-01-22T18:55:07","guid":{"rendered":"http:\/\/hkmanin.sk\/wp\/?page_id=7280"},"modified":"2019-02-10T21:54:36","modified_gmt":"2019-02-10T19:54:36","slug":"2017-2","status":"publish","type":"page","link":"https:\/\/hkmanin.sk\/wp\/?page_id=7280","title":{"rendered":"2017"},"content":{"rendered":"<p style=\"text-align: left;\"><strong>Janu\u00e1r<\/strong><\/p>\n<ul>\n<li style=\"text-align: left;\"><a href=\"http:\/\/hkmanin.sk\/wp\/?p=4538\">06. 01 Kapustnica<\/a><\/li>\n<\/ul>\n<p><strong>Marec<\/strong><\/p>\n<ul style=\"text-align: left;\">\n<li><a href=\"http:\/\/hkmanin.sk\/wp\/?p=4678\">11. 3. Men\u010fov memori\u00e1l<\/a><\/li>\n<li><a href=\"http:\/\/hkmanin.sk\/wp\/?p=4282\">15. &#8211; 19. 3&nbsp;Zimn\u00e9 s\u00fastredenie&nbsp;Sliezky dom<\/a><\/li>\n<li><a href=\"http:\/\/hkmanin.sk\/wp\/?p=4721\">24. 03. Valn\u00e1 hromada<\/a><\/li>\n<\/ul>\n<p><strong>Apr\u00edl<\/strong><\/p>\n<ul style=\"text-align: left;\">\n<li><a href=\"http:\/\/hkmanin.sk\/wp\/?p=5087\">Preteky Domani\u017ea<\/a><\/li>\n<li><a href=\"http:\/\/hkmanin.sk\/wp\/?p=5079\">Metodick\u00e9 dni<\/a><\/li>\n<\/ul>\n<p><strong>M\u00e1j<\/strong><\/p>\n<ul style=\"text-align: left;\">\n<li><a href=\"http:\/\/hkmanin.sk\/wp\/?p=4899\">Piesky<\/a><\/li>\n<\/ul>\n<p><strong>J\u00fan<\/strong><\/p>\n<p><strong>J\u00fal<\/strong><\/p>\n<ul style=\"text-align: left;\">\n<li><a href=\"http:\/\/hkmanin.sk\/wp\/?p=5251\">Letn\u00e9 s\u00fastredenie&nbsp;Vysok\u00e9 Tatry<\/a><\/li>\n<\/ul>\n<p><strong>August<\/strong><\/p>\n<ul style=\"text-align: left;\">\n<li>Pr\u00edprava steny na zimn\u00fa sez\u00f3nu<\/li>\n<li><a href=\"http:\/\/hkmanin.sk\/wp\/?p=6192\">14. \u2013 20. 08 THT James<\/a><\/li>\n<li><a href=\"http:\/\/hkmanin.sk\/wp\/?p=5373\">25. 08. &#8211; 03. 09. Dolomity<\/a><\/li>\n<\/ul>\n<p><strong>September<\/strong><\/p>\n<ul style=\"text-align: left;\">\n<li><a href=\"http:\/\/hkmanin.sk\/wp\/?p=5935\">Preteky det\u00ed<\/a><\/li>\n<li><a href=\"http:\/\/hkmanin.sk\/wp\/?p=6354\">Krvav\u00e9 sonety<\/a><\/li>\n<\/ul>\n<p><strong>Okt\u00f3ber<\/strong><\/p>\n<ul style=\"text-align: left;\">\n<li><a href=\"http:\/\/hkmanin.sk\/wp\/?p=6071\">30. 09 &#8211; 01. 10. Zraz<\/a><\/li>\n<\/ul>\n<p><strong>November<\/strong><\/p>\n<ul style=\"text-align: left;\">\n<li><a href=\"http:\/\/hkmanin.sk\/wp\/?p=6384\">15. &#8211; 19. 11 Osp<\/a><\/li>\n<\/ul>\n<p><strong>December<\/strong><\/p>\n<ul style=\"text-align: left;\">\n<li style=\"text-align: left;\"><a href=\"http:\/\/hkmanin.sk\/wp\/?p=6701\">09. 12. \u017div\u00e1nska<\/a><\/li>\n<li style=\"text-align: left;\">26. 12. \u0160tef\u00e1nske preteky <a href=\"http:\/\/hkmanin.sk\/wp\/?p=7053\">deti<\/a> a <a href=\"http:\/\/hkmanin.sk\/wp\/?p=6930\">dospel\u00ed<\/a><\/li>\n<\/ul>\n","protected":false},"excerpt":{"rendered":"<p>Janu\u00e1r 06. 01 Kapustnica Marec 11. 3. Men\u010fov memori\u00e1l 15. &#8211; 19. 3&nbsp;Zimn\u00e9 s\u00fastredenie&nbsp;Sliezky dom 24. 03. Valn\u00e1 hromada Apr\u00edl Preteky Domani\u017ea Metodick\u00e9 dni M\u00e1j Piesky J\u00fan J\u00fal Letn\u00e9 s\u00fastredenie&nbsp;Vysok\u00e9 Tatry August Pr\u00edprava steny na zimn\u00fa sez\u00f3nu 14. \u2013 20. 08 THT James 25. 08. &#8211; 03. 09. Dolomity September Preteky det\u00ed Krvav\u00e9 sonety Okt\u00f3ber &hellip; <a href=\"https:\/\/hkmanin.sk\/wp\/?page_id=7280\" class=\"more-link\">Pokra\u010dova\u0165 na <span class=\"screen-reader-text\">2017<\/span> <span class=\"meta-nav\">&rarr;<\/span><\/a><\/p>\n","protected":false},"author":4,"featured_media":10075,"parent":2601,"menu_order":0,"comment_status":"closed","ping_status":"closed","template":"","meta":{"footnotes":""},"class_list":["post-7280","page","type-page","status-publish","has-post-thumbnail","hentry"],"_links":{"self":[{"href":"https:\/\/hkmanin.sk\/wp\/index.php?rest_route=\/wp\/v2\/pages\/7280","targetHints":{"allow":["GET"]}}],"collection":[{"href":"https:\/\/hkmanin.sk\/wp\/index.php?rest_route=\/wp\/v2\/pages"}],"about":[{"href":"https:\/\/hkmanin.sk\/wp\/index.php?rest_route=\/wp\/v2\/types\/page"}],"author":[{"embeddable":true,"href":"https:\/\/hkmanin.sk\/wp\/index.php?rest_route=\/wp\/v2\/users\/4"}],"replies":[{"embeddable":true,"href":"https:\/\/hkmanin.sk\/wp\/index.php?rest_route=%2Fwp%2Fv2%2Fcomments&post=7280"}],"version-history":[{"count":3,"href":"https:\/\/hkmanin.sk\/wp\/index.php?rest_route=\/wp\/v2\/pages\/7280\/revisions"}],"predecessor-version":[{"id":10086,"href":"https:\/\/hkmanin.sk\/wp\/index.php?rest_route=\/wp\/v2\/pages\/7280\/revisions\/10086"}],"up":[{"embeddable":true,"href":"https:\/\/hkmanin.sk\/wp\/index.php?rest_route=\/wp\/v2\/pages\/2601"}],"wp:featuredmedia":[{"embeddable":true,"href":"https:\/\/hkmanin.sk\/wp\/index.php?rest_route=\/wp\/v2\/media\/10075"}],"wp:attachment":[{"href":"https:\/\/hkmanin.sk\/wp\/index.php?rest_route=%2Fwp%2Fv2%2Fmedia&parent=7280"}],"curies":[{"name":"wp","href":"https:\/\/api.w.org\/{rel}","templated":true}]}}