{"id":4425,"date":"2016-12-28T09:28:59","date_gmt":"2016-12-28T07:28:59","guid":{"rendered":"http:\/\/hkmanin.sk\/wp\/?page_id=4425"},"modified":"2019-02-10T21:54:56","modified_gmt":"2019-02-10T19:54:56","slug":"podujatia-2016","status":"publish","type":"page","link":"https:\/\/hkmanin.sk\/wp\/?page_id=4425","title":{"rendered":"2016"},"content":{"rendered":"<p style=\"text-align: center;\"><strong>Pl\u00e1novan\u00e9 podujatia v roku 2016<\/strong><\/p>\n<p style=\"text-align: left;\"><strong>Janu\u00e1r<\/strong><\/p>\n<ul>\n<li style=\"text-align: left;\"><a href=\"http:\/\/hkmanin.sk\/wp\/?p=2375\">Kapustnica<\/a><\/li>\n<\/ul>\n<p><strong>Marec<\/strong><\/p>\n<ul style=\"text-align: left;\">\n<li><a href=\"http:\/\/hkmanin.sk\/wp\/?p=2665\">Men\u010fov memori\u00e1l &#8211; 12. 03. 2016<\/a><\/li>\n<li><a href=\"http:\/\/hkmanin.sk\/wp\/?p=2417\">Zimn\u00e9 s\u00fastredenie Popradsk\u00e9 pleso &nbsp;16. &#8211; 20. 03.&nbsp;<\/a><\/li>\n<li><a href=\"http:\/\/jamesak.sk\/articles.asp?portal_id=1&amp;pageid=1&amp;id_dependency=10706&amp;akcia=1\">VH JAMES &#8211; 19. &nbsp;03.<\/a><\/li>\n<\/ul>\n<p><strong>Apr\u00edl<\/strong><\/p>\n<ul style=\"text-align: left;\">\n<li><a href=\"http:\/\/hkmanin.sk\/wp\/?p=2804\">Preteky Domani\u017ea<\/a><\/li>\n<li><a href=\"http:\/\/hkmanin.sk\/wp\/?p=2785\">Kurz lezenia<\/a><\/li>\n<li><a href=\"http:\/\/hkmanin.sk\/wp\/?p=2674\">Valn\u00e1 Hromada &#8211; 15. 04.<\/a><\/li>\n<\/ul>\n<p><strong>M\u00e1j<\/strong><\/p>\n<ul style=\"text-align: left;\">\n<li><a href=\"http:\/\/hkmanin.sk\/wp\/?p=2794\">Piesky&nbsp;18. \u2013 22. 05.<\/a><\/li>\n<\/ul>\n<p><strong>J\u00fan<\/strong><\/p>\n<ul style=\"text-align: left;\">\n<li><del>V\u00fdjazd na skalky<\/del><\/li>\n<\/ul>\n<p><strong>J\u00fal<\/strong><\/p>\n<ul style=\"text-align: left;\">\n<li><a href=\"http:\/\/hkmanin.sk\/wp\/?p=3061\">Letn\u00e9 s\u00fastredenie Skalnat\u00e9 pleso 1. &#8211; 5. &nbsp;7.<\/a><\/li>\n<\/ul>\n<p><strong>August<\/strong><\/p>\n<ul style=\"text-align: left;\">\n<li><a href=\"http:\/\/hkmanin.sk\/wp\/?p=3392\">Pr\u00edprava steny na zimn\u00fa sez\u00f3nu<\/a><\/li>\n<li><del>THT James 08. &#8211; 14. 8.&nbsp;<\/del><\/li>\n<li><a href=\"http:\/\/hkmanin.sk\/wp\/?p=3515\">Dolomity 25. 08. &#8211; 04. 09.<\/a><\/li>\n<\/ul>\n<p><strong>September<\/strong><\/p>\n<ul style=\"text-align: left;\">\n<li><a href=\"http:\/\/hkmanin.sk\/wp\/?p=3855\">Krvav\u00e9 sonety<\/a><\/li>\n<\/ul>\n<p><strong>Okt\u00f3ber<\/strong><\/p>\n<ul style=\"text-align: left;\">\n<li><a href=\"http:\/\/hkmanin.sk\/wp\/?p=3721\">Zraz 01. &#8211; 02. 10.<\/a><\/li>\n<\/ul>\n<p><strong>November<\/strong><\/p>\n<ul style=\"text-align: left;\">\n<li><a href=\"http:\/\/hkmanin.sk\/wp\/?p=3631\">Osp 16. &#8211; 20. 11.&nbsp;<\/a><\/li>\n<\/ul>\n<p><strong>December<\/strong><\/p>\n<ul style=\"text-align: left;\">\n<li style=\"text-align: left;\"><a href=\"http:\/\/hkmanin.sk\/wp\/?p=4056\">\u017div\u00e1nska&nbsp;10. 12.<\/a><\/li>\n<li style=\"text-align: left;\"><a href=\"http:\/\/hkmanin.sk\/wp\/?p=4418\">\u0160tef\u00e1nske preteky<\/a><\/li>\n<\/ul>\n","protected":false},"excerpt":{"rendered":"<p>Pl\u00e1novan\u00e9 podujatia v roku 2016 Janu\u00e1r Kapustnica Marec Men\u010fov memori\u00e1l &#8211; 12. 03. 2016 Zimn\u00e9 s\u00fastredenie Popradsk\u00e9 pleso &nbsp;16. &#8211; 20. 03.&nbsp; VH JAMES &#8211; 19. &nbsp;03. Apr\u00edl Preteky Domani\u017ea Kurz lezenia Valn\u00e1 Hromada &#8211; 15. 04. M\u00e1j Piesky&nbsp;18. \u2013 22. 05. J\u00fan V\u00fdjazd na skalky J\u00fal Letn\u00e9 s\u00fastredenie Skalnat\u00e9 pleso 1. &#8211; 5. &nbsp;7. &hellip; <a href=\"https:\/\/hkmanin.sk\/wp\/?page_id=4425\" class=\"more-link\">Pokra\u010dova\u0165 na <span class=\"screen-reader-text\">2016<\/span> <span class=\"meta-nav\">&rarr;<\/span><\/a><\/p>\n","protected":false},"author":4,"featured_media":10075,"parent":2601,"menu_order":0,"comment_status":"closed","ping_status":"closed","template":"","meta":{"footnotes":""},"class_list":["post-4425","page","type-page","status-publish","has-post-thumbnail","hentry"],"_links":{"self":[{"href":"https:\/\/hkmanin.sk\/wp\/index.php?rest_route=\/wp\/v2\/pages\/4425","targetHints":{"allow":["GET"]}}],"collection":[{"href":"https:\/\/hkmanin.sk\/wp\/index.php?rest_route=\/wp\/v2\/pages"}],"about":[{"href":"https:\/\/hkmanin.sk\/wp\/index.php?rest_route=\/wp\/v2\/types\/page"}],"author":[{"embeddable":true,"href":"https:\/\/hkmanin.sk\/wp\/index.php?rest_route=\/wp\/v2\/users\/4"}],"replies":[{"embeddable":true,"href":"https:\/\/hkmanin.sk\/wp\/index.php?rest_route=%2Fwp%2Fv2%2Fcomments&post=4425"}],"version-history":[{"count":3,"href":"https:\/\/hkmanin.sk\/wp\/index.php?rest_route=\/wp\/v2\/pages\/4425\/revisions"}],"predecessor-version":[{"id":10087,"href":"https:\/\/hkmanin.sk\/wp\/index.php?rest_route=\/wp\/v2\/pages\/4425\/revisions\/10087"}],"up":[{"embeddable":true,"href":"https:\/\/hkmanin.sk\/wp\/index.php?rest_route=\/wp\/v2\/pages\/2601"}],"wp:featuredmedia":[{"embeddable":true,"href":"https:\/\/hkmanin.sk\/wp\/index.php?rest_route=\/wp\/v2\/media\/10075"}],"wp:attachment":[{"href":"https:\/\/hkmanin.sk\/wp\/index.php?rest_route=%2Fwp%2Fv2%2Fmedia&parent=4425"}],"curies":[{"name":"wp","href":"https:\/\/api.w.org\/{rel}","templated":true}]}}