{"id":4029,"date":"2016-11-01T16:09:21","date_gmt":"2016-11-01T14:09:21","guid":{"rendered":"http:\/\/hkmanin.sk\/wp\/?page_id=4029"},"modified":"2022-12-04T22:53:36","modified_gmt":"2022-12-04T20:53:36","slug":"prispevky","status":"publish","type":"page","link":"https:\/\/hkmanin.sk\/wp\/?page_id=4029","title":{"rendered":"Pr\u00edspevky"},"content":{"rendered":"<p>V\u0161etky pr\u00edspevky \u010dlenom na individu\u00e1lne akcie s\u00fa z\u00e1visl\u00e9 na sume, ktor\u00e1 je na tento \u00fa\u010del vy\u010dlenen\u00e1 v rozpo\u010dte klubu<\/p>\n<p><strong>Individu\u00e1lne v\u00fdjazdy &#8211; skalky<\/strong><\/p>\n<p>Ka\u017ed\u00fd \u010dlen m\u00f4\u017ee z\u00edska\u0165 pr\u00edspevky na individu\u00e1lne v\u00fdjazdy na skalky do v\u00fd\u0161ky <strong>30\u20ac\/rok<\/strong>. V\u00fd\u0161ka pr\u00edspevku je z\u00e1visl\u00e1 od \u0161portov\u00fdch v\u00fdkonov a\u00a0kvality dokument\u00e1cie. Znamen\u00e1 to, \u017ee aj za slab\u0161ie v\u00fdkony m\u00f4\u017ee by\u0165 vy\u0161\u0161\u00ed pr\u00edspevok, ak je v\u00fdjazd pop\u00edsan\u00fd zauj\u00edmav\u00fdm \u010dl\u00e1nkom s\u00a0kvalitnou fotodokumt\u00e1ciou. Vy\u0161\u0161\u00ed pr\u00edspevok v\u0161ak z\u00edska iba autor \u010dl\u00e1nku.<\/p>\n<p><strong>Individu\u00e1lne v\u00fdjazdy \u2013 hory<\/strong><\/p>\n<p>V\u00fd\u0161ka pr\u00edspevkov je obmedzen\u00e1 pre jedn\u00e9ho \u010dlena sumou <strong>90\u20ac\/rok<\/strong> V\u00fdkony nie s\u00fa a\u017e tak d\u00f4le\u017eit\u00e9 ako pri skalk\u00e1ch. Na v\u00edkendov\u00e9 akcie do Tatier je pr\u00edspevok <strong>15\u20ac\/osoba<\/strong>. V\u00fdjazdy do zahrani\u010dn\u00fdch horsk\u00fdch oblast\u00ed resp. viac d\u0148ov\u00e9 v\u00fdjazdy do Tatier s\u00fa posudzovan\u00e9 individu\u00e1lne.<\/p>\n<p><strong>Klubov\u00e9 v\u00fdjazdy<\/strong><\/p>\n<p>Ka\u017ed\u00fd \u010dlen dostane na klubov\u00fdch v\u00fdjazdoch rovnak\u00fd pr\u00edspevok. Podmienkou je zaplatenie z\u00e1lohy<strong> 20\u20ac<\/strong>. Pr\u00edspevok bude vyplaten\u00fd na v\u00fdjazde spolu so z\u00e1lohou. Z\u00e1loha sa v\u00a0pr\u00edpade ne\u00fa\u010dasti nevracia. Organiz\u00e1tor klubov\u00e9ho v\u00fdjazdu dostane finan\u010dn\u00fa odmenu pod\u013ea pl\u00e1nu \u010dinnosti.<\/p>\n<p><strong style=\"font-style: inherit;\">Preteky<\/strong><\/p>\n<p>Pri \u00fa\u010dasti na slovensk\u00fdch pretekoch prispieva klub na cestovn\u00e9 do v\u00fd\u0161ky skuto\u010dn\u00fdch n\u00e1kladov (max. <strong>10\u20ac\/osoba<\/strong>) a v plnej v\u00fd\u0161ke hrad\u00ed \u0161tartovn\u00e9. <strong style=\"font-style: inherit;\">Klub prispieva iba na preteky kateg\u00f3rie A.<\/strong><\/p>\n<p><strong style=\"font-style: inherit;\">Podmienkou na pridelenie pr\u00edspevku je zverejnenie spr\u00e1vy s\u00a0kvalitnou fotodokument\u00e1ciou na webe klubu.<\/strong><\/p>\n","protected":false},"excerpt":{"rendered":"<p>V\u0161etky pr\u00edspevky \u010dlenom na individu\u00e1lne akcie s\u00fa z\u00e1visl\u00e9 na sume, ktor\u00e1 je na tento \u00fa\u010del vy\u010dlenen\u00e1 v rozpo\u010dte klubu Individu\u00e1lne v\u00fdjazdy &#8211; skalky Ka\u017ed\u00fd \u010dlen m\u00f4\u017ee z\u00edska\u0165 pr\u00edspevky na individu\u00e1lne v\u00fdjazdy na skalky do v\u00fd\u0161ky 30\u20ac\/rok. V\u00fd\u0161ka pr\u00edspevku je z\u00e1visl\u00e1 od \u0161portov\u00fdch v\u00fdkonov a\u00a0kvality dokument\u00e1cie. Znamen\u00e1 to, \u017ee aj za slab\u0161ie v\u00fdkony m\u00f4\u017ee by\u0165 vy\u0161\u0161\u00ed &hellip; <a href=\"https:\/\/hkmanin.sk\/wp\/?page_id=4029\" class=\"more-link\">Pokra\u010dova\u0165 na <span class=\"screen-reader-text\">Pr\u00edspevky<\/span> <span class=\"meta-nav\">&rarr;<\/span><\/a><\/p>\n","protected":false},"author":4,"featured_media":10143,"parent":2593,"menu_order":0,"comment_status":"closed","ping_status":"closed","template":"","meta":{"footnotes":""},"class_list":["post-4029","page","type-page","status-publish","has-post-thumbnail","hentry"],"_links":{"self":[{"href":"https:\/\/hkmanin.sk\/wp\/index.php?rest_route=\/wp\/v2\/pages\/4029","targetHints":{"allow":["GET"]}}],"collection":[{"href":"https:\/\/hkmanin.sk\/wp\/index.php?rest_route=\/wp\/v2\/pages"}],"about":[{"href":"https:\/\/hkmanin.sk\/wp\/index.php?rest_route=\/wp\/v2\/types\/page"}],"author":[{"embeddable":true,"href":"https:\/\/hkmanin.sk\/wp\/index.php?rest_route=\/wp\/v2\/users\/4"}],"replies":[{"embeddable":true,"href":"https:\/\/hkmanin.sk\/wp\/index.php?rest_route=%2Fwp%2Fv2%2Fcomments&post=4029"}],"version-history":[{"count":10,"href":"https:\/\/hkmanin.sk\/wp\/index.php?rest_route=\/wp\/v2\/pages\/4029\/revisions"}],"predecessor-version":[{"id":15227,"href":"https:\/\/hkmanin.sk\/wp\/index.php?rest_route=\/wp\/v2\/pages\/4029\/revisions\/15227"}],"up":[{"embeddable":true,"href":"https:\/\/hkmanin.sk\/wp\/index.php?rest_route=\/wp\/v2\/pages\/2593"}],"wp:featuredmedia":[{"embeddable":true,"href":"https:\/\/hkmanin.sk\/wp\/index.php?rest_route=\/wp\/v2\/media\/10143"}],"wp:attachment":[{"href":"https:\/\/hkmanin.sk\/wp\/index.php?rest_route=%2Fwp%2Fv2%2Fmedia&parent=4029"}],"curies":[{"name":"wp","href":"https:\/\/api.w.org\/{rel}","templated":true}]}}