{"id":366,"date":"2014-04-22T16:23:34","date_gmt":"2014-04-22T14:23:34","guid":{"rendered":"http:\/\/hkmanin.sk\/wp\/?page_id=366"},"modified":"2014-04-22T16:23:34","modified_gmt":"2014-04-22T14:23:34","slug":"metodika","status":"publish","type":"page","link":"https:\/\/hkmanin.sk\/wp\/?page_id=366","title":{"rendered":"Metodika"},"content":{"rendered":"<p align=\"center\"><b>Pravidl\u00e1 bezpe\u010dnosti a\u00a0metodiky<\/b><\/p>\n<p>\u010clenovia do 15 rokov m\u00f4\u017eu samostatne liez\u0165 iba bouldrovke. Na stene len v\u00a0sprievode dospelej osoby s\u00a0absolvovan\u00fdm z\u00e1kladn\u00fdm kurzov.<\/p>\n<p>\u010clen nad 15 rokov sa mus\u00ed preuk\u00e1za\u0165 osved\u010den\u00edm o \u00faspe\u0161nom\u00a0absolvovan\u00ed\u00a0 z\u00e1kladn\u00e9ho kurzu v\u00a0<b>akreditovanej horo\u0161kole <\/b>alebo sa z\u00fa\u010dastni\u0165 presk\u00fa\u0161ania in\u0161truktorom klubu. V\u00a0pr\u00edpade z\u00e1ujmu dostato\u010dn\u00e9ho po\u010dtu \u010dlenov (min. 6)je mo\u017en\u00e9 zorganizova\u0165 z\u00e1kladn\u00fd kurz v\u00a0klube. Kurz je spoplatnen\u00fd.<\/p>\n<p><b>Obsah sk\u00fa\u0161ky<\/b><\/p>\n<ul>\n<li>naviazanie (aj spojenie sed\u00e1k, hru\u010f\u00e1k),<\/li>\n<li>uk\u00e1\u017eka spr\u00e1vneho istenia (postoj, brzdn\u00e1 ruka, koniec lana, povelov\u00e1 technika),<\/li>\n<li>cvakanie lana \u2013 prvolezec,<\/li>\n<li>vybudovanie istiaceho stanoviska v borh\u00e1koch (centr\u00e1lny aj nez\u00e1visl\u00fd),<\/li>\n<li>metodick\u00e9 zlanenie, previazanie,<\/li>\n<li>z\u00e1chrana v jednod\u013a\u017ekovej ceste,<\/li>\n<li>uzly: vodcovsky, protismern\u00fd vodcovsky, osmi\u010dkov\u00fd, dvojit\u00fd ryb\u00e1rsky, polovi\u010dn\u00fd lodn\u00fd, lodn\u00fd, prusikovaci uzol (sta\u010d\u00ed symetrick\u00fd), ambulantn\u00e1, viano\u010dku, kravsky(aret\u00e1cia istitka)<\/li>\n<li>vkl\u00ednence (typy a sp\u00f4soby pou\u017eitia), praktick\u00e1 uk\u00e1\u017eka pou\u017eitia<\/li>\n<\/ul>\n<p>\u010clen, ktor\u00fd nedolo\u017e\u00ed doklad o\u00a0\u00faspe\u0161nom absolvovan\u00ed kurzu v\u00a0<b>akreditovanej horo\u0161kole<\/b> resp. neuspeje v\u00a0presk\u00fa\u0161an\u00ed in\u0161truktorom klubu, str\u00e1ca mo\u017enos\u0165 by\u0165 \u010dlenom v\u00a0kalend\u00e1rnom roku nasleduj\u00facom po roku, v\u00a0ktorom vznikla povinnos\u0165 podrobi\u0165 sa sk\u00fa\u0161ke.<b><\/b><\/p>\n","protected":false},"excerpt":{"rendered":"<p>Pravidl\u00e1 bezpe\u010dnosti a\u00a0metodiky \u010clenovia do 15 rokov m\u00f4\u017eu samostatne liez\u0165 iba bouldrovke. Na stene len v\u00a0sprievode dospelej osoby s\u00a0absolvovan\u00fdm z\u00e1kladn\u00fdm kurzov. \u010clen nad 15 rokov sa mus\u00ed preuk\u00e1za\u0165 osved\u010den\u00edm o \u00faspe\u0161nom\u00a0absolvovan\u00ed\u00a0 z\u00e1kladn\u00e9ho kurzu v\u00a0akreditovanej horo\u0161kole alebo sa z\u00fa\u010dastni\u0165 presk\u00fa\u0161ania in\u0161truktorom klubu. V\u00a0pr\u00edpade z\u00e1ujmu dostato\u010dn\u00e9ho po\u010dtu \u010dlenov (min. 6)je mo\u017en\u00e9 zorganizova\u0165 z\u00e1kladn\u00fd kurz v\u00a0klube. Kurz je &hellip; <a href=\"https:\/\/hkmanin.sk\/wp\/?page_id=366\" class=\"more-link\">Pokra\u010dova\u0165 na <span class=\"screen-reader-text\">Metodika<\/span> <span class=\"meta-nav\">&rarr;<\/span><\/a><\/p>\n","protected":false},"author":1,"featured_media":0,"parent":0,"menu_order":2,"comment_status":"open","ping_status":"open","template":"","meta":{"footnotes":""},"class_list":["post-366","page","type-page","status-publish","hentry"],"_links":{"self":[{"href":"https:\/\/hkmanin.sk\/wp\/index.php?rest_route=\/wp\/v2\/pages\/366","targetHints":{"allow":["GET"]}}],"collection":[{"href":"https:\/\/hkmanin.sk\/wp\/index.php?rest_route=\/wp\/v2\/pages"}],"about":[{"href":"https:\/\/hkmanin.sk\/wp\/index.php?rest_route=\/wp\/v2\/types\/page"}],"author":[{"embeddable":true,"href":"https:\/\/hkmanin.sk\/wp\/index.php?rest_route=\/wp\/v2\/users\/1"}],"replies":[{"embeddable":true,"href":"https:\/\/hkmanin.sk\/wp\/index.php?rest_route=%2Fwp%2Fv2%2Fcomments&post=366"}],"version-history":[{"count":1,"href":"https:\/\/hkmanin.sk\/wp\/index.php?rest_route=\/wp\/v2\/pages\/366\/revisions"}],"predecessor-version":[{"id":367,"href":"https:\/\/hkmanin.sk\/wp\/index.php?rest_route=\/wp\/v2\/pages\/366\/revisions\/367"}],"wp:attachment":[{"href":"https:\/\/hkmanin.sk\/wp\/index.php?rest_route=%2Fwp%2Fv2%2Fmedia&parent=366"}],"curies":[{"name":"wp","href":"https:\/\/api.w.org\/{rel}","templated":true}]}}