{"id":358,"date":"2014-04-22T16:10:31","date_gmt":"2014-04-22T14:10:31","guid":{"rendered":"http:\/\/hkmanin.sk\/wp\/?page_id=358"},"modified":"2016-02-23T21:02:53","modified_gmt":"2016-02-23T19:02:53","slug":"clenske","status":"publish","type":"page","link":"https:\/\/hkmanin.sk\/wp\/?page_id=358","title":{"rendered":"\u010clensk\u00e9"},"content":{"rendered":"<p align=\"center\"><b>\u010clensk\u00fd poplatok od roku 2016<\/b><\/p>\n<p><strong>Z\u00e1kladn\u00e9 pre \u2013<u>\u00a055EUR<\/u><\/strong><\/p>\n<ul>\n<li>\u010dlenstvo v JAMESe (25EUR) + \u010dlenstvo v\u00a0klube (30EUR)<\/li>\n<li>vyu\u017e\u00edvanie klubov\u00fd priestorov<\/li>\n<li>permanentka (stena + bouldrovka + posilov\u0148a) na meno\u00a0<strong>11x<\/strong><\/li>\n<li>klubov\u00e9 akcie (napr. Tatry, JAMES, Dolomity\u2026)<\/li>\n<\/ul>\n<p><strong>Roz\u0161\u00edren\u00e9\u00a0\u2013\u00a0<u>105EUR<\/u><\/strong><\/p>\n<ul>\n<li>\u010dlenstvo v JAMESe (25EUR) + \u010dlenstvo v\u00a0klube (80EUR)<\/li>\n<li>vyu\u017e\u00edvanie klubov\u00fd priestorov<\/li>\n<li>permanentka (stena + bouldrovka + posilov\u0148a) na meno\u00a0<strong>33x<\/strong><\/li>\n<li>klubov\u00e9 akcie (napr. Tatry, JAMES, Dolomity\u2026)<\/li>\n<\/ul>\n<p><strong>Zv\u00fdhodnen\u00e9<\/strong>\u00a0<strong>\u2013\u00a0<u>55EUR \u2013 105EUR<\/u><\/strong>\u00a0\u2013 zv\u00fdhodnen\u00e9 \u010dlensk\u00e9 pre akt\u00edvnych \u010dlenov. Konkr\u00e9ta v\u00fd\u0161ka \u010dlensk\u00e9ho z\u00e1vis\u00ed od po\u010dtu odpracovan\u00fdch brig\u00e1dnick\u00fdch hod\u00edn.\u00a01 brig\u00e1dnick\u00e1 hodina odpoved\u00e1 hodnote 2,5 EURA.<\/p>\n<ul>\n<li>\u010dlenstvo v JAMESe (25EUR) + \u010dlenstvo v\u00a0klube<\/li>\n<li>vyu\u017e\u00edvanie klubov\u00fd priestorov<\/li>\n<li>permanentka (stena + bouldrovka + posilov\u0148a) na meno\u00a0<strong>33x<\/strong><\/li>\n<li>klubov\u00e9 akcie (napr. Tatry, JAMES, Dolomity\u2026)<\/li>\n<\/ul>\n<p><strong>Neobmedzen\u00e9\u00a0 \u2013 55\u20ac<\/strong>\u00a0\u2013 zv\u00fdhodnen\u00e9 \u010dlensk\u00e9 pre akt\u00edvnych \u010dlenov, ktor\u00ed sa vo v\u00fdraznej miere podie\u013eaj\u00fa na chode klubu. Podmienen\u00e9 odpracovan\u00edm \u00a025 brig\u00e1dnick\u00fdch hod\u00edn.<\/p>\n<ul>\n<li>\u010dlenstvo v JAMESe (25EUR) + \u010dlenstvo v\u00a0klube (30EUR)<\/li>\n<li>vyu\u017e\u00edvanie klubov\u00fd priestorov<\/li>\n<li><strong>neobmedzen\u00fd vstup<\/strong>(stena + bouldrovka + posilov\u0148a)<\/li>\n<li>klubov\u00e9 akcie (napr. Tatry, JAMES, Dolomity\u2026)<\/li>\n<\/ul>\n<p><strong>\u00a0Nov\u00fd \u010dlen<\/strong>\u00a0<strong>&#8211;\u00a0<u>125EUR<\/u><\/strong><\/p>\n<ul>\n<li>\u010dlenstvo v JAMESe (30EUR) + \u010dlenstvo v\u00a0klube (90EUR)<\/li>\n<\/ul>\n<ul>\n<li>vyu\u017e\u00edvanie klubov\u00fd priestorov<\/li>\n<li>permanentka (stena + bouldrovka + posilov\u0148a) na meno\u00a0<strong>33x<\/strong><\/li>\n<li>klubov\u00e9 akcie (napr. Tatry, JAMES, Dolomity\u2026)<\/li>\n<li><strong>nov\u00fd \u010dlen nem\u00e1 n\u00e1rok na dot\u00e1ciu na \u0161portov\u00fa pr\u00edpravu<\/strong><\/li>\n<\/ul>\n<p><strong>Die\u0165a od 6 do 15 rokov \u2013\u00a0<u>30EUR<\/u><\/strong><strong><u>\u00a0<\/u><\/strong>(nov\u00fd \u010dlen 55EUR)<\/p>\n<ul>\n<li>\u010dlenstvo v JAMESe (5EUR) + \u010dlenstvo v\u00a0klube (25EUR)<\/li>\n<li>vyu\u017e\u00edvanie klubov\u00fd priestorov (klubov\u0148a),<\/li>\n<li><strong>neobmedzen\u00fd vstup<\/strong>(stena + bouldrovka + posilov\u0148a),<\/li>\n<li>klubov\u00e9 akcie (napr. Tatry, JAMES, Dolomity\u2026)<\/li>\n<li><strong>vstup na stenu iba v\u00a0sprievode dospelej osoby.<\/strong><\/li>\n<\/ul>\n<p><strong>\u00a0Seniori (\u017eeny nad 55 rokov, mu\u017ei nad 60 rokov)\u00a0\u2013\u00a0<u>30EUR<\/u><\/strong><\/p>\n<ul>\n<li>\u010dlenstvo v JAMESe (5EUR) + \u010dlenstvo v\u00a0klube (25EUR)<\/li>\n<li>vyu\u017e\u00edvanie klubov\u00fd priestorov<\/li>\n<li>permanentka (stena + bouldrovka + posilov\u0148a) na meno\u00a0<strong>33x<\/strong><\/li>\n<li>klubov\u00e9 akcie (napr. Tatry, JAMES, Dolomity\u2026)<\/li>\n<\/ul>\n<p><strong>\u010cestn\u00fd \u010dlen\u00a0\u2013\u00a0<u>0EUR<\/u><\/strong><\/p>\n<ul>\n<li>\u010dlensk\u00e9 v JAMESe,<\/li>\n<li>vyu\u017e\u00edvanie klubov\u00fd priestorov<\/li>\n<li>permanentka (stena + bouldrovka + posilov\u0148a) na meno\u00a0<strong>33x<\/strong><\/li>\n<li>klubov\u00e9 akcie (napr. Tatry, JAMES, Dolomity\u2026)<\/li>\n<\/ul>\n<p><strong>Dopl\u0148uj\u00face inform\u00e1cie k\u00a0\u010dlenstvu:<\/strong><\/p>\n<ol>\n<li>\u010clenovia maj\u00fa vstup do haly pre svoje deti do 6 rokov zdarma.<\/li>\n<li>Pre ml\u00e1de\u017e (15 &#8211; 17 rokov) platia rovnak\u00e9 pravidl\u00e1 ako pre dospel\u00fdch, maj\u00fa v\u0161ak n\u00e1rok na 15\u20ac z\u013eavu z\u00a0\u010dlensk\u00e9ho poplatku.<\/li>\n<li>Ka\u017ed\u00fd vstup do priestorov steny pre sprev\u00e1dzaj\u00facu osobu (ne\u010dlena) \u00fa\u010dtovan\u00fd pod\u013ea aktu\u00e1lneho cenn\u00edka.<\/li>\n<li>Vstup do posil\u0148ovne je mo\u017en\u00fd iba pre \u010dlena klubu.<\/li>\n<li>Vstup z\u00a0permanentky, ktor\u00e1 je s\u00fa\u010das\u0165ou \u010dlenstva v\u00a0klube, bude od\u010d\u00edtan\u00fd iba pri akt\u00edvnom vyu\u017e\u00edvan\u00ed steny resp. posil\u0148ovne. \u010clen sa m\u00f4\u017ee v\u00a0priestoroch klubu pohybova\u0165 bez obmedzen\u00ed, nez\u00e1visle na v\u00fd\u0161ke \u010dlensk\u00e9ho poplatku.<\/li>\n<li>Nevyu\u017eit\u00e9 vstupy z\u00a0permanentky nie je mo\u017en\u00e9 prenies\u0165 do nasleduj\u00faceho roku.<\/li>\n<li>Permanentka k\u00a0\u010dlenstvu je na meno a\u00a0je neprenosn\u00e1.<\/li>\n<li>V\u00fdbor m\u00e1 mo\u017enos\u0165 zak\u00e1za\u0165 \u010dlenovi vstup do priestorov klubu. O\u00a0vyl\u00fa\u010den\u00ed z\u00a0klubu rozhoduje \u010dlensk\u00e1 z\u00e1klad\u0148a na valnej hromade.<\/li>\n<li>\u010clensk\u00fd poplatok na nasleduj\u00faci rok je potrebn\u00e9 uhradi\u0165 do 31. 12. predch\u00e1dzaj\u00faceho roku.<\/li>\n<\/ol>\n<ol>\n<li>Ak si \u010dlen neuhrad\u00ed \u010dlensk\u00fd poplatok na nasleduj\u00faci rok do 31. 12., nem\u00f4\u017ee po tomto d\u00e1tume bezplatne liez\u0165 na umelej stene ani\u00a0vyu\u017e\u00edva\u0165 posil\u0148ov\u0148u.<\/li>\n<li>Ak si \u010dlen neuhrad\u00ed \u010dlensk\u00fd poplatok ani do 15. 2., jeho \u010dlenstvo v\u00a0klube zanik\u00e1 a\u00a0v\u00a0pr\u00edpade z\u00e1ujmu o\u00a0vstup do klubu v bud\u00facnosti, bude pova\u017eovan\u00fd za nov\u00e9ho \u010dlena.<\/li>\n<\/ol>\n<p><strong>Vstup do klubov\u00fdch priestorov pre \u010dlenov<\/strong><\/p>\n<p>Klubov\u00e9 priestory s\u00fa k\u00a0dispoz\u00edci\u00ed v\u0161etk\u00fdm \u010dlenom po\u010das otv\u00e1rac\u00edch hod\u00edn. V\u00a0od\u00f4vodnen\u00fdch pr\u00edpadoch, o\u00a0ktor\u00fdch rozhoduje v\u00fdbor, m\u00f4\u017ee dosta\u0165 \u010dlen vlastn\u00fd k\u013eu\u010d a\u00a0vstupova\u0165 do haly aj mimo otv\u00e1racie hodiny. Mus\u00ed v\u0161ak re\u0161pektova\u0165 pravidl\u00e1:<\/p>\n<ul>\n<li>Pri vstupe zap\u00ed\u0161e seba aj v\u0161etk\u00fdch, ktor\u00ed ho sprev\u00e1dzaj\u00fa do evidencie.<\/li>\n<li>Do priestorov klubu nem\u00f4\u017ee vpusti\u0165 ne\u010dlena bez vedomia niektor\u00e9ho z\u00a0\u010dlenov v\u00fdboru.<\/li>\n<li>Ak \u010dlen resp. sprev\u00e1dzaj\u00faci \u010dlen nem\u00e1 neobmedzen\u00e9 \u010dlenstvo a\u00a0m\u00e1 v\u00a0\u00famysle vyu\u017e\u00edva\u0165 lezeck\u00fa stenu alebo posil\u0148ov\u0148u, nahl\u00e1si meno spr\u00e1vcovi prostredn\u00edctvom SMS spr\u00e1vy e\u0161te pred vstupom na stenu.<\/li>\n<\/ul>\n<p>Vstup do klubov\u00fdch priestorov je monitorovan\u00fd a\u00a0zaznamen\u00e1van\u00fd. Poru\u0161enie niektor\u00e9ho z\u00a0pravidiel bude ma\u0165 za n\u00e1sledok odobratie k\u013e\u00fa\u010dov.<\/p>\n","protected":false},"excerpt":{"rendered":"<p>\u010clensk\u00fd poplatok od roku 2016 Z\u00e1kladn\u00e9 pre \u2013\u00a055EUR \u010dlenstvo v JAMESe (25EUR) + \u010dlenstvo v\u00a0klube (30EUR) vyu\u017e\u00edvanie klubov\u00fd priestorov permanentka (stena + bouldrovka + posilov\u0148a) na meno\u00a011x klubov\u00e9 akcie (napr. Tatry, JAMES, Dolomity\u2026) Roz\u0161\u00edren\u00e9\u00a0\u2013\u00a0105EUR \u010dlenstvo v JAMESe (25EUR) + \u010dlenstvo v\u00a0klube (80EUR) vyu\u017e\u00edvanie klubov\u00fd priestorov permanentka (stena + bouldrovka + posilov\u0148a) na meno\u00a033x klubov\u00e9 akcie &hellip; <a href=\"https:\/\/hkmanin.sk\/wp\/?page_id=358\" class=\"more-link\">Pokra\u010dova\u0165 na <span class=\"screen-reader-text\">\u010clensk\u00e9<\/span> <span class=\"meta-nav\">&rarr;<\/span><\/a><\/p>\n","protected":false},"author":1,"featured_media":0,"parent":0,"menu_order":1,"comment_status":"open","ping_status":"closed","template":"","meta":{"footnotes":""},"class_list":["post-358","page","type-page","status-publish","hentry"],"_links":{"self":[{"href":"https:\/\/hkmanin.sk\/wp\/index.php?rest_route=\/wp\/v2\/pages\/358","targetHints":{"allow":["GET"]}}],"collection":[{"href":"https:\/\/hkmanin.sk\/wp\/index.php?rest_route=\/wp\/v2\/pages"}],"about":[{"href":"https:\/\/hkmanin.sk\/wp\/index.php?rest_route=\/wp\/v2\/types\/page"}],"author":[{"embeddable":true,"href":"https:\/\/hkmanin.sk\/wp\/index.php?rest_route=\/wp\/v2\/users\/1"}],"replies":[{"embeddable":true,"href":"https:\/\/hkmanin.sk\/wp\/index.php?rest_route=%2Fwp%2Fv2%2Fcomments&post=358"}],"version-history":[{"count":6,"href":"https:\/\/hkmanin.sk\/wp\/index.php?rest_route=\/wp\/v2\/pages\/358\/revisions"}],"predecessor-version":[{"id":1604,"href":"https:\/\/hkmanin.sk\/wp\/index.php?rest_route=\/wp\/v2\/pages\/358\/revisions\/1604"}],"wp:attachment":[{"href":"https:\/\/hkmanin.sk\/wp\/index.php?rest_route=%2Fwp%2Fv2%2Fmedia&parent=358"}],"curies":[{"name":"wp","href":"https:\/\/api.w.org\/{rel}","templated":true}]}}