{"id":2997,"date":"2016-05-12T16:26:27","date_gmt":"2016-05-12T14:26:27","guid":{"rendered":"http:\/\/hkmanin.sk\/wp\/?page_id=2997"},"modified":"2025-09-28T22:22:49","modified_gmt":"2025-09-28T20:22:49","slug":"otvaracie-hodiny","status":"publish","type":"page","link":"https:\/\/hkmanin.sk\/wp\/?page_id=2997","title":{"rendered":"Otv\u00e1racie hodiny"},"content":{"rendered":"\n<p>Aktu\u00e1lne otv\u00e1racie hodiny n\u00e1jdete na tomto <a href=\"https:\/\/hkmanin.sk\/wp\/?p=15685\">odkaze<\/a><\/p>\n","protected":false},"excerpt":{"rendered":"<p>Aktu\u00e1lne otv\u00e1racie hodiny n\u00e1jdete na tomto odkaze<\/p>\n","protected":false},"author":1,"featured_media":11397,"parent":16,"menu_order":0,"comment_status":"closed","ping_status":"closed","template":"","meta":{"footnotes":""},"class_list":["post-2997","page","type-page","status-publish","has-post-thumbnail","hentry"],"_links":{"self":[{"href":"https:\/\/hkmanin.sk\/wp\/index.php?rest_route=\/wp\/v2\/pages\/2997","targetHints":{"allow":["GET"]}}],"collection":[{"href":"https:\/\/hkmanin.sk\/wp\/index.php?rest_route=\/wp\/v2\/pages"}],"about":[{"href":"https:\/\/hkmanin.sk\/wp\/index.php?rest_route=\/wp\/v2\/types\/page"}],"author":[{"embeddable":true,"href":"https:\/\/hkmanin.sk\/wp\/index.php?rest_route=\/wp\/v2\/users\/1"}],"replies":[{"embeddable":true,"href":"https:\/\/hkmanin.sk\/wp\/index.php?rest_route=%2Fwp%2Fv2%2Fcomments&post=2997"}],"version-history":[{"count":66,"href":"https:\/\/hkmanin.sk\/wp\/index.php?rest_route=\/wp\/v2\/pages\/2997\/revisions"}],"predecessor-version":[{"id":18859,"href":"https:\/\/hkmanin.sk\/wp\/index.php?rest_route=\/wp\/v2\/pages\/2997\/revisions\/18859"}],"up":[{"embeddable":true,"href":"https:\/\/hkmanin.sk\/wp\/index.php?rest_route=\/wp\/v2\/pages\/16"}],"wp:featuredmedia":[{"embeddable":true,"href":"https:\/\/hkmanin.sk\/wp\/index.php?rest_route=\/wp\/v2\/media\/11397"}],"wp:attachment":[{"href":"https:\/\/hkmanin.sk\/wp\/index.php?rest_route=%2Fwp%2Fv2%2Fmedia&parent=2997"}],"curies":[{"name":"wp","href":"https:\/\/api.w.org\/{rel}","templated":true}]}}