{"id":2986,"date":"2016-05-12T16:02:18","date_gmt":"2016-05-12T14:02:18","guid":{"rendered":"http:\/\/hkmanin.sk\/wp\/?page_id=2986"},"modified":"2021-01-10T23:10:07","modified_gmt":"2021-01-10T21:10:07","slug":"brigady","status":"publish","type":"page","link":"https:\/\/hkmanin.sk\/wp\/?page_id=2986","title":{"rendered":"Brig\u00e1dy"},"content":{"rendered":"<p style=\"text-align: justify;\">Po\u010das roka je nieko\u013eko akcii kde je mo\u017en\u00e9 odpracova\u0165 brig\u00e1dnick\u00e9 hodiny. Ve\u013ek\u00e9 akcie ako zhadzovanie a \u010distenie chytov, stavanie ciest, zraz,\u2026 s\u00fa ozn\u00e1men\u00e9 na str\u00e1nke klubu. Okrem nich je cez rok nieko\u013eko men\u0161\u00edch pr\u00e1c, ktor\u00e9 nie s\u00fa verejne oznamovan\u00e9. Ak m\u00e1 niekto z\u00e1ujem o tieto brig\u00e1dy, tak sa prihl\u00e1ste u spr\u00e1vcu a nechajte na seba kontakt.<\/p>\n<p>Brig\u00e1dnick\u00e9 hodiny je pou\u017ei\u0165 troma sp\u00f4sobmi:<\/p>\n<ol>\n<li>po\u017eiada\u0165 u spr\u00e1vcu o preplatenie hod\u00edn<\/li>\n<li>pou\u017ei\u0165na z\u00edskanie neobmedzen\u00e9ho \u010dlenstva (potrebn\u00fdch 25h)<\/li>\n<li>prenes\u0165 do \u010fal\u0161ieho roka<\/li>\n<\/ol>\n","protected":false},"excerpt":{"rendered":"<p>Po\u010das roka je nieko\u013eko akcii kde je mo\u017en\u00e9 odpracova\u0165 brig\u00e1dnick\u00e9 hodiny. Ve\u013ek\u00e9 akcie ako zhadzovanie a \u010distenie chytov, stavanie ciest, zraz,\u2026 s\u00fa ozn\u00e1men\u00e9 na str\u00e1nke klubu. Okrem nich je cez rok nieko\u013eko men\u0161\u00edch pr\u00e1c, ktor\u00e9 nie s\u00fa verejne oznamovan\u00e9. Ak m\u00e1 niekto z\u00e1ujem o tieto brig\u00e1dy, tak sa prihl\u00e1ste u spr\u00e1vcu a nechajte na seba &hellip; <a href=\"https:\/\/hkmanin.sk\/wp\/?page_id=2986\" class=\"more-link\">Pokra\u010dova\u0165 na <span class=\"screen-reader-text\">Brig\u00e1dy<\/span> <span class=\"meta-nav\">&rarr;<\/span><\/a><\/p>\n","protected":false},"author":4,"featured_media":0,"parent":2593,"menu_order":3,"comment_status":"closed","ping_status":"closed","template":"","meta":{"footnotes":""},"class_list":["post-2986","page","type-page","status-publish","hentry"],"_links":{"self":[{"href":"https:\/\/hkmanin.sk\/wp\/index.php?rest_route=\/wp\/v2\/pages\/2986","targetHints":{"allow":["GET"]}}],"collection":[{"href":"https:\/\/hkmanin.sk\/wp\/index.php?rest_route=\/wp\/v2\/pages"}],"about":[{"href":"https:\/\/hkmanin.sk\/wp\/index.php?rest_route=\/wp\/v2\/types\/page"}],"author":[{"embeddable":true,"href":"https:\/\/hkmanin.sk\/wp\/index.php?rest_route=\/wp\/v2\/users\/4"}],"replies":[{"embeddable":true,"href":"https:\/\/hkmanin.sk\/wp\/index.php?rest_route=%2Fwp%2Fv2%2Fcomments&post=2986"}],"version-history":[{"count":11,"href":"https:\/\/hkmanin.sk\/wp\/index.php?rest_route=\/wp\/v2\/pages\/2986\/revisions"}],"predecessor-version":[{"id":8658,"href":"https:\/\/hkmanin.sk\/wp\/index.php?rest_route=\/wp\/v2\/pages\/2986\/revisions\/8658"}],"up":[{"embeddable":true,"href":"https:\/\/hkmanin.sk\/wp\/index.php?rest_route=\/wp\/v2\/pages\/2593"}],"wp:attachment":[{"href":"https:\/\/hkmanin.sk\/wp\/index.php?rest_route=%2Fwp%2Fv2%2Fmedia&parent=2986"}],"curies":[{"name":"wp","href":"https:\/\/api.w.org\/{rel}","templated":true}]}}