{"id":2618,"date":"2016-02-24T11:37:19","date_gmt":"2016-02-24T09:37:19","guid":{"rendered":"http:\/\/hkmanin.sk\/wp\/?page_id=2618"},"modified":"2023-01-15T00:07:59","modified_gmt":"2023-01-14T22:07:59","slug":"kurzy-2","status":"publish","type":"page","link":"https:\/\/hkmanin.sk\/wp\/?page_id=2618","title":{"rendered":"Kurzy"},"content":{"rendered":"<p>Aktu\u00e1lnu ponuku kurzov n\u00e1jdete v na\u0161om <a href=\"https:\/\/eshop.hkmanin.sk\/\">e-shope<\/a><\/p>\n","protected":false},"excerpt":{"rendered":"<p>Aktu\u00e1lnu ponuku kurzov n\u00e1jdete v na\u0161om e-shope<\/p>\n","protected":false},"author":1,"featured_media":11408,"parent":16,"menu_order":3,"comment_status":"closed","ping_status":"closed","template":"","meta":{"footnotes":""},"class_list":["post-2618","page","type-page","status-publish","has-post-thumbnail","hentry"],"_links":{"self":[{"href":"https:\/\/hkmanin.sk\/wp\/index.php?rest_route=\/wp\/v2\/pages\/2618","targetHints":{"allow":["GET"]}}],"collection":[{"href":"https:\/\/hkmanin.sk\/wp\/index.php?rest_route=\/wp\/v2\/pages"}],"about":[{"href":"https:\/\/hkmanin.sk\/wp\/index.php?rest_route=\/wp\/v2\/types\/page"}],"author":[{"embeddable":true,"href":"https:\/\/hkmanin.sk\/wp\/index.php?rest_route=\/wp\/v2\/users\/1"}],"replies":[{"embeddable":true,"href":"https:\/\/hkmanin.sk\/wp\/index.php?rest_route=%2Fwp%2Fv2%2Fcomments&post=2618"}],"version-history":[{"count":22,"href":"https:\/\/hkmanin.sk\/wp\/index.php?rest_route=\/wp\/v2\/pages\/2618\/revisions"}],"predecessor-version":[{"id":15342,"href":"https:\/\/hkmanin.sk\/wp\/index.php?rest_route=\/wp\/v2\/pages\/2618\/revisions\/15342"}],"up":[{"embeddable":true,"href":"https:\/\/hkmanin.sk\/wp\/index.php?rest_route=\/wp\/v2\/pages\/16"}],"wp:featuredmedia":[{"embeddable":true,"href":"https:\/\/hkmanin.sk\/wp\/index.php?rest_route=\/wp\/v2\/media\/11408"}],"wp:attachment":[{"href":"https:\/\/hkmanin.sk\/wp\/index.php?rest_route=%2Fwp%2Fv2%2Fmedia&parent=2618"}],"curies":[{"name":"wp","href":"https:\/\/api.w.org\/{rel}","templated":true}]}}