{"id":2612,"date":"2016-02-23T21:16:33","date_gmt":"2016-02-23T19:16:33","guid":{"rendered":"http:\/\/hkmanin.sk\/wp\/?page_id=2612"},"modified":"2021-01-10T23:10:08","modified_gmt":"2021-01-10T21:10:08","slug":"historia","status":"publish","type":"page","link":"https:\/\/hkmanin.sk\/wp\/?page_id=2612","title":{"rendered":"Hist\u00f3ria"},"content":{"rendered":"<p><a href=\"http:\/\/hkmanin.sk\/wp\/?page_id=2812\">\u00davod<\/a><\/p>\n<p><a href=\"http:\/\/hkmanin.sk\/wp\/?page_id=2818\">40-te roky<\/a><\/p>\n<p><a href=\"http:\/\/hkmanin.sk\/wp\/?page_id=2833\">50-te roky<\/a><\/p>\n<p><a href=\"http:\/\/hkmanin.sk\/wp\/?page_id=2823\">60-te roky<\/a><\/p>\n<p>Autor: Michal Jurd\u00edk<\/p>\n<p>Viac \u010dl\u00e1nkov z hist\u00f3rie n\u00e1\u0161ho klubu n\u00e1jdete <a href=\"https:\/\/hkmanin.sk\/wp\/?cat=22\">na tomto odkaze<\/a><\/p>\n","protected":false},"excerpt":{"rendered":"<p>\u00davod 40-te roky 50-te roky 60-te roky Autor: Michal Jurd\u00edk Viac \u010dl\u00e1nkov z hist\u00f3rie n\u00e1\u0161ho klubu n\u00e1jdete na tomto odkaze<\/p>\n","protected":false},"author":7,"featured_media":2817,"parent":6347,"menu_order":0,"comment_status":"closed","ping_status":"closed","template":"","meta":{"footnotes":""},"class_list":["post-2612","page","type-page","status-publish","has-post-thumbnail","hentry"],"_links":{"self":[{"href":"https:\/\/hkmanin.sk\/wp\/index.php?rest_route=\/wp\/v2\/pages\/2612","targetHints":{"allow":["GET"]}}],"collection":[{"href":"https:\/\/hkmanin.sk\/wp\/index.php?rest_route=\/wp\/v2\/pages"}],"about":[{"href":"https:\/\/hkmanin.sk\/wp\/index.php?rest_route=\/wp\/v2\/types\/page"}],"author":[{"embeddable":true,"href":"https:\/\/hkmanin.sk\/wp\/index.php?rest_route=\/wp\/v2\/users\/7"}],"replies":[{"embeddable":true,"href":"https:\/\/hkmanin.sk\/wp\/index.php?rest_route=%2Fwp%2Fv2%2Fcomments&post=2612"}],"version-history":[{"count":6,"href":"https:\/\/hkmanin.sk\/wp\/index.php?rest_route=\/wp\/v2\/pages\/2612\/revisions"}],"predecessor-version":[{"id":12175,"href":"https:\/\/hkmanin.sk\/wp\/index.php?rest_route=\/wp\/v2\/pages\/2612\/revisions\/12175"}],"up":[{"embeddable":true,"href":"https:\/\/hkmanin.sk\/wp\/index.php?rest_route=\/wp\/v2\/pages\/6347"}],"wp:featuredmedia":[{"embeddable":true,"href":"https:\/\/hkmanin.sk\/wp\/index.php?rest_route=\/wp\/v2\/media\/2817"}],"wp:attachment":[{"href":"https:\/\/hkmanin.sk\/wp\/index.php?rest_route=%2Fwp%2Fv2%2Fmedia&parent=2612"}],"curies":[{"name":"wp","href":"https:\/\/api.w.org\/{rel}","templated":true}]}}