{"id":2607,"date":"2016-02-23T21:12:36","date_gmt":"2016-02-23T19:12:36","guid":{"rendered":"http:\/\/hkmanin.sk\/wp\/?page_id=2607"},"modified":"2021-08-22T20:40:59","modified_gmt":"2021-08-22T18:40:59","slug":"deti","status":"publish","type":"page","link":"https:\/\/hkmanin.sk\/wp\/?page_id=2607","title":{"rendered":"Deti"},"content":{"rendered":"<p style=\"text-align: justify;\">Lezenie v poslednej dobe zaznamenalo ve\u013ek\u00fd \u201eBoom\u201c a to hlavne pre svoju atraktivitu. Spolu s behan\u00edm, sk\u00e1kan\u00edm patria do z\u00e1kladn\u00e9ho pohybov\u00e9ho fondu \u010dloveka. Sna\u017e\u00edme na lezeck\u00fdch kr\u00fa\u017ekoch rozv\u00edja\u0165 nielen fyzick\u00e9 ale aj ment\u00e1lne zdatnosti det\u00ed a ka\u017ed\u00fd rok ich inovujeme o nov\u00e9 poznatky.<\/p>\n<p>Viac info:\u00a0<a href=\"https:\/\/www.facebook.com\/LeziemZleziem-902579769874913\/?fref=ts\">LeziemZleziem<\/a><\/p>\n","protected":false},"excerpt":{"rendered":"<p>Lezenie v poslednej dobe zaznamenalo ve\u013ek\u00fd \u201eBoom\u201c a to hlavne pre svoju atraktivitu. Spolu s behan\u00edm, sk\u00e1kan\u00edm patria do z\u00e1kladn\u00e9ho pohybov\u00e9ho fondu \u010dloveka. Sna\u017e\u00edme na lezeck\u00fdch kr\u00fa\u017ekoch rozv\u00edja\u0165 nielen fyzick\u00e9 ale aj ment\u00e1lne zdatnosti det\u00ed a ka\u017ed\u00fd rok ich inovujeme o nov\u00e9 poznatky. Viac info:\u00a0LeziemZleziem<\/p>\n","protected":false},"author":7,"featured_media":0,"parent":0,"menu_order":0,"comment_status":"closed","ping_status":"closed","template":"","meta":{"footnotes":""},"class_list":["post-2607","page","type-page","status-publish","hentry"],"_links":{"self":[{"href":"https:\/\/hkmanin.sk\/wp\/index.php?rest_route=\/wp\/v2\/pages\/2607","targetHints":{"allow":["GET"]}}],"collection":[{"href":"https:\/\/hkmanin.sk\/wp\/index.php?rest_route=\/wp\/v2\/pages"}],"about":[{"href":"https:\/\/hkmanin.sk\/wp\/index.php?rest_route=\/wp\/v2\/types\/page"}],"author":[{"embeddable":true,"href":"https:\/\/hkmanin.sk\/wp\/index.php?rest_route=\/wp\/v2\/users\/7"}],"replies":[{"embeddable":true,"href":"https:\/\/hkmanin.sk\/wp\/index.php?rest_route=%2Fwp%2Fv2%2Fcomments&post=2607"}],"version-history":[{"count":12,"href":"https:\/\/hkmanin.sk\/wp\/index.php?rest_route=\/wp\/v2\/pages\/2607\/revisions"}],"predecessor-version":[{"id":13366,"href":"https:\/\/hkmanin.sk\/wp\/index.php?rest_route=\/wp\/v2\/pages\/2607\/revisions\/13366"}],"wp:attachment":[{"href":"https:\/\/hkmanin.sk\/wp\/index.php?rest_route=%2Fwp%2Fv2%2Fmedia&parent=2607"}],"curies":[{"name":"wp","href":"https:\/\/api.w.org\/{rel}","templated":true}]}}