{"id":2604,"date":"2016-02-23T21:11:41","date_gmt":"2016-02-23T19:11:41","guid":{"rendered":"http:\/\/hkmanin.sk\/wp\/?page_id=2604"},"modified":"2025-04-07T11:21:11","modified_gmt":"2025-04-07T09:21:11","slug":"metodika-2","status":"publish","type":"page","link":"https:\/\/hkmanin.sk\/wp\/?page_id=2604","title":{"rendered":"Metodika"},"content":{"rendered":"<header class=\"entry-header\">\n<h1 class=\"entry-title\" style=\"text-align: center;\"><b>Pravidl\u00e1 bezpe\u010dnosti a\u00a0metodiky<\/b><\/h1>\n<\/header>\n<div class=\"entry-content\">\n<p>\u010clenovia do 15 rokov m\u00f4\u017eu samostatne liez\u0165 iba bouldrovke. Na stene len v\u00a0sprievode dospelej osoby s\u00a0absolvovan\u00fdm z\u00e1kladn\u00fdm kurzov.<\/p>\n<p>\u010clen nad 15 rokov sa mus\u00ed preuk\u00e1za\u0165 osved\u010den\u00edm o \u00faspe\u0161nom absolvovan\u00ed\u00a0 z\u00e1kladn\u00e9ho kurzu skaln\u00e9ho lezenia v <b>akreditovanej horo\u0161kole, <\/b>klubov\u00fdch metodick\u00fdch dn\u00ed alebo sa z\u00fa\u010dastni\u0165 presk\u00fa\u0161ania in\u0161truktorom klubu.<\/p>\n<p><b>Obsah sk\u00fa\u0161ky<\/b><\/p>\n<ul>\n<li>Uzly: vodcovsk\u00fd, protismern\u00fd vodcovsk\u00fd, osmi\u010dkov\u00fd, dvojit\u00fd ryb\u00e1rsky, polovi\u010dn\u00fd lodn\u00fd, lodn\u00fd, prus\u00edkovac\u00ed (symetrick\u00fd), kravsk\u00fd (aret\u00e1cia ist\u00edtka)<\/li>\n<li>Naviazanie na lano: spojenie sed\u00e1ka a hru\u010f\u00e1ka<\/li>\n<li>Spr\u00e1vne istenie: postoj, brzdn\u00e1 ruka, koniec lana, povelov\u00e1 technika<\/li>\n<li>Cvakanie a spr\u00e1vne vedenie lana (prvolezec)<\/li>\n<li>Vybudovanie istiaceho stanoviska v borh\u00e1koch, (nez\u00e1visl\u00e9 istiace stanovi\u0161te)<\/li>\n<li>Metodick\u00e9 zlanenie<\/li>\n<li>Bezpe\u010dn\u00e9 previazanie sa pri nedolezen\u00ed cesty<\/li>\n<\/ul>\n<p>\u010clen, ktor\u00fd nedolo\u017e\u00ed doklad o\u00a0\u00faspe\u0161nom absolvovan\u00ed kurzu v\u00a0<b>akreditovanej horo\u0161kole<\/b> resp. neuspeje v\u00a0presk\u00fa\u0161an\u00ed in\u0161truktorom klubu, str\u00e1ca mo\u017enos\u0165 by\u0165 \u010dlenom v\u00a0kalend\u00e1rnom roku nasleduj\u00facom po roku, v\u00a0ktorom vznikla povinnos\u0165 podrobi\u0165 sa sk\u00fa\u0161ke.<\/p>\n<\/div>\n","protected":false},"excerpt":{"rendered":"<p>Pravidl\u00e1 bezpe\u010dnosti a\u00a0metodiky \u010clenovia do 15 rokov m\u00f4\u017eu samostatne liez\u0165 iba bouldrovke. Na stene len v\u00a0sprievode dospelej osoby s\u00a0absolvovan\u00fdm z\u00e1kladn\u00fdm kurzov. \u010clen nad 15 rokov sa mus\u00ed preuk\u00e1za\u0165 osved\u010den\u00edm o \u00faspe\u0161nom absolvovan\u00ed\u00a0 z\u00e1kladn\u00e9ho kurzu skaln\u00e9ho lezenia v akreditovanej horo\u0161kole, klubov\u00fdch metodick\u00fdch dn\u00ed alebo sa z\u00fa\u010dastni\u0165 presk\u00fa\u0161ania in\u0161truktorom klubu. Obsah sk\u00fa\u0161ky Uzly: vodcovsk\u00fd, protismern\u00fd vodcovsk\u00fd, osmi\u010dkov\u00fd, &hellip; <a href=\"https:\/\/hkmanin.sk\/wp\/?page_id=2604\" class=\"more-link\">Pokra\u010dova\u0165 na <span class=\"screen-reader-text\">Metodika<\/span> <span class=\"meta-nav\">&rarr;<\/span><\/a><\/p>\n","protected":false},"author":7,"featured_media":10065,"parent":0,"menu_order":0,"comment_status":"closed","ping_status":"closed","template":"","meta":{"footnotes":""},"class_list":["post-2604","page","type-page","status-publish","has-post-thumbnail","hentry"],"_links":{"self":[{"href":"https:\/\/hkmanin.sk\/wp\/index.php?rest_route=\/wp\/v2\/pages\/2604","targetHints":{"allow":["GET"]}}],"collection":[{"href":"https:\/\/hkmanin.sk\/wp\/index.php?rest_route=\/wp\/v2\/pages"}],"about":[{"href":"https:\/\/hkmanin.sk\/wp\/index.php?rest_route=\/wp\/v2\/types\/page"}],"author":[{"embeddable":true,"href":"https:\/\/hkmanin.sk\/wp\/index.php?rest_route=\/wp\/v2\/users\/7"}],"replies":[{"embeddable":true,"href":"https:\/\/hkmanin.sk\/wp\/index.php?rest_route=%2Fwp%2Fv2%2Fcomments&post=2604"}],"version-history":[{"count":4,"href":"https:\/\/hkmanin.sk\/wp\/index.php?rest_route=\/wp\/v2\/pages\/2604\/revisions"}],"predecessor-version":[{"id":18401,"href":"https:\/\/hkmanin.sk\/wp\/index.php?rest_route=\/wp\/v2\/pages\/2604\/revisions\/18401"}],"wp:featuredmedia":[{"embeddable":true,"href":"https:\/\/hkmanin.sk\/wp\/index.php?rest_route=\/wp\/v2\/media\/10065"}],"wp:attachment":[{"href":"https:\/\/hkmanin.sk\/wp\/index.php?rest_route=%2Fwp%2Fv2%2Fmedia&parent=2604"}],"curies":[{"name":"wp","href":"https:\/\/api.w.org\/{rel}","templated":true}]}}