{"id":2601,"date":"2016-02-23T21:10:46","date_gmt":"2016-02-23T19:10:46","guid":{"rendered":"http:\/\/hkmanin.sk\/wp\/?page_id=2601"},"modified":"2019-02-11T21:28:35","modified_gmt":"2019-02-11T19:28:35","slug":"podujatia","status":"publish","type":"page","link":"https:\/\/hkmanin.sk\/wp\/?page_id=2601","title":{"rendered":"Podujatia"},"content":{"rendered":"<p><a href=\"https:\/\/hkmanin.sk\/wp\/?page_id=10070\">2018\u00a0<\/a>\u00a0\u00a0<a href=\"http:\/\/hkmanin.sk\/wp\/?page_id=7280\">2017<\/a>\u00a0 \u00a0<a href=\"http:\/\/hkmanin.sk\/wp\/?page_id=4425\">2016<\/a><\/p>\n<p style=\"text-align: left;\"><strong>Janu\u00e1r<\/strong><\/p>\n<p><strong>Febru\u00e1r\u00a0<\/strong><\/p>\n<ul>\n<li><a href=\"https:\/\/hkmanin.sk\/wp\/?p=9915\">27. 2. &#8211; 3. 3. Zimn\u00e9 s\u00fastredenie Javorov\u00e1 dolina<\/a><\/li>\n<\/ul>\n<p><strong>Marec<\/strong><\/p>\n<ul>\n<li><a href=\"https:\/\/hkmanin.sk\/wp\/?p=9860\">2. 3. Kurz prvej pomoci<\/a><\/li>\n<li>16. 3. Men\u010fov memori\u00e1l<\/li>\n<\/ul>\n<p><strong>Apr\u00edl<\/strong><\/p>\n<ul>\n<li>5. 4. Valn\u00e1 hromada<\/li>\n<li>Metodick\u00e9 dni<\/li>\n<\/ul>\n<p><strong>M\u00e1j<\/strong><\/p>\n<ul>\n<li><a href=\"https:\/\/hkmanin.sk\/wp\/?p=9934\">8. -12. 5. Piesky P\u0159\u00edhraz\u00ed<\/a><\/li>\n<\/ul>\n<p><strong>J\u00fan<\/strong><\/p>\n<p><strong>J\u00fal<\/strong><\/p>\n<ul>\n<li>Letn\u00e9 s\u00fastredenie Vysok\u00e9 Tatry<\/li>\n<\/ul>\n<p><strong>August<\/strong><\/p>\n<ul>\n<li>Dolomity<\/li>\n<li>THT JAMES<\/li>\n<\/ul>\n<p><strong>September<\/strong><\/p>\n<ul>\n<li>Krvav\u00e9 sonety<\/li>\n<\/ul>\n<p><strong>Okt\u00f3ber<\/strong><\/p>\n<ul>\n<li>5. &#8211; 6. 10. Zraz<\/li>\n<\/ul>\n<p><strong>November<\/strong><\/p>\n<ul>\n<li>Osp<\/li>\n<\/ul>\n<p><strong>December<\/strong><\/p>\n<ul>\n<li>\u017div\u00e1nka<\/li>\n<li>\u0160tef\u00e1nske preteky<\/li>\n<\/ul>\n","protected":false},"excerpt":{"rendered":"<p>2018\u00a0\u00a0\u00a02017\u00a0 \u00a02016 Janu\u00e1r Febru\u00e1r\u00a0 27. 2. &#8211; 3. 3. Zimn\u00e9 s\u00fastredenie Javorov\u00e1 dolina Marec 2. 3. Kurz prvej pomoci 16. 3. Men\u010fov memori\u00e1l Apr\u00edl 5. 4. Valn\u00e1 hromada Metodick\u00e9 dni M\u00e1j 8. -12. 5. Piesky P\u0159\u00edhraz\u00ed J\u00fan J\u00fal Letn\u00e9 s\u00fastredenie Vysok\u00e9 Tatry August Dolomity THT JAMES September Krvav\u00e9 sonety Okt\u00f3ber 5. &#8211; 6. 10. Zraz &hellip; <a href=\"https:\/\/hkmanin.sk\/wp\/?page_id=2601\" class=\"more-link\">Pokra\u010dova\u0165 na <span class=\"screen-reader-text\">Podujatia<\/span> <span class=\"meta-nav\">&rarr;<\/span><\/a><\/p>\n","protected":false},"author":7,"featured_media":10075,"parent":0,"menu_order":0,"comment_status":"closed","ping_status":"closed","template":"","meta":{"footnotes":""},"class_list":["post-2601","page","type-page","status-publish","has-post-thumbnail","hentry"],"_links":{"self":[{"href":"https:\/\/hkmanin.sk\/wp\/index.php?rest_route=\/wp\/v2\/pages\/2601","targetHints":{"allow":["GET"]}}],"collection":[{"href":"https:\/\/hkmanin.sk\/wp\/index.php?rest_route=\/wp\/v2\/pages"}],"about":[{"href":"https:\/\/hkmanin.sk\/wp\/index.php?rest_route=\/wp\/v2\/types\/page"}],"author":[{"embeddable":true,"href":"https:\/\/hkmanin.sk\/wp\/index.php?rest_route=\/wp\/v2\/users\/7"}],"replies":[{"embeddable":true,"href":"https:\/\/hkmanin.sk\/wp\/index.php?rest_route=%2Fwp%2Fv2%2Fcomments&post=2601"}],"version-history":[{"count":42,"href":"https:\/\/hkmanin.sk\/wp\/index.php?rest_route=\/wp\/v2\/pages\/2601\/revisions"}],"predecessor-version":[{"id":10088,"href":"https:\/\/hkmanin.sk\/wp\/index.php?rest_route=\/wp\/v2\/pages\/2601\/revisions\/10088"}],"wp:featuredmedia":[{"embeddable":true,"href":"https:\/\/hkmanin.sk\/wp\/index.php?rest_route=\/wp\/v2\/media\/10075"}],"wp:attachment":[{"href":"https:\/\/hkmanin.sk\/wp\/index.php?rest_route=%2Fwp%2Fv2%2Fmedia&parent=2601"}],"curies":[{"name":"wp","href":"https:\/\/api.w.org\/{rel}","templated":true}]}}