{"id":2593,"date":"2016-02-23T21:04:58","date_gmt":"2016-02-23T19:04:58","guid":{"rendered":"http:\/\/hkmanin.sk\/wp\/?page_id=2593"},"modified":"2024-07-14T17:00:46","modified_gmt":"2024-07-14T15:00:46","slug":"test","status":"publish","type":"page","link":"https:\/\/hkmanin.sk\/wp\/?page_id=2593","title":{"rendered":"\u010clenstvo"},"content":{"rendered":"<p align=\"center\"><strong>Ako sa sta\u0165 \u010dlenom klubu HK Man\u00edn<\/strong><\/p>\n<p style=\"text-align: justify;\">\u010clenom klubu sa m\u00f4\u017ee sta\u0165 ka\u017ed\u00fd, kto prejav\u00ed o \u010dlenstvo z\u00e1ujem. U os\u00f4b mlad\u0161\u00edch ako 18 rokov je potrebn\u00fd s\u00fahlas z\u00e1konn\u00e9ho z\u00e1stupcu.\u00a0Od nov\u00fdch \u010dlenov je vy\u017eadovan\u00e9 absolvovanie z\u00e1kladn\u00e9ho metodick\u00e9ho kurzu (viac info v sekcii <a href=\"http:\/\/hkmanin.sk\/wp\/?page_id=2604\">Metodika<\/a>). Vyp\u00edsa\u0165 prihl\u00e1\u0161ku a zaplati\u0165 \u010dlensk\u00e9 m\u00f4\u017eete cez n\u00e1\u0161 <a href=\"https:\/\/eshop.hkmanin.sk\/kategoria-produktu\/clenstvo\/\">eshop<\/a>.<\/p>\n","protected":false},"excerpt":{"rendered":"<p>Ako sa sta\u0165 \u010dlenom klubu HK Man\u00edn \u010clenom klubu sa m\u00f4\u017ee sta\u0165 ka\u017ed\u00fd, kto prejav\u00ed o \u010dlenstvo z\u00e1ujem. U os\u00f4b mlad\u0161\u00edch ako 18 rokov je potrebn\u00fd s\u00fahlas z\u00e1konn\u00e9ho z\u00e1stupcu.\u00a0Od nov\u00fdch \u010dlenov je vy\u017eadovan\u00e9 absolvovanie z\u00e1kladn\u00e9ho metodick\u00e9ho kurzu (viac info v sekcii Metodika). Vyp\u00edsa\u0165 prihl\u00e1\u0161ku a zaplati\u0165 \u010dlensk\u00e9 m\u00f4\u017eete cez n\u00e1\u0161 eshop.<\/p>\n","protected":false},"author":7,"featured_media":9776,"parent":0,"menu_order":0,"comment_status":"closed","ping_status":"closed","template":"","meta":{"footnotes":""},"class_list":["post-2593","page","type-page","status-publish","has-post-thumbnail","hentry"],"_links":{"self":[{"href":"https:\/\/hkmanin.sk\/wp\/index.php?rest_route=\/wp\/v2\/pages\/2593","targetHints":{"allow":["GET"]}}],"collection":[{"href":"https:\/\/hkmanin.sk\/wp\/index.php?rest_route=\/wp\/v2\/pages"}],"about":[{"href":"https:\/\/hkmanin.sk\/wp\/index.php?rest_route=\/wp\/v2\/types\/page"}],"author":[{"embeddable":true,"href":"https:\/\/hkmanin.sk\/wp\/index.php?rest_route=\/wp\/v2\/users\/7"}],"replies":[{"embeddable":true,"href":"https:\/\/hkmanin.sk\/wp\/index.php?rest_route=%2Fwp%2Fv2%2Fcomments&post=2593"}],"version-history":[{"count":9,"href":"https:\/\/hkmanin.sk\/wp\/index.php?rest_route=\/wp\/v2\/pages\/2593\/revisions"}],"predecessor-version":[{"id":17175,"href":"https:\/\/hkmanin.sk\/wp\/index.php?rest_route=\/wp\/v2\/pages\/2593\/revisions\/17175"}],"wp:featuredmedia":[{"embeddable":true,"href":"https:\/\/hkmanin.sk\/wp\/index.php?rest_route=\/wp\/v2\/media\/9776"}],"wp:attachment":[{"href":"https:\/\/hkmanin.sk\/wp\/index.php?rest_route=%2Fwp%2Fv2%2Fmedia&parent=2593"}],"curies":[{"name":"wp","href":"https:\/\/api.w.org\/{rel}","templated":true}]}}