{"id":2300,"date":"2015-11-27T13:32:51","date_gmt":"2015-11-27T11:32:51","guid":{"rendered":"http:\/\/hkmanin.sk\/wp\/?page_id=2300"},"modified":"2019-12-27T02:23:22","modified_gmt":"2019-12-27T00:23:22","slug":"poriadok","status":"publish","type":"page","link":"https:\/\/hkmanin.sk\/wp\/?page_id=2300","title":{"rendered":"Pravidl\u00e1"},"content":{"rendered":"<p><strong> Prev\u00e1dzkov\u00fd poriadok lezeckej steny HK Man\u00edn<\/strong><\/p>\n<p><strong><br \/>\n1. V\u0161eobecn\u00e9<\/strong><\/p>\n<p>Prev\u00e1dzkov\u00fd poriadok sl\u00fa\u017ei predov\u0161etk\u00fdm predch\u00e1dzaniu \u00farazom, dodr\u017eiavaniu hygieny a&nbsp;poriadku. Je vidite\u013ene umiestnen\u00fd pri vstupe do haly,&nbsp;ka\u017ed\u00fd n\u00e1v\u0161tevn\u00edk lezeck\u00e9ho steny je povinn\u00fd pozorne si ho pre\u010d\u00edta\u0165 pri svojej prvej n\u00e1v\u0161teve. Ka\u017ed\u00fd u\u017e\u00edvate\u013e lezeckej steny HK Man\u00edn berie prev\u00e1dzkov\u00fd poriadok na vedomie a&nbsp;je povinn\u00fd dodr\u017eiava\u0165 ho. Poru\u0161ovanie prev\u00e1dzkov\u00e9ho poriadku m\u00f4\u017ee vies\u0165 k&nbsp;vyk\u00e1zaniu n\u00e1v\u0161tevn\u00edka spr\u00e1vcom haly, pri\u010dom nevznik\u00e1 \u017eiaden n\u00e1rok na vr\u00e1tenie vstupn\u00e9ho. Pri opakovanom poru\u0161ovan\u00ed prev\u00e1dzkov\u00e9ho poriadku m\u00f4\u017ee dosta\u0165 poru\u0161ovate\u013e trval\u00fd z\u00e1kaz vstupu na lezeck\u00fa stenu. V&nbsp;takomto pr\u00edpade bud\u00fa majite\u013eom sez\u00f3nnych l\u00edstkov a&nbsp;vstupov\u00fdch permanentiek tieto odobran\u00e9 bez n\u00e1roku na vr\u00e1tenie zaplatenej sumy.<\/p>\n<p>Prev\u00e1dzkov\u00fd poriadok je z\u00e1v\u00e4zn\u00fd aj pre nelez\u00facich n\u00e1v\u0161tevn\u00edkov lezeckej haly (isti\u010di, deti, sprievod det\u00ed).<\/p>\n<p>Na lezeckej stene smie liez\u0165 iba ten, kto zaplatil vstupn\u00e9.<\/p>\n<ol start=\"2\">\n<li><strong> Bezpe\u010dnos\u0165<\/strong><\/li>\n<\/ol>\n<p><strong> 2.1 Bezpe\u010dnostn\u00e9 normy<\/strong><br \/>\nJe potrebn\u00e9 uvedomi\u0165 si, \u017ee \u00farazy pri lezen\u00ed na umel\u00fdch sten\u00e1ch sa st\u00e1vaj\u00fa predov\u0161etk\u00fdm z d\u00f4vodu nespr\u00e1vnej manipul\u00e1cie s&nbsp;lanom a&nbsp;nepozornosti. Pri nedostato\u010dnom ovl\u00e1dan\u00ed techniky lezenia a&nbsp;istenia alebo pri pou\u017e\u00edvan\u00ed nevhodnej v\u00fdstroje hroz\u00ed smrte\u013en\u00e9 zranenie.<\/p>\n<p>Inform\u00e1cie uveden\u00e9 v&nbsp;Prev\u00e1dzkovom poriadku nem\u00f4\u017eu nahradi\u0165 riadne za\u0161kolenie a&nbsp;prax. Absolvovanie riadneho za\u0161kolenia v&nbsp;oblasti bezpe\u010dnej techniky lezenia a&nbsp;istenia je va\u0161ou vlastnou zodpovednos\u0165ou.<\/p>\n<p><strong><em> Na lezeckej stene&nbsp; plat\u00ed nasledovn\u00e9:<\/em><\/strong><\/p>\n<p><strong> 2.2 Lezeck\u00fa stenu vyu\u017e\u00edvate na vlastn\u00fa zodpovednos\u0165!<\/strong><br \/>\nKa\u017ed\u00fd n\u00e1v\u0161tevn\u00edk si je vedom\u00fd, \u017ee lezenie na umelej stene je spojen\u00e9 s&nbsp;rizikami, ktor\u00e9 prev\u00e1dzkovate\u013e \u2013 aj pri dodr\u017ean\u00ed v\u0161etk\u00fdch pravidiel uveden\u00fdch v&nbsp;prev\u00e1dzkovom poriadku \u2013 nie je schopn\u00fd plne eliminova\u0165. Pri ve\u013ekom vy\u0165a\u017een\u00ed lezeckej steny je k\u013e\u00fa\u010dov\u00e1 vz\u00e1jomn\u00e1 oh\u013eaduplnos\u0165. Vyu\u017e\u00edvanie lezeckej steny si vy\u017eaduje pln\u00fa koncentr\u00e1ciu pri lezen\u00ed a&nbsp;isten\u00ed.<\/p>\n<p><strong> 2.3 Nevy\u0161kolen\u00e9 osoby nesm\u00fa vyu\u017e\u00edva\u0165 lezeck\u00fa stenu!<\/strong><\/p>\n<p><strong><u> Na umelej stene sm\u00fa samostatne liez\u0165 iba osoby n\u00e1le\u017eite vy\u0161kolen\u00e9 a&nbsp;sk\u00fasen\u00e9 v&nbsp;oblasti lezenia, techniky manipul\u00e1cie s&nbsp;lanom a techniky&nbsp;istenia<\/u><\/strong>.<\/p>\n<p>Horolezeck\u00fd klub HK Man\u00edn pon\u00faka kurzy techniky istenia a lezenia. Inform\u00e1cie z\u00edskate priamo u&nbsp;spr\u00e1vcu haly. Prihlasovanie do kurzov je dobrovo\u013en\u00e9. Spr\u00e1vca haly nie je povinn\u00fd preverova\u0165 lezeck\u00fa kompetentnos\u0165 nov\u00fdch n\u00e1v\u0161tevn\u00edkov.<\/p>\n<p>Pokia\u013e spr\u00e1vca haly us\u00fadi, \u017ee nov\u00fd n\u00e1v\u0161tevn\u00edk, ktor\u00fd nepre\u0161iel kurzom horolezeck\u00e9ho klubu, nie je sp\u00f4sobil\u00fd pre samostatn\u00e9 p\u00f4sobenie na lezeckej stene, m\u00e1 pr\u00e1vo vyzva\u0165 ho, aby neistil, odporu\u010di\u0165 mu \u00fa\u010das\u0165 v niektorom z&nbsp;kurzov a&nbsp;zak\u00e1za\u0165 mu isti\u0165 a\u017e do absolvovania tak\u00e9hoto kurzu. Pokia\u013e n\u00e1v\u0161tevn\u00edk tak\u00fato mo\u017enos\u0165 odmietne, m\u00e1 pr\u00e1vo vyk\u00e1za\u0165 ho zo steny a\u017e do momentu, kedy preuk\u00e1\u017ee nadobudnutie potrebn\u00fdch zru\u010dnost\u00ed.<\/p>\n<p><strong> 2.4 Vykon\u00e1vanie ak\u00fdchko\u013evek zmien na stene je zak\u00e1zan\u00e9, ako napr. premiest\u0148ovanie chytov alebo os\u00e1dzanie isten\u00ed.&nbsp;&nbsp; <\/strong><\/p>\n<p><strong> 2.5 Pri lezen\u00ed je mo\u017en\u00e9 pou\u017e\u00edva\u0165 iba v\u00fdstroj ur\u010den\u00fa pre tento \u0161port (s ozna\u010den\u00edm CE). <\/strong><\/p>\n<p><strong> 2.6 Lezec a&nbsp;isti\u010d sa musia vz\u00e1jomne skontrolova\u0165 pred ka\u017edou cestou<\/strong>.<br \/>\nS\u00fa seda\u010dky riadne zapnut\u00e9? Je pracka sp\u00e4tne prevle\u010den\u00e1? Je lezec riadne naviazan\u00fd? Zalo\u017eil si isti\u010d spr\u00e1vne ist\u00edtko? S\u00fa uzly plne uviazan\u00e9 a&nbsp;riadne dotiahnut\u00e9? S\u00fa karab\u00edny riadne zatvoren\u00e9? At\u010f.<\/p>\n<p>Zo sk\u00fasenost\u00ed je jasn\u00e9, \u017ee za\u010diato\u010dn\u00edci pracuj\u00fa v\u00e4\u010d\u0161inou ve\u013emi s\u00fastredene, no maj\u00fa nespr\u00e1vne priority. U&nbsp;sk\u00fasen\u00fdch lezcov s\u00fa pravdepodobnej\u0161ie rutinn\u00e9 chyby.<\/p>\n<p>Pri automatick\u00fdch istiacich prostriedkoch (Gri-Gri, Smart, at\u010f.) je potrebn\u00e9 by\u0165 obzvl\u00e1\u0161\u0165 pozorn\u00fd: pred lezen\u00edm je potrebn\u00e9 skontrolova\u0165 prostredn\u00edctvom kr\u00e1tkeho zatiahnutia za lano, \u010di je lano spr\u00e1vne zalo\u017een\u00e9 a&nbsp;istiaci prostriedok blokuje lano v&nbsp;pr\u00edpade p\u00e1du. Taktie\u017e je potrebn\u00e9 objasni\u0165 si, \u010di isti\u010d pozn\u00e1 istiaci prostriedok a&nbsp;m\u00e1 sk\u00fasenosti s&nbsp;jeho pou\u017e\u00edvan\u00edm.<\/p>\n<p><strong> 2.7 Lano mus\u00ed by\u0165 minim\u00e1lne 30 metrov dlh\u00e9<\/strong><br \/>\nPr\u00edli\u0161 kr\u00e1tke lan\u00e1 s\u00fa obzvl\u00e1\u0161\u0165 nebezpe\u010dn\u00e9, preto\u017ee nemaj\u00fa pri sp\u00fa\u0161\u0165an\u00ed lezca dostato\u010dn\u00fa d\u013a\u017eku.<\/p>\n<p><strong> 2.8 Isti\u010d mus\u00ed st\u00e1\u0165 v&nbsp;bezprostrednej bl\u00edzkosti (1m &#8211; max. 2m) k&nbsp;n\u00e1stupu cesty<\/strong>.<\/p>\n<p>Lezec je isten\u00fd od momentu, kedy zapne prv\u00e9 istenie. Pri v\u00e4\u010d\u0161om odstupe od steny sa predl\u017euje p\u00e1d, \u010do pri prv\u00fdch isteniach m\u00f4\u017ee vy\u00fasti\u0165 do zranenia lezca. Istenie v&nbsp;sede je z&nbsp;bezpe\u010dnostn\u00fdch d\u00f4vodov zak\u00e1zan\u00e9.<br \/>\n<strong> 2.9 Prvolezec mus\u00ed zapn\u00fa\u0165 v\u0161etky istenia.<\/strong><br \/>\nKto nedolezie do posledn\u00e9ho istenia v&nbsp;ceste, mus\u00ed po spusten\u00ed na zem okam\u017eite stiahnu\u0165 lano. Ak cestu dolezie do konca, mus\u00ed zapn\u00fa\u0165 posledn\u00e9 istenie.<\/p>\n<p><strong> 2.10 Cvakajte iba expresy v&nbsp;jednej l\u00ednii, alebo l\u00ednii pod\u013ea farby cesty. &nbsp;<\/strong><\/p>\n<p>Pred nalezen\u00edm do cesty si pozrite l\u00edniu expresov, alebo cesty (pod\u013ea farby \u0161t\u00edtkov),ktor\u00e1 k&nbsp;danej ceste patr\u00ed. Cvakan\u00edm expresov z&nbsp;ved\u013eaj\u0161\u00edch ciest zbyto\u010dne blokujete susedn\u00e9 l\u00ednie<\/p>\n<p><strong> 2.11 V&nbsp;jednom exprese smie by\u0165 cvaknut\u00e9 iba jedno lano. <\/strong><\/p>\n<p>Ak sa do jedn\u00e9ho expresu cvakne viacero l\u00e1n, vznik\u00e1 trenie, ktor\u00e9 m\u00f4\u017ee lan\u00e1 po\u0161kodi\u0165, \u010do v&nbsp;extr\u00e9mnom pr\u00edpade m\u00f4\u017ee vies\u0165 a\u017e k&nbsp;smrte\u013en\u00e9mu \u00farazu.<\/p>\n<p><strong> 2.12 Pou\u017e\u00edvanie vlastn\u00fdch expresov je zak\u00e1zan\u00e9.<\/strong><br \/>\nNity bez karab\u00edn sa nesm\u00fa pou\u017e\u00edva\u0165. Pri prichyt\u00e1van\u00ed o\u010diek nitov m\u00f4\u017eete v&nbsp;pr\u00edpade p\u00e1du pr\u00eds\u0165 o&nbsp;cel\u00fd prst.<\/p>\n<p><strong> 2.13 Isti\u010d nesmie nasledova\u0165 prvolezca, pokia\u013e sa tento nevr\u00e1til k&nbsp;v\u00fdchodziemu bodu cesty.<\/strong><\/p>\n<p>Robenie \u0161tandov v&nbsp;stene je zak\u00e1zan\u00e9.<\/p>\n<p><strong> 2.14 R\u00fdchle sp\u00fa\u0161\u0165anie je vo v\u0161eobecnosti zak\u00e1zan\u00e9.<\/strong><br \/>\nIsti\u010d je zodpovedn\u00fd za bezpe\u010dnos\u0165 lezca ako aj tret\u00edch os\u00f4b, ktor\u00e9 by nespr\u00e1vnym sp\u00fa\u0161\u0165an\u00edm mohol ohrozi\u0165.<\/p>\n<p><strong> 2.15 Lano je potrebn\u00e9 s\u0165ahova\u0165 tak, aby prech\u00e1dzalo popri stene cez istenia, ktor\u00e9 zapol prvolezec. <\/strong> Ten, kto s\u0165ahuje lano, je zodpovedn\u00fd za bezpe\u010dnos\u0165 tret\u00edch os\u00f4b pohybuj\u00facich sa v&nbsp;okol\u00ed l\u00ednie.<\/p>\n<p><strong> 2.16 Pokia\u013e je v&nbsp;ceste nalezen\u00fd lezec (bez oh\u013eadu na to, \u010di lezie zo spodu alebo top-rope), nikto in\u00fd nesmie do takejto cesty naliez\u0165<\/strong>.<\/p>\n<p>Pri poru\u0161en\u00ed tohto pravidla hroz\u00ed zranenie spodn\u00e9ho lezca pri p\u00e1de lezca nad n\u00edm.<\/p>\n<p><strong> 2.17 Zlanovanie je povolen\u00e9 iba v&nbsp;r\u00e1mci lezeck\u00fdch kurzov a&nbsp;to iba na ur\u010den\u00fdch miestach.&nbsp; <\/strong><\/p>\n<p><strong> 2.18 S\u00f3lovanie je zak\u00e1zan\u00e9.<\/strong><\/p>\n<p>(Lezenie bez lana je povolen\u00e9 do v\u00fd\u0161ky prv\u00e9ho istenia v&nbsp;\u00farovni hlavy)<br \/>\nS\u00f3lovanie neohrozuje iba samotn\u00e9ho s\u00f3luj\u00faceho lezca, ale aj in\u00fdch n\u00e1v\u0161tevn\u00edkov lezeckej steny. Okrem toho predstavuje zl\u00fd pr\u00edklad.<\/p>\n<p><strong> 2.19 V\u0161etci u\u017e\u00edvatelia s\u00fa si vedom\u00ed, \u017ee chyty a&nbsp;stupy sa ot\u00e1\u010daj\u00fa alebo, v&nbsp;extr\u00e9mnom pr\u00edpade, aj l\u00e1mu.<\/strong><br \/>\nU\u017e\u00edvatelia preberaj\u00fa ak\u00fako\u013evek zodpovednos\u0165 za zranenia spojen\u00e9 s&nbsp;t\u00fdmto bodom na seba.<\/p>\n<p><strong> 2.20 Pri lezen\u00ed s&nbsp;lanom odpor\u00fa\u010dame pou\u017e\u00edvanie lezeckej prilby. <\/strong> Hlavne pre deti do 12 rokov!<\/p>\n<p><strong> 2.21 Po\u010das pobytu v&nbsp;lezeckej hale sa vyvarujte p\u00e1dovej z\u00f3ny.&nbsp;&nbsp; <\/strong><\/p>\n<p>P\u00e1dov\u00e1 z\u00f3na predstavuje cel\u00fd priemet previsnut\u00fdch profilov a&nbsp;priestor vo vzdialenosti 2 m od n\u00e1stupu kolm\u00fdch a&nbsp;mierne previsnut\u00fdch profilov.<\/p>\n<p><strong> &nbsp;<\/strong><strong> 2.22 Po\u010das lezenia, istenia alebo inej manipul\u00e1cie s&nbsp;lanom je z\u00e1kaz pou\u017e\u00edva\u0165 mobiln\u00e9 telef\u00f3ny alebo sluch\u00e1tka, rozpr\u00e1va\u0165 sa alebo inak sa rozpty\u013eova\u0165.<\/strong><\/p>\n<p>Isti\u010d sa mus\u00ed plne s\u00fastredi\u0165 na lezca.<\/p>\n<p><strong> 2.23 Pred lezen\u00edm si pre\u0161tudujte n\u00e1kres so zobrazen\u00edm bezpe\u010dnostn\u00fdch z\u00e1sad pre lezenie a&nbsp;istenie na stene<\/strong>.<\/p>\n<p><strong> 2.24<\/strong> <strong>Pred lezen\u00edm sa zamyslite nad svojim zdravotn\u00fdm stavom.<\/strong> Chor\u00fdm osob\u00e1m hroz\u00ed ove\u013ea v\u00e4\u010d\u0161ie riziko \u00farazu.<\/p>\n<p><strong> 2.25 Nesadajte si na z\u00e1bradlie posil\u0148ovne<\/strong>. Sl\u00fa\u017ei ako ochrana a&nbsp;nie stoli\u010dka.<\/p>\n<ol start=\"3\">\n<li><strong> Pravidl\u00e1 pre lezenie s&nbsp;horn\u00fdm lanom (top-rope)<\/strong><\/li>\n<\/ol>\n<p><strong> 3.1 Na stene musia v\u017edy osta\u0165 cvaknut\u00e9 minim\u00e1lne 2 istenia.<\/strong><\/p>\n<p><strong> 3.2 Isti\u010d mus\u00ed dr\u017ea\u0165 lano riadne napnut\u00e9. <\/strong><br \/>\nLezci, ktor\u00ed lez\u00fa s&nbsp;horn\u00fdm lanom, musia pri p\u00e1de bra\u0165 oh\u013ead na ostatn\u00fdch lezcov.<\/p>\n<ol start=\"4\">\n<li><strong> Bouldrovka<\/strong><\/li>\n<\/ol>\n<p><strong> 4.1<\/strong>&nbsp;&nbsp;&nbsp;&nbsp;&nbsp;&nbsp; <strong>Vstup na \u017einenku a&nbsp;lezenie je povolen\u00e9 iba v&nbsp;leze\u010dk\u00e1ch<\/strong>. Z\u00e1kaz vstupu v&nbsp;top\u00e1nkach, tenisk\u00e1ch a&nbsp;zostupov\u00fdch leze\u010dk\u00e1ch. Z\u00e1kaz lezenia na boso.<\/p>\n<p><strong> 4.2<\/strong>&nbsp;&nbsp;&nbsp;&nbsp;&nbsp;&nbsp; <strong>Na \u017einenku nevstupujte s&nbsp;poh\u00e1rmi, n\u00e1pojmi v&nbsp;in\u00fdch neuzavret\u00fdch n\u00e1dob\u00e1ch,&nbsp;s&nbsp;jedlom<\/strong>, \u010di ostr\u00fdmi predmetmi.<\/p>\n<p><strong> 4.3<\/strong>&nbsp;&nbsp;&nbsp;&nbsp;&nbsp;&nbsp; <strong>Na dopadisku nenech\u00e1vajte \u017eiadne predmety, napr. f\u013ea\u0161e, kefky, leze\u010dky, seda\u010dky&#8230;<\/strong> Pri dopade na ne vznik\u00e1 riziko \u00farazu.<\/p>\n<p><strong> 4.4&nbsp;&nbsp;&nbsp;&nbsp;&nbsp;&nbsp; Po\u010das pobytu na bouldrovej stene sa vyvarujte p\u00e1dovej z\u00f3ny pod lez\u00facimi osobami.&nbsp;&nbsp; <\/strong><\/p>\n<p><strong> &nbsp;<\/strong><strong> 4.5&nbsp;&nbsp;&nbsp;&nbsp;&nbsp;&nbsp; Pred lezen\u00edm si pre\u0161tudujte n\u00e1kres so zobrazen\u00edm bezpe\u010dnostn\u00fdch z\u00e1sad pre lezenie a&nbsp;poskytovanie dopomoci. <\/strong><\/p>\n<p><strong> &nbsp;<\/strong><strong> 4.6 &nbsp;&nbsp;&nbsp;&nbsp;&nbsp; Nevyliezajte na bouldrovku.&nbsp; <\/strong> Posledn\u00fd chyt bouldra je maxim\u00e1lne dr\u017ean\u00e1 hrana profilov.<\/p>\n<p><strong> &nbsp;4.7&nbsp;&nbsp;&nbsp;&nbsp;&nbsp;&nbsp; Po\u010das lezenia si magn\u00e9ziov\u00e9 vrecko nech\u00e1vajte po stran\u00e1ch steny <\/strong> (inak sa v&nbsp;pr\u00edpade p\u00e1du rozpr\u00e1\u0161i po priestore a&nbsp;zne\u010dis\u0165uje vzduch v&nbsp;hale).<\/p>\n<p><strong> &nbsp;4.8&nbsp;&nbsp;&nbsp;&nbsp;&nbsp;&nbsp; <\/strong> <strong> Pred lezen\u00edm sa zamyslite nad svojim zdravotn\u00fdm stavom.<\/strong> Chor\u00fdm osob\u00e1m hroz\u00ed ove\u013ea v\u00e4\u010d\u0161ie riziko \u00farazu.<\/p>\n<p><strong>&nbsp;&nbsp;<\/strong><strong>Deti<\/strong><\/p>\n<p><strong> 5.1 &nbsp;&nbsp;&nbsp;&nbsp;&nbsp; Deti do 15 rokov sa sm\u00fa na lezeckej stene pohybova\u0165 iba v&nbsp;sprievode dospelej osoby.<\/strong><br \/>\nPobyt v&nbsp;hale je mo\u017en\u00fd iba s&nbsp;trval\u00fdm dozorom dospelej osoby alebo v&nbsp;r\u00e1mci organizovan\u00e9ho skupinov\u00e9ho tr\u00e9ningu.<\/p>\n<p><strong> 5.2 &nbsp;&nbsp;&nbsp;&nbsp;&nbsp; Pobiehanie a&nbsp;hranie sa det\u00ed v&nbsp;priestore lezeckej steny je zak\u00e1zan\u00e9.<\/strong><br \/>\nLezeck\u00e1 stena HK Man\u00edn je \u0161portov\u00e9 zariadenie s&nbsp;be\u017en\u00fdmi rizikami zranenia a&nbsp;nie ihrisko.<\/p>\n<p><strong> 5.3<\/strong>&nbsp;&nbsp;&nbsp;&nbsp;&nbsp;&nbsp; <strong><u>Pohyb det\u00ed v&nbsp;p\u00e1dovej z\u00f3ne je obzvl\u00e1\u0161\u0165 nebezpe\u010dn\u00fd a&nbsp;z&nbsp;tohto d\u00f4vodu zak\u00e1zan\u00fd. P\u00e1dov\u00e1 z\u00f3na<\/u><\/strong> znamen\u00e1 priestor 2 metre od kolm\u00fdch profilov a&nbsp;cel\u00fd priemet previsnut\u00fdch profilov. Cel\u00e1 bouldrovka sa pova\u017euje za p\u00e1dov\u00fa z\u00f3nu.<\/p>\n<p><strong> 5.4&nbsp;&nbsp;&nbsp;&nbsp;&nbsp;&nbsp; Vstup na bouldrovku nie je povolen\u00fd v&nbsp;top\u00e1nkach<\/strong> (do tejto kateg\u00f3rie patria aj <strong>tenisky<\/strong>). Ak chcete so svojimi de\u0165mi liez\u0165 na bouldrovke, zadov\u00e1\u017ete im leze\u010dky, kopa\u010dky alebo papu\u010dky.<\/p>\n<p><strong> 5.5&nbsp;&nbsp;&nbsp;&nbsp;&nbsp;&nbsp; \u017dinenka nesl\u00fa\u017ei ako plocha pre akrobatick\u00e9 k\u00fasky a&nbsp;nah\u00e1\u0148a\u010dky det\u00ed<\/strong>. Je to dopadisko, \u010do znamen\u00e1, \u017ee je to potenci\u00e1lne nebezpe\u010dn\u00e1 z\u00f3na.<\/p>\n<p><strong> 5.6 &nbsp;&nbsp;&nbsp;&nbsp;&nbsp; \u017diadame v\u00e1s o&nbsp;dodr\u017eiavanie t\u00fdchto z\u00e1kladn\u00fdch pravidiel. V&nbsp;opa\u010dnom pr\u00edpade budeme n\u00faten\u00ed po\u017eiada\u0165 v\u00e1s o&nbsp;opustenie lezeckej steny.<\/strong><\/p>\n<ol start=\"6\">\n<li><strong>Skupiny<\/strong><\/li>\n<\/ol>\n<p><strong> 6.1 Ved\u00faci skupiny, ako najsk\u00fasenej\u0161\u00ed lezec, nesie zodpovednos\u0165 za \u010dlenov svojej skupiny.&nbsp; <\/strong><\/p>\n<p><strong> 6.2 Rezervovanie alebo uzatv\u00e1ranie stien, \u010di sektorov je&nbsp; pre n\u00e1v\u0161tevn\u00edkov zak\u00e1zan\u00e9. <\/strong><\/p>\n<p><strong> 6.3 Spr\u00e1vca haly m\u00e1 pr\u00e1vo vy\u017eiada\u0165 si od ved\u00faceho skupiny potvrdenie sp\u00f4sobilosti pre v\u00fdkon danej \u010dinnosti.<\/strong><\/p>\n<ol start=\"7\">\n<li><strong> Kurzy<\/strong><\/li>\n<\/ol>\n<p><strong> 7.1 \u00da\u010dastn\u00edci kurzov musia dodr\u017eiava\u0165 v\u0161etky pokyny ved\u00faceho kurzu.<\/strong><\/p>\n<p>Program kurzov z\u00edskate od spr\u00e1vcov haly, ktor\u00ed v\u00e1m poskytn\u00fa v\u0161etky potrebn\u00e9 inform\u00e1cie.<\/p>\n<p><strong> 7.2 <u>Kurzy sm\u00fa vies\u0165 iba n\u00e1le\u017eite vy\u0161kolen\u00e9 osoby.<\/u><\/strong><\/p>\n<p>V&nbsp;priestoroch lezeckej steny sm\u00fa kurzy istenia, resp. in\u00fa v\u00fduku lezeck\u00fdch techn\u00edk realizova\u0165 iba n\u00e1le\u017eite vy\u0161kolen\u00e9 osoby, ktor\u00e9 z\u00edskali s\u00fahlas spr\u00e1vcu. Sp\u00f4sobilos\u0165 na v\u00fdkon tejto \u010dinnosti musia dolo\u017ei\u0165 platn\u00fdm opr\u00e1vnen\u00edm.<\/p>\n<ol start=\"8\">\n<li><strong> Sk\u00fasen\u00ed lezci<\/strong><\/li>\n<\/ol>\n<p><strong> 8.1 Pom\u00f4\u017ete n\u00e1m predch\u00e1dza\u0165 \u00farazom!<\/strong><br \/>\n<strong> Aj ke\u010f spr\u00e1vca sleduje dianie v hale, okrem in\u00e9ho pravideln\u00fdmi obch\u00f4dzkami, nem\u00f4\u017eu by\u0165 pr\u00edtomn\u00ed v\u0161ade. V\u010faka va\u0161im sk\u00fasenostiam n\u00e1m m\u00f4\u017eete pom\u00f4c\u0165 v\u010das rozpozna\u0165 probl\u00e9my a&nbsp;tak predch\u00e1dza\u0165 \u00farazom.&nbsp; Rizikov\u00fdm osob\u00e1m m\u00f4\u017eete sami d\u00e1va\u0165 rady a&nbsp;pokyny alebo m\u00f4\u017eete okam\u017eite informova\u0165 spr\u00e1vcu haly. Pri takejto asistencii sa obmedzte iba na pravdiv\u00e9\/overen\u00e9 inform\u00e1cie.<\/strong><\/p>\n<ol start=\"9\">\n<li><strong>Materi\u00e1l<\/strong><\/li>\n<\/ol>\n<p><strong> 9.1&nbsp; Ka\u017ed\u00fd n\u00e1v\u0161tevn\u00edk je zodpovedn\u00fd za dobr\u00fd stav svojej v\u00fdstroje.&nbsp; <\/strong><br \/>\nPou\u017e\u00edvan\u00e1 v\u00fdstroj (lan\u00e1, karab\u00edny, istiace prostriedky, at\u010f.) musia vyhovova\u0165 po\u017eiadavk\u00e1m dne\u0161nej doby (certifik\u00e1ty CE, UIAA, at\u010f.).<\/p>\n<p><strong> 9.2 Pokia\u013e by spr\u00e1vca haly zistil nedostatky na v\u00fdstroji n\u00e1v\u0161tevn\u00edka, m\u00e1 pr\u00e1vo upozorni\u0165 ho a&nbsp;po\u017eiada\u0165 o okam\u017eit\u00fa&nbsp;v\u00fdmenu danej \u010dasti v\u00fdstroje. <\/strong><\/p>\n<p><strong> 9.3&nbsp; Pri zisten\u00ed nedostatkov na lezeckej stene (istenia, uvo\u013enen\u00e9 chyty, karab\u00edny, at\u010f) s\u00fa lezci povinn\u00ed toto okam\u017eite ohl\u00e1si\u0165 spr\u00e1vcovi. <\/strong><\/p>\n<ol start=\"10\">\n<li><strong> Pr\u00e1vomoci spr\u00e1vcu haly <\/strong><\/li>\n<\/ol>\n<p><strong> 10.1 Pri vstupe do lezeckej haly &nbsp;ste povinn\u00ed bez vyzvania ozna\u010di\u0165 vstup polo\u017een\u00edm registra\u010dnej karty na \u010d\u00edta\u010dku.<\/strong><\/p>\n<p><strong> 10.2 Pokyny spr\u00e1vcu mus\u00edte v&nbsp;ka\u017edom pr\u00edpade dodr\u017eiava\u0165.<\/strong><\/p>\n<p><strong> 10.3 Spr\u00e1vca nie je povinn\u00fd, ani schopn\u00fd neust\u00e1le kontrolova\u0165 u\u017e\u00edvate\u013eov lezeckej steny, \u010di pou\u017e\u00edvaj\u00fa spr\u00e1vnu techniku istenia.&nbsp; <\/strong><\/p>\n<p><strong> 10.4 Spr\u00e1vca je povinn\u00fd v&nbsp;pr\u00edpade kr\u00e1de\u017ee alebo vandalizmu (chyty, \u0161portov\u00e1 v\u00fdstroj, cennosti, at\u010f.) ohl\u00e1si\u0165 dan\u00e9 osoby pol\u00edcii.&nbsp; <\/strong><\/p>\n<p><strong> 10.5 Spr\u00e1vca m\u00e1 pr\u00e1vo vyk\u00e1za\u0165 n\u00e1v\u0161tevn\u00edka z&nbsp;haly bez n\u00e1roku na vr\u00e1tenie vstupn\u00e9ho v&nbsp;pr\u00edpade nedodr\u017eiavania prev\u00e1dzkov\u00e9ho poriadku lezeckej steny HK Man\u00edn.<\/strong><strong> &nbsp;<\/strong><\/p>\n<ol start=\"11\">\n<li><strong> Otv\u00e1racie hodiny lezeckej steny HK Man\u00edn<\/strong><\/li>\n<\/ol>\n<p><strong> 11.1 Lezeck\u00e1 stena HK Man\u00edn je n\u00e1v\u0161tevn\u00edkom k&nbsp;dispoz\u00edcii pod\u013ea aktu\u00e1lne platn\u00fdch otv\u00e1rac\u00edch hod\u00edn.<\/strong><br \/>\nM\u00f4\u017eu sa vyskytn\u00fa\u0165 pr\u00edpady, kedy bude potrebn\u00e9 uzavrie\u0165 \u010das\u0165 alebo cel\u00fa stenu (stavba ciest, kontroly, preteky, podujatia at\u010f.). Tak\u00e9to v\u00fdnimo\u010dn\u00e9 pr\u00edpady bud\u00fa predom ozn\u00e1men\u00e9 na internetovej str\u00e1nke klubu. Uzatv\u00e1ranie sektorov z&nbsp;d\u00f4vodu kurzov, detsk\u00fdch tr\u00e9ningov a&nbsp;podobne je mo\u017en\u00e9 realizova\u0165 aj bez ozn\u00e1menia.<\/p>\n<ol start=\"12\">\n<li><strong> Permanentky \u2013 pravidl\u00e1 <\/strong><\/li>\n<\/ol>\n<p><strong> 12.1 Majitelia permanentiek (10-vstupov\u00e1, ro\u010dn\u00e1) nemaj\u00fa n\u00e1rok na vr\u00e1tenie pe\u0148az\u00ed v&nbsp;pr\u00edpade zatvorenia steny alebo obmedzenej prev\u00e1dzky na stene.<\/strong><\/p>\n<p><strong> 12.2 Permanentky na 10 vstupov s\u00fa prenosn\u00e9 v&nbsp;r\u00e1mci jednej kateg\u00f3rie. Ro\u010dn\u00e9 permanentky s\u00fa neprenosn\u00e9.&nbsp; <\/strong><br \/>\n<strong> &nbsp;<\/strong><\/p>\n<ol start=\"13\">\n<li><strong> Poriadok a \u010distota<\/strong><\/li>\n<\/ol>\n<p><strong> 13.1 Lezenie na boso je zak\u00e1zan\u00e9.<\/strong><\/p>\n<p>Z&nbsp;hygienick\u00fdch a&nbsp;bezpe\u010dnostn\u00fdch d\u00f4vodov je povinn\u00e9 na lezeckej stene pou\u017e\u00edva\u0165 prez\u00favky.<br \/>\nV z\u00e1ujme ochrany \u0161trukt\u00fary steny je lezenie vo vibramoch, pono\u017ek\u00e1ch a&nbsp;na boso zak\u00e1zan\u00e9. Pri lezen\u00ed s&nbsp;lanom s\u00fa povolen\u00e9 iba leze\u010dky, kopa\u010dky s&nbsp;kompletne odrezan\u00fdmi \u0161tup\u013eami a&nbsp;\u010dist\u00e9 tenisky. Na bouldrovke s\u00fa povolen\u00e9 iba leze\u010dky a&nbsp;kopa\u010dky s&nbsp;kompletne odrezan\u00fdmi \u0161tup\u013eami. Lezenie v&nbsp;top\u00e1nkach, tenisk\u00e1ch alebo&nbsp;outdoorov\u00fdch leze\u010dk\u00e1ch, ktor\u00e9 s\u00fa ur\u010den\u00e9 na pribli\u017eovanie a&nbsp;zostupy a&nbsp;maj\u00fa \u0161peci\u00e1lne upravovan\u00fa p\u00e4tu je na bouldrovke zak\u00e1zan\u00e9.<\/p>\n<p><strong> 13.2 V hale plat\u00ed absol\u00fatny z\u00e1kaz faj\u010denia.<\/strong><\/p>\n<p><strong> 13.3 Manipul\u00e1cia s&nbsp;otvoren\u00fdm oh\u0148om je pr\u00edsne zak\u00e1zan\u00e1.<\/strong><\/p>\n<p><strong> 13.4 Osoby, ktor\u00e9 s\u00fa pod vplyvom liekov, alkoholu alebo drog, maj\u00fa z\u00e1kaz vykon\u00e1va\u0165 lezeck\u00fa \u010dinnos\u0165.<\/strong><\/p>\n<p><strong> 13.5 Udr\u017eiavajte lezeck\u00fa stenu, toalety, sprchy v \u010distote.<\/strong><\/p>\n<p>Halu vyu\u017e\u00edvate spolo\u010dne s&nbsp;mno\u017estvom in\u00fdch n\u00e1v\u0161tevn\u00edkov. Spr\u00e1vajte sa k&nbsp;priestorom oh\u013eaduplne a&nbsp;nenech\u00e1vajte za sebou pohoden\u00e9 odpadky. V&nbsp;hale s\u00fa k&nbsp;dispoz\u00edcii odpadkov\u00e9 ko\u0161e. <strong><u>Dopit\u00e9 f\u013ea\u0161e patria do ko\u0161a! Pred vyhoden\u00edm ich stla\u010dte.<\/u><\/strong><\/p>\n<ol start=\"14\">\n<li><strong> Zodpovednos\u0165<\/strong><\/li>\n<\/ol>\n<p><strong> Za \u0161kody vznikaj\u00face osob\u00e1m z&nbsp;d\u00f4vodu poru\u0161ovania prev\u00e1dzkov\u00e9ho poriadku, nespr\u00e1vnej techniky istenia, lezenia alebo manipul\u00e1cie s&nbsp;lanom, nekvalitnej v\u00fdstroje, nepozornosti, nere\u0161pektovania ostatn\u00fdch lezcov, a&nbsp;pod. a&nbsp;\u0161kody na veciach, ako i&nbsp;za veci ulo\u017een\u00e9 mimo priestorov na to ur\u010den\u00fdch nepreber\u00e1 horolezeck\u00fd klub Man\u00edn \u017eiadnu zodpovednos\u0165 (cennosti je mo\u017en\u00e9 ulo\u017ei\u0165 si u&nbsp;spr\u00e1vcu steny).<\/strong><\/p>\n<p><strong> Kto sp\u00f4sob\u00ed \u0161kody alebo zran\u00ed in\u00e9 osoby, mus\u00ed s\u00e1m zn\u00e1\u0161a\u0165 d\u00f4sledky. Horolezeck\u00fd klub Man\u00edn, ako prev\u00e1dzkovate\u013e lezeckej steny, nepreber\u00e1 v&nbsp;tomto pr\u00edpade \u017eiadnu zodpovednos\u0165. <\/strong><\/p>\n","protected":false},"excerpt":{"rendered":"<p>Prev\u00e1dzkov\u00fd poriadok lezeckej steny HK Man\u00edn 1. V\u0161eobecn\u00e9 Prev\u00e1dzkov\u00fd poriadok sl\u00fa\u017ei predov\u0161etk\u00fdm predch\u00e1dzaniu \u00farazom, dodr\u017eiavaniu hygieny a&nbsp;poriadku. Je vidite\u013ene umiestnen\u00fd pri vstupe do haly,&nbsp;ka\u017ed\u00fd n\u00e1v\u0161tevn\u00edk lezeck\u00e9ho steny je povinn\u00fd pozorne si ho pre\u010d\u00edta\u0165 pri svojej prvej n\u00e1v\u0161teve. Ka\u017ed\u00fd u\u017e\u00edvate\u013e lezeckej steny HK Man\u00edn berie prev\u00e1dzkov\u00fd poriadok na vedomie a&nbsp;je povinn\u00fd dodr\u017eiava\u0165 ho. Poru\u0161ovanie prev\u00e1dzkov\u00e9ho poriadku &hellip; <a href=\"https:\/\/hkmanin.sk\/wp\/?page_id=2300\" class=\"more-link\">Pokra\u010dova\u0165 na <span class=\"screen-reader-text\">Pravidl\u00e1<\/span> <span class=\"meta-nav\">&rarr;<\/span><\/a><\/p>\n","protected":false},"author":1,"featured_media":11395,"parent":16,"menu_order":0,"comment_status":"closed","ping_status":"closed","template":"","meta":{"footnotes":""},"class_list":["post-2300","page","type-page","status-publish","has-post-thumbnail","hentry"],"_links":{"self":[{"href":"https:\/\/hkmanin.sk\/wp\/index.php?rest_route=\/wp\/v2\/pages\/2300","targetHints":{"allow":["GET"]}}],"collection":[{"href":"https:\/\/hkmanin.sk\/wp\/index.php?rest_route=\/wp\/v2\/pages"}],"about":[{"href":"https:\/\/hkmanin.sk\/wp\/index.php?rest_route=\/wp\/v2\/types\/page"}],"author":[{"embeddable":true,"href":"https:\/\/hkmanin.sk\/wp\/index.php?rest_route=\/wp\/v2\/users\/1"}],"replies":[{"embeddable":true,"href":"https:\/\/hkmanin.sk\/wp\/index.php?rest_route=%2Fwp%2Fv2%2Fcomments&post=2300"}],"version-history":[{"count":9,"href":"https:\/\/hkmanin.sk\/wp\/index.php?rest_route=\/wp\/v2\/pages\/2300\/revisions"}],"predecessor-version":[{"id":11891,"href":"https:\/\/hkmanin.sk\/wp\/index.php?rest_route=\/wp\/v2\/pages\/2300\/revisions\/11891"}],"up":[{"embeddable":true,"href":"https:\/\/hkmanin.sk\/wp\/index.php?rest_route=\/wp\/v2\/pages\/16"}],"wp:featuredmedia":[{"embeddable":true,"href":"https:\/\/hkmanin.sk\/wp\/index.php?rest_route=\/wp\/v2\/media\/11395"}],"wp:attachment":[{"href":"https:\/\/hkmanin.sk\/wp\/index.php?rest_route=%2Fwp%2Fv2%2Fmedia&parent=2300"}],"curies":[{"name":"wp","href":"https:\/\/api.w.org\/{rel}","templated":true}]}}