{"id":16723,"date":"2024-01-31T20:24:00","date_gmt":"2024-01-31T18:24:00","guid":{"rendered":"https:\/\/hkmanin.sk\/wp\/?page_id=16723"},"modified":"2026-03-15T21:29:55","modified_gmt":"2026-03-15T19:29:55","slug":"verejne-sutaze","status":"publish","type":"page","link":"https:\/\/hkmanin.sk\/wp\/?page_id=16723","title":{"rendered":"Verejn\u00e9 s\u00fa\u0165a\u017ee"},"content":{"rendered":"\n<p>Vyhl\u00e1senie verejnej obchodnej s\u00fa\u0165a\u017ee na predkladanie pon\u00fak na projekt \u201eModerniz\u00e1cia lezeckej steny\u201c.&nbsp;<\/p>\n\n\n\n<ul class=\"wp-block-list\">\n<li><a href=\"https:\/\/hkmanin.sk\/wp\/wp-content\/uploads\/2026\/02\/Vyhlasenie-sutaze-stena.pdf\">Vyhl\u00e1senie verejnej obchodnej s\u00fa\u0165a\u017ee<\/a><\/li>\n\n\n\n<li><a href=\"https:\/\/hkmanin.sk\/wp\/wp-content\/uploads\/2026\/02\/priloha1_tech_sprava_verejna_sutaz.pdf\">Pr\u00edloha \u010d. 1 \u2013 Technick\u00e1 \u0161pecifik\u00e1cia<\/a><\/li>\n\n\n\n<li><a href=\"https:\/\/hkmanin.sk\/wp\/wp-content\/uploads\/2026\/02\/priloha2_vykaz_vymer.xlsx\">Pr\u00edloha \u010d. 2 \u2013 V\u00fdkaz v\u00fdmer<\/a><\/li>\n\n\n\n<li><a href=\"https:\/\/hkmanin.sk\/wp\/wp-content\/uploads\/2026\/02\/priloha3_vzor-Kupna-zmluva.pdf\">Pr\u00edloha \u010d. 3 \u2013 Vzor n\u00e1vrhu zmluvy o&nbsp;dielo<\/a><\/li>\n\n\n\n<li><a href=\"https:\/\/hkmanin.sk\/wp\/wp-content\/uploads\/2026\/02\/priloha4_Harmonogram_prac.pdf\">Pr\u00edloha \u010d. 4 \u2013 Harmonogram realiz\u00e1cie projektu<\/a><\/li>\n\n\n\n<li><a href=\"https:\/\/hkmanin.sk\/wp\/wp-content\/uploads\/2026\/02\/priloha5_FSC-official-sport-equipment-catalogue-\u2013-competition-climbing-holds.pdf\">Pr\u00edloha \u010d. 5 &#8211; IFSC official sport equipment catalogue<\/a><\/li>\n<\/ul>\n\n\n\n<p>D\u00e1tum zverejnenia: 18.2.2026<\/p>\n\n\n\n<p>Verejn\u00e1 obchodn\u00e1 s\u00fa\u0165a\u017e bola ukon\u010den\u00e1, D\u00e1tum zverejnenia ukon\u010denia: 12.3.2026<\/p>\n\n\n\n<p><a href=\"https:\/\/hkmanin.sk\/wp\/wp-content\/uploads\/2026\/03\/Ukoncenie-sutaze-HK-Manin-stena.pdf\" target=\"_blank\" rel=\"noreferrer noopener\">Ozn\u00e1menie o ukon\u010den\u00ed verenej obchodnej s\u00fa\u0165a\u017ee<\/a><\/p>\n\n\n\n<hr class=\"wp-block-separator has-alpha-channel-opacity\"\/>\n\n\n\n<p>Vyhl\u00e1senie verejnej obchodnej s\u00fa\u0165a\u017ee na predkladanie pon\u00fak na &#8222;Dodanie vysokozdvii\u017enej plo\u0161iny&#8220;.<\/p>\n\n\n\n<ul class=\"wp-block-list\">\n<li><a href=\"https:\/\/hkmanin.sk\/wp\/wp-content\/uploads\/2026\/02\/Vyhlasenie-sutaze-HK-Manin_plosina.pdf\">Vyhl\u00e1senie verejnej obchodnej s\u00fa\u0165a\u017ee<\/a><\/li>\n\n\n\n<li><a href=\"https:\/\/hkmanin.sk\/wp\/wp-content\/uploads\/2026\/02\/Priloha-c.-1-vzor-Kupna-zmluva.pdf\">N\u00e1vrh k\u00fapnej zmluvy<\/a><\/li>\n<\/ul>\n\n\n\n<p>D\u00e1tum zverejnenia: 13.2.2026<\/p>\n\n\n\n<p>Verejn\u00e1 obchodn\u00e1 s\u00fa\u0165a\u017e bola ukon\u010den\u00e1, D\u00e1tum zverejnenia ukon\u010denia: 7.3.2026<\/p>\n\n\n\n<p><a href=\"https:\/\/hkmanin.sk\/wp\/wp-content\/uploads\/2026\/03\/Ukoncenie-sutaze-HK-Manin-plosina.pdf\" target=\"_blank\" rel=\"noreferrer noopener\">Ozn\u00e1menie o ukon\u010den\u00ed verenej obchodnej s\u00fa\u0165a\u017ee<\/a><\/p>\n\n\n\n<hr class=\"wp-block-separator has-alpha-channel-opacity\"\/>\n\n\n\n<p>Vyhl\u00e1senie verejnej obchodnej s\u00fa\u0165a\u017ee na predkladanie pon\u00fak na projekt &#8222;Rekon\u0161trukcia a moderniz\u00e1cia lezeckej steny&#8220;.&nbsp;<\/p>\n\n\n\n<ul class=\"wp-block-list\">\n<li><a href=\"https:\/\/hkmanin.sk\/wp\/wp-content\/uploads\/2024\/01\/Vyhlasenie-sutaze-HK-Manin.pdf\">Vyhl\u00e1senie s\u00fa\u0165a\u017ee<\/a><\/li>\n\n\n\n<li><a href=\"https:\/\/hkmanin.sk\/wp\/wp-content\/uploads\/2024\/01\/Priloha-c1_tech_specifikacia.pdf\">Technick\u00e1 \u0161pecifik\u00e1cia<\/a><\/li>\n\n\n\n<li><a href=\"https:\/\/hkmanin.sk\/wp\/wp-content\/uploads\/2024\/01\/Priloha-c2_vykaz_vymer.xlsx\">V\u00fdkaz v\u00fdmer<\/a><\/li>\n\n\n\n<li><a href=\"https:\/\/hkmanin.sk\/wp\/wp-content\/uploads\/2024\/01\/Priloha-c3_ZOD_vzor.pdf\">Zmluva o dielo &#8211; vzor<\/a><\/li>\n\n\n\n<li><a href=\"https:\/\/hkmanin.sk\/wp\/wp-content\/uploads\/2024\/01\/Priloha-c.4_Harmonogram_prac.pdf\">Harmonogram pr\u00e1c<\/a><\/li>\n<\/ul>\n\n\n\n<p>D\u00e1tum zverejnenia: 31.1.2024<\/p>\n\n\n\n<p>Verejn\u00e1 obchodn\u00e1 s\u00fa\u0165a\u017e bola ukon\u010den\u00e1, D\u00e1tum zverejnenia ukon\u010denia: 21.2.2024<\/p>\n\n\n\n<p><a href=\"https:\/\/hkmanin.sk\/wp\/wp-content\/uploads\/2024\/06\/Ukoncenie-sutaze-HK-Manin.pdf\">Ozn\u00e1menie o ukon\u010den\u00ed verenej obchodnej s\u00fa\u0165a\u017ee<\/a><\/p>\n","protected":false},"excerpt":{"rendered":"<p>Vyhl\u00e1senie verejnej obchodnej s\u00fa\u0165a\u017ee na predkladanie pon\u00fak na projekt \u201eModerniz\u00e1cia lezeckej steny\u201c.&nbsp; D\u00e1tum zverejnenia: 18.2.2026 Verejn\u00e1 obchodn\u00e1 s\u00fa\u0165a\u017e bola ukon\u010den\u00e1, D\u00e1tum zverejnenia ukon\u010denia: 12.3.2026 Ozn\u00e1menie o ukon\u010den\u00ed verenej obchodnej s\u00fa\u0165a\u017ee Vyhl\u00e1senie verejnej obchodnej s\u00fa\u0165a\u017ee na predkladanie pon\u00fak na &#8222;Dodanie vysokozdvii\u017enej plo\u0161iny&#8220;. D\u00e1tum zverejnenia: 13.2.2026 Verejn\u00e1 obchodn\u00e1 s\u00fa\u0165a\u017e bola ukon\u010den\u00e1, D\u00e1tum zverejnenia ukon\u010denia: 7.3.2026 Ozn\u00e1menie o &hellip; <a href=\"https:\/\/hkmanin.sk\/wp\/?page_id=16723\" class=\"more-link\">Pokra\u010dova\u0165 na <span class=\"screen-reader-text\">Verejn\u00e9 s\u00fa\u0165a\u017ee<\/span> <span class=\"meta-nav\">&rarr;<\/span><\/a><\/p>\n","protected":false},"author":4,"featured_media":0,"parent":6347,"menu_order":4,"comment_status":"closed","ping_status":"closed","template":"","meta":{"footnotes":""},"class_list":["post-16723","page","type-page","status-publish","hentry"],"_links":{"self":[{"href":"https:\/\/hkmanin.sk\/wp\/index.php?rest_route=\/wp\/v2\/pages\/16723","targetHints":{"allow":["GET"]}}],"collection":[{"href":"https:\/\/hkmanin.sk\/wp\/index.php?rest_route=\/wp\/v2\/pages"}],"about":[{"href":"https:\/\/hkmanin.sk\/wp\/index.php?rest_route=\/wp\/v2\/types\/page"}],"author":[{"embeddable":true,"href":"https:\/\/hkmanin.sk\/wp\/index.php?rest_route=\/wp\/v2\/users\/4"}],"replies":[{"embeddable":true,"href":"https:\/\/hkmanin.sk\/wp\/index.php?rest_route=%2Fwp%2Fv2%2Fcomments&post=16723"}],"version-history":[{"count":7,"href":"https:\/\/hkmanin.sk\/wp\/index.php?rest_route=\/wp\/v2\/pages\/16723\/revisions"}],"predecessor-version":[{"id":19826,"href":"https:\/\/hkmanin.sk\/wp\/index.php?rest_route=\/wp\/v2\/pages\/16723\/revisions\/19826"}],"up":[{"embeddable":true,"href":"https:\/\/hkmanin.sk\/wp\/index.php?rest_route=\/wp\/v2\/pages\/6347"}],"wp:attachment":[{"href":"https:\/\/hkmanin.sk\/wp\/index.php?rest_route=%2Fwp%2Fv2%2Fmedia&parent=16723"}],"curies":[{"name":"wp","href":"https:\/\/api.w.org\/{rel}","templated":true}]}}