{"id":16,"date":"2014-03-17T17:58:07","date_gmt":"2014-03-17T15:58:07","guid":{"rendered":"http:\/\/hkmanin.sk\/wp\/?page_id=16"},"modified":"2020-06-20T10:24:32","modified_gmt":"2020-06-20T08:24:32","slug":"stena","status":"publish","type":"page","link":"https:\/\/hkmanin.sk\/wp\/?page_id=16","title":{"rendered":"Stena"},"content":{"rendered":"<p>Stena sa nach\u00e1dza v komplexe budov Kaufland\u00a0v centre mesta. Vstup je oproti kinu Mier. Parkova\u0165 mo\u017eno na parkovisku <span class=\"SpellE\">Hypernovy.<\/span><\/p>\n<p style=\"text-align: justify;\">Maxim\u00e1lna v\u00fd\u0161ka steny je \u00a012 m, maxim\u00e1lny previs 6.5m a vyu\u017eite\u013en\u00e1 lezeck\u00e1 plocha\u00a0 600 m<sup>2<\/sup>. Boldrovka m\u00e1 v\u00fd\u0161ku 4.2m, plochu 70m<sup>2\u00a0<\/sup><\/p>\n<p style=\"text-align: justify;\">Ka\u017ed\u00fd kto chce liez\u0165 na stene sa mus\u00ed najsk\u00f4r obozn\u00e1mi\u0165 s <a href=\"http:\/\/hkmanin.sk\/wp\/?page_id=2300\">Pravidlami lezenia<\/a> a na potvoru ich aj dodr\u017eiava\u0165. <span style=\"font-family: arial,helvetica;\">N\u00e1v\u0161tevn\u00edci steny maj\u00fa k dispoz\u00edcii \u0161atne s uzamykate\u013enou skrinkou, WC, sprchy, <span class=\"SpellE\">posilov\u0148u<\/span> a klubov\u00fa miestnos\u0165.<\/span><\/p>\n","protected":false},"excerpt":{"rendered":"<p>Stena sa nach\u00e1dza v komplexe budov Kaufland\u00a0v centre mesta. Vstup je oproti kinu Mier. Parkova\u0165 mo\u017eno na parkovisku Hypernovy. Maxim\u00e1lna v\u00fd\u0161ka steny je \u00a012 m, maxim\u00e1lny previs 6.5m a vyu\u017eite\u013en\u00e1 lezeck\u00e1 plocha\u00a0 600 m2. Boldrovka m\u00e1 v\u00fd\u0161ku 4.2m, plochu 70m2\u00a0 Ka\u017ed\u00fd kto chce liez\u0165 na stene sa mus\u00ed najsk\u00f4r obozn\u00e1mi\u0165 s Pravidlami lezenia a na &hellip; <a href=\"https:\/\/hkmanin.sk\/wp\/?page_id=16\" class=\"more-link\">Pokra\u010dova\u0165 na <span class=\"screen-reader-text\">Stena<\/span> <span class=\"meta-nav\">&rarr;<\/span><\/a><\/p>\n","protected":false},"author":1,"featured_media":0,"parent":0,"menu_order":0,"comment_status":"open","ping_status":"open","template":"","meta":{"footnotes":""},"class_list":["post-16","page","type-page","status-publish","hentry"],"_links":{"self":[{"href":"https:\/\/hkmanin.sk\/wp\/index.php?rest_route=\/wp\/v2\/pages\/16","targetHints":{"allow":["GET"]}}],"collection":[{"href":"https:\/\/hkmanin.sk\/wp\/index.php?rest_route=\/wp\/v2\/pages"}],"about":[{"href":"https:\/\/hkmanin.sk\/wp\/index.php?rest_route=\/wp\/v2\/types\/page"}],"author":[{"embeddable":true,"href":"https:\/\/hkmanin.sk\/wp\/index.php?rest_route=\/wp\/v2\/users\/1"}],"replies":[{"embeddable":true,"href":"https:\/\/hkmanin.sk\/wp\/index.php?rest_route=%2Fwp%2Fv2%2Fcomments&post=16"}],"version-history":[{"count":65,"href":"https:\/\/hkmanin.sk\/wp\/index.php?rest_route=\/wp\/v2\/pages\/16\/revisions"}],"predecessor-version":[{"id":12407,"href":"https:\/\/hkmanin.sk\/wp\/index.php?rest_route=\/wp\/v2\/pages\/16\/revisions\/12407"}],"wp:attachment":[{"href":"https:\/\/hkmanin.sk\/wp\/index.php?rest_route=%2Fwp%2Fv2%2Fmedia&parent=16"}],"curies":[{"name":"wp","href":"https:\/\/api.w.org\/{rel}","templated":true}]}}