{"id":14482,"date":"2022-05-24T23:15:53","date_gmt":"2022-05-24T21:15:53","guid":{"rendered":"https:\/\/hkmanin.sk\/wp\/?page_id=14482"},"modified":"2022-05-24T23:15:54","modified_gmt":"2022-05-24T21:15:54","slug":"rodina","status":"publish","type":"page","link":"https:\/\/hkmanin.sk\/wp\/?page_id=14482","title":{"rendered":"Rodina"},"content":{"rendered":"\n<p>Dano&#8230;m\u00f4j star\u0161\u00ed brat (9rokov), ve\u013ek\u00fd vzor. Nie je de\u0148, kedy by som na\u0148ho nemyslel. Na to, ako sme sa spolu vedeli nasmia\u0165, ako sme po\u010d\u00favali Michala Tu\u010dn\u00e9ho, d\u00edvali sa spolu na westerny a&nbsp;pou\u017e\u00edvali hl\u00e1\u0161ky z&nbsp;filmov. Aj ke\u010f&nbsp; sme si v&nbsp;obdob\u00ed mojej b\u00farlivej puberty moc nerozumeli, bol to brat, \u010do nikdy nes\u00fadil, nekritizoval &#8230;. Ve\u013emi ma mrz\u00ed, \u017ee sme si za\u010dali viac rozumie\u0165 asi a\u017e dva roky pred jeho smr\u0165ou. L\u00e1ska k&nbsp;hor\u00e1m, motork\u00e1m a&nbsp;motokrosu by n\u00e1s sp\u00e1jala ur\u010dite i&nbsp;dnes. Dobrodru\u017estvo, adrenal\u00edn, \u017eivot a&nbsp;hory &#8230; to boli veci, ktor\u00e9 miloval. Bol presne t\u00fdm bratom, ak\u00e9ho som v\u017edy chcel. \u0160koda, \u017ee tak\u00e9to veci si \u010dlovek uvedom\u00ed a\u017e v&nbsp;dospelosti. Viem, \u017ee by so mnou zdie\u013eal veci okolo mojej pr\u00e1ce &#8230; \u00faspechy a&nbsp;ne\u00faspechy na \u0161tvorkolk\u00e1ch a&nbsp;veci s&nbsp;t\u00fdm s\u00favisiace. A&nbsp;preto sa sna\u017e\u00edm \u017ei\u0165 \u017eivot s&nbsp;mojou rodinou naplno, preto\u017ee presne tak, by ho \u017eil m\u00f4j brat Dano!!!<\/p>\n\n\n\n<p class=\"has-text-align-right\">Brat Johny<\/p>\n\n\n\n<hr class=\"wp-block-separator\"\/>\n\n\n\n<div class=\"wp-block-image\"><figure class=\"aligncenter size-large\"><img loading=\"lazy\" decoding=\"async\" width=\"552\" height=\"749\" src=\"https:\/\/hkmanin.sk\/wp\/wp-content\/uploads\/2022\/05\/Dano-a-jeho-ziarivy-usmev-.jpg\" alt=\"\" class=\"wp-image-14484\" srcset=\"https:\/\/hkmanin.sk\/wp\/wp-content\/uploads\/2022\/05\/Dano-a-jeho-ziarivy-usmev-.jpg 552w, https:\/\/hkmanin.sk\/wp\/wp-content\/uploads\/2022\/05\/Dano-a-jeho-ziarivy-usmev--221x300.jpg 221w\" sizes=\"auto, (max-width: 552px) 100vw, 552px\" \/><\/figure><\/div>\n\n\n\n<p class=\"has-text-align-center\">Dano a jeho \u017eiariv\u00fd \u00fasmev<\/p>\n\n\n\n<p>Ve\u013ea ma nau\u010dil a tak kr\u00e1tko tu pri mne bol.\u00a0U\u010dil ma kresli\u0165, pam\u00e4t\u00e1m si, ke\u010f som kreslila postavu \u010dloveka a ruky som nakreslila \u00faplne kr\u00e1tke, chcel, aby som sa postavila a pozrela sa pokia\u013e m\u00e1m ruky \u201cpozri skoro a\u017e po kolen\u00e1\u201d tak to tak mus\u00ed\u0161 aj nakresli\u0165.<\/p>\n\n\n\n<p>Miloval maminu (jeho sestru), hr\u00edbov\u00fa polievku s mrveni\u010dkou, aj v ten osudn\u00fd de\u0148 mal na \u0148u pr\u00eds\u0165 a u\u017e nepri\u0161iel. Pam\u00e4t\u00e1m si, ke\u010f som mala asi 3-4 roky a boli sme sa pozrie\u0165 ako Danko lieta na pad\u00e1ku, a odvtedy m\u00e1m \u201ckr\u00e1snu pamiatku\u201d v podobe jazvy na pravom l\u00edci.<\/p>\n\n\n\n<p>Danko si neum\u00fdval zuby \u010dasto a v\u017edy ich mal kr\u00e1sne biele a miloval ty\u010dinku Margot. Na m\u0148a balil baby, aby videli ako sa pekne vie o deti stara\u0165\u00a0.<\/p>\n\n\n\n<p>Doteraz si pam\u00e4t\u00e1m, ke\u010f sme e\u0161te b\u00fdvali na Rozkvete a mamina usp\u00e1vala m\u0148a aj \u017diga, a zazvonil zvon\u010dek a babka n\u00e1m pri\u0161la poveda\u0165 \u010do sa stalo..\u00a0Keby tu bol v\u0161etko by i\u0161lo \u013eah\u0161ie s jeho \u00fasmevom a motiv\u00e1ciou a v\u00e1\u0161niv\u00fdm srdcom pre adrenal\u00edn\u00a0 \u00a0to m\u00e1m po \u0148om.<\/p>\n\n\n\n<p class=\"has-text-align-right\">krst\u0148a Alexandra<\/p>\n\n\n\n<hr class=\"wp-block-separator\"\/>\n\n\n\n<div class=\"wp-block-image\"><figure class=\"aligncenter size-large is-resized\"><img loading=\"lazy\" decoding=\"async\" src=\"https:\/\/hkmanin.sk\/wp\/wp-content\/uploads\/2022\/05\/erb.png\" alt=\"\" class=\"wp-image-14485\" width=\"255\" height=\"445\" srcset=\"https:\/\/hkmanin.sk\/wp\/wp-content\/uploads\/2022\/05\/erb.png 444w, https:\/\/hkmanin.sk\/wp\/wp-content\/uploads\/2022\/05\/erb-172x300.png 172w\" sizes=\"auto, (max-width: 255px) 100vw, 255px\" \/><\/figure><\/div>\n\n\n\n<p><\/p>\n\n\n\n<p>Dlho som prem\u00fd\u0161\u013eala ako za\u010dnem par krehk\u00fdch a bolestiv\u00fdch riadkov pri pr\u00edle\u017eitosti nedo\u017eit\u00fdch 50. naroden\u00edn m\u00f4jho cten\u00e9ho brata Daniela, Danka, Daga \u2026. krstn\u00e9ho otca dc\u00e9rky Alexandry, syna\u2026..<\/p>\n\n\n\n<p>Bol to brat , ktor\u00fd ,ke\u010f poc\u00edtil silu pr\u00edrody a jej \u010dara, nebolo mo\u017en\u00e9 ho nikdy zastavi\u0165. Tejto l\u00e1ske ku pr\u00edrode n\u00e1s nau\u010dili rodi\u010dia , najm\u00e4 na\u0161a mama , ktor\u00e1 poch\u00e1dza z prekr\u00e1snej magickej doliny Javorn\u00edkov\u2026. Marikovej. Dala n\u00e1m do vienka &#8211; po\u010d\u00fava\u0165 \u0161um vetra, po\u010d\u00fava\u0165 spev vt\u00e1kov, po\u010d\u00fava\u0165 padaj\u00faci d\u00e1\u017e\u010f a sneh, p\u00edskanie sk\u00e1l, po\u010d\u00fava\u0165 hovoriace stromy, po\u010d\u00fava\u0165 hrmenie, c\u00edti\u0165 v\u00f4\u0148u pr\u00edrody \u2026. a to doslovne.<\/p>\n\n\n\n<p>M\u00f4jho brata som tvrdo vychov\u00e1vala, drez\u00edrovala som ho na poriadok v skrinke i v aktovke do \u0161koly, vo viz\u00e1\u017ei, av\u0161ak aj sa darilo aj nie\u2026.. v\u017edy sme boli v sebe\u2026. Ale pri\u0161iel \u010das, ke\u010f sme si za\u010dali rozumie\u0165, mala som 18 a on 17 rokov. Ka\u017ed\u00fd t\u00fd\u017ede\u0148 od svojich 14 rokov som doch\u00e1dzala vlakom z Bratislavy zo \u0161koly \u2026. A nebolo t\u00fd\u017ed\u0148a , aby som nepomyslela na m\u00f4jho brata, len, aby sa mu ni\u010d nestalo ! \u2026.ke\u010f bol cel\u00e9 v\u00edkendy v Man\u00ednskej \u00fa\u017eine, lebo ako som pri\u0161la v piatok, \u010di odch\u00e1dzala v&nbsp;nede\u013eu, st\u00e1le bol na skal\u00e1ch v \u00fa\u017eine. M\u00e1lo \u010dasu tr\u00e1vil len tak doma\u2026. Najes\u0165, vyspa\u0165, umy\u0165 sa a be\u017ea\u0165 do \u00da\u017einy! Ahojteeee kri\u010dal , len dvere bolo po\u010du\u0165 ako sa zavreli \u2026 a zas jeho netrpezliv\u00fd n\u00e1vrat domov vo ve\u010dern\u00fdch hodin\u00e1ch\u2026. Uffff\u2026.&nbsp;<\/p>\n\n\n\n<p>Nech\u00e1pala som v tom \u010da\u0161e jeho v\u00e1\u0161e\u0148 a motiv\u00e1ciu liez\u0165, mapova\u0165 cesty, cestova\u0165 po Slovensku a zapisova\u0165 si ka\u017ed\u00fa jednu prejden\u00fa cesti\u010dku na skal\u00e1ch\u2026sen si splnil \/ vydal 3 \u00faspe\u0161n\u00e9 publik\u00e1cie o&nbsp;skal\u00e1ch, o technike lezenia \u2026<\/p>\n\n\n\n<p>Bavilo n\u00e1s kreslenie &#8211; hra\u0165 sa s farbami a tvori\u0165 \u2026. , po absolvovan\u00ed 9 ro\u010d. umeleckej \u0161koly sme mohli plne rozv\u00edja\u0165 umeleck\u00e9ho ducha. Daniel v tom pokra\u010doval,\u2026 za\u010dal navrhova\u0165 log\u00e1, kreslil vt\u00e1kov, z\u00e1ti\u0161ia \u2026. Jeho n\u00e1pad nakresli\u0165 znak HK Man\u00edn vy\u0161iel a dnes zdob\u00ed jeho znak s nadpisom klubu HK MANIN nezamenite\u013en\u00e9 miesto pova\u017esko-bystrick\u00fdch horolezcov&nbsp;medzi ostatn\u00fdmi klubmi \u2026. samozrejme s\u00fa \/ sme najlep\u0161\u00ed\u2026\u2026<\/p>\n\n\n\n<p>Je toho ve\u013ea, \u010do by som nap\u00edsala \u2026.. ale chcem poveda\u0165 jedno\u2026. nie je d\u0148a , \u010do by som si nespomenula na m\u00f4jho brata aj s mojimi de\u0165mi , aj s rodi\u010dmi , \u017eije st\u00e1le v n\u00e1s a medzi nami\u2026. Je to u\u017e 20 rokov 12.9. 2002 \u010do n\u00e1s nav\u017edy opustil.&nbsp;<\/p>\n\n\n\n<p>\u010ces\u0165 jeho pamiatke!&nbsp;<\/p>\n\n\n\n<p>S \u00factou a po\u010fakovan\u00edm HK MANIN Pova\u017esk\u00e1 Bystrica , jeho drah\u00fdm priate\u013eom, ktor\u00ed to cele sp\u00edskali\u2026\u2026<\/p>\n\n\n\n<p class=\"has-text-align-right\">sestra D\u00c1\u0160A<\/p>\n","protected":false},"excerpt":{"rendered":"<p>Dano&#8230;m\u00f4j star\u0161\u00ed brat (9rokov), ve\u013ek\u00fd vzor. Nie je de\u0148, kedy by som na\u0148ho nemyslel. Na to, ako sme sa spolu vedeli nasmia\u0165, ako sme po\u010d\u00favali Michala Tu\u010dn\u00e9ho, d\u00edvali sa spolu na westerny a&nbsp;pou\u017e\u00edvali hl\u00e1\u0161ky z&nbsp;filmov. Aj ke\u010f&nbsp; sme si v&nbsp;obdob\u00ed mojej b\u00farlivej puberty moc nerozumeli, bol to brat, \u010do nikdy nes\u00fadil, nekritizoval &#8230;. Ve\u013emi ma &hellip; <a href=\"https:\/\/hkmanin.sk\/wp\/?page_id=14482\" class=\"more-link\">Pokra\u010dova\u0165 na <span class=\"screen-reader-text\">Rodina<\/span> <span class=\"meta-nav\">&rarr;<\/span><\/a><\/p>\n","protected":false},"author":4,"featured_media":14483,"parent":0,"menu_order":0,"comment_status":"closed","ping_status":"closed","template":"","meta":{"footnotes":""},"class_list":["post-14482","page","type-page","status-publish","has-post-thumbnail","hentry"],"_links":{"self":[{"href":"https:\/\/hkmanin.sk\/wp\/index.php?rest_route=\/wp\/v2\/pages\/14482","targetHints":{"allow":["GET"]}}],"collection":[{"href":"https:\/\/hkmanin.sk\/wp\/index.php?rest_route=\/wp\/v2\/pages"}],"about":[{"href":"https:\/\/hkmanin.sk\/wp\/index.php?rest_route=\/wp\/v2\/types\/page"}],"author":[{"embeddable":true,"href":"https:\/\/hkmanin.sk\/wp\/index.php?rest_route=\/wp\/v2\/users\/4"}],"replies":[{"embeddable":true,"href":"https:\/\/hkmanin.sk\/wp\/index.php?rest_route=%2Fwp%2Fv2%2Fcomments&post=14482"}],"version-history":[{"count":3,"href":"https:\/\/hkmanin.sk\/wp\/index.php?rest_route=\/wp\/v2\/pages\/14482\/revisions"}],"predecessor-version":[{"id":14488,"href":"https:\/\/hkmanin.sk\/wp\/index.php?rest_route=\/wp\/v2\/pages\/14482\/revisions\/14488"}],"wp:featuredmedia":[{"embeddable":true,"href":"https:\/\/hkmanin.sk\/wp\/index.php?rest_route=\/wp\/v2\/media\/14483"}],"wp:attachment":[{"href":"https:\/\/hkmanin.sk\/wp\/index.php?rest_route=%2Fwp%2Fv2%2Fmedia&parent=14482"}],"curies":[{"name":"wp","href":"https:\/\/api.w.org\/{rel}","templated":true}]}}