{"id":14471,"date":"2022-05-24T23:03:05","date_gmt":"2022-05-24T21:03:05","guid":{"rendered":"https:\/\/hkmanin.sk\/wp\/?page_id=14471"},"modified":"2022-05-25T22:28:06","modified_gmt":"2022-05-25T20:28:06","slug":"zaciatky","status":"publish","type":"page","link":"https:\/\/hkmanin.sk\/wp\/?page_id=14471","title":{"rendered":"Za\u010diatky"},"content":{"rendered":"\n<p>Dana som stretol prv\u00fd kr\u00e1t 1. septembra 1982 a&nbsp;odvtedy sme sa stret\u00e1vali temer denne dlh\u00e9 roky. \u00c1no, chodili sme spolu do \u0161koly, od z\u00e1kladnej. Spo\u010diatku ako len spolu\u017eiaci, no \u010dochv\u00ed\u013ea ako dobr\u00ed kamar\u00e1ti. Mali sme podobn\u00e9 z\u00e1ujmy, n\u00e1zory. Bavil n\u00e1s pohyb, mali sme radi \u0161port. Pri futbale dostal aj prez\u00fdvku \u201eMexico\u201c. Z\u00e1vodne hr\u00e1val basketbal. Na 5-ke sa v&nbsp;t\u00fdch \u010dasoch na telesnej hr\u00e1val hlavne basketbal. Telocvik\u00e1r bol nad\u0161enec, po poobediach organizoval celo\u0161kolsk\u00fd turnaj medzi triedami. Spomedzi \u0161iestakov sme post\u00fapili a&nbsp;narazili na star\u0161\u00edch, tu\u0161im siedmakov. Probl\u00e9m bol, \u017ee sme sa poobede zi\u0161li len \u0161tyria. Telocvik\u00e1r n\u00e1s odhov\u00e1ral, \u017ee s\u00fa star\u0161\u00ed, je ich viac, aby sme to odlo\u017eili. No my sme ve\u013emi chceli hra\u0165. Napokon sme vyhrali. Najtesnej\u0161\u00edm mo\u017en\u00fdm rozdielom 1:0. V&nbsp;basketbale! Dano premenil jednu 6-ku, a&nbsp;stal sa hviezdou. Patri\u010dne si to u\u017e\u00edval.<\/p>\n\n\n\n<figure class=\"wp-block-image size-large\"><img loading=\"lazy\" decoding=\"async\" width=\"1024\" height=\"637\" src=\"https:\/\/hkmanin.sk\/wp\/wp-content\/uploads\/2022\/05\/Stuzkova-1024x637.jpg\" alt=\"\" class=\"wp-image-14473\" srcset=\"https:\/\/hkmanin.sk\/wp\/wp-content\/uploads\/2022\/05\/Stuzkova-1024x637.jpg 1024w, https:\/\/hkmanin.sk\/wp\/wp-content\/uploads\/2022\/05\/Stuzkova-300x187.jpg 300w, https:\/\/hkmanin.sk\/wp\/wp-content\/uploads\/2022\/05\/Stuzkova-768x478.jpg 768w, https:\/\/hkmanin.sk\/wp\/wp-content\/uploads\/2022\/05\/Stuzkova-1536x955.jpg 1536w, https:\/\/hkmanin.sk\/wp\/wp-content\/uploads\/2022\/05\/Stuzkova-2048x1274.jpg 2048w\" sizes=\"auto, (max-width: 1024px) 100vw, 1024px\" \/><\/figure>\n\n\n\n<p class=\"has-text-align-center\">Stu\u017ekov\u00e1<\/p>\n\n\n\n<p>Potom sme objavili lezenie, alebo sme si to aspo\u0148 mysleli. Doma v&nbsp;kni\u017enici som na\u0161iel knihu od Mi\u0161a Orol\u00edna \u201eStrm\u00e9 cesty k&nbsp;Himal\u00e1jam\u201c, a&nbsp;doslova som ju hltal. Na Helene sa pr\u00e1ve staval Rozkvet a&nbsp;pod panel\u00e1ky sa bagrovali obrovsk\u00e9 jamy, hlbok\u00e9 sn\u00e1\u010f 5 metrov. Bolo vzr\u00fa\u0161o v&nbsp;najni\u017e\u0161om mieste do nich sko\u010di\u0165, alebo zliez\u0165, a&nbsp;potom sa dosta\u0165 von. Sk\u00f4r len symbolicky okolo p\u00e1sa uviazan\u00fd k\u00fasok star\u00e9ho konopn\u00e9ho lana, \u010di \u0161n\u00fary, \u010do otec pou\u017e\u00edval pri orez\u00e1van\u00ed stromov, by n\u00e1s sotva zachr\u00e1nil. Dano to priviedol do dokonalosti. Do ka\u017edej ruky aspo\u0148 200-ku klinec, ktor\u00fd sa dal zabodn\u00fa\u0165 do \u00edlovitej zeme, a&nbsp;hne\u010f sme liezli ako s&nbsp;cep\u00ednmi.<\/p>\n\n\n\n<p>K&nbsp;skuto\u010dn\u00e9mu lezeniu sme pri\u010duchli a\u017e na priemyslovke. Boli sme \u0161tyria spolu\u017eiaci. Nerv\u00f3zne sme vy\u010dkali koniec vyu\u010dovania, sadli na bicykle a&nbsp;\u0161up do U\u017einy. Jedine Pato mal Babettu a&nbsp;bol za kr\u00e1\u013ea. Dano zbo\u017e\u0148oval K\u00e1venky. Dok\u00e1zal ich donekone\u010dna rozliepa\u0165. Zjedol odlepen\u00fa opl\u00e1tku, potom samostatne vrstvu plnky, a&nbsp;odlepil \u010fal\u0161iu opl\u00e1tku. Rad\u0161ej ako K\u00e1venky mal sn\u00e1\u010f len Patovu Babettu. V\u017edy \u017eobronil aby sa mohol aspo\u0148 nachv\u00ed\u013eu povozi\u0165. Ke\u010f Pata obm\u00e4k\u010dil, vymenil K\u00e1venku za 5 min\u00fat jazdy na Babettke po Man\u00ednskej \u00da\u017eine. My sme u\u017e \u010dasto vyba\u013eovali ruksaky pod skalou a&nbsp;z&nbsp;U\u017einy sa e\u0161te oz\u00fdvala Babetta.<\/p>\n\n\n\n<figure class=\"wp-block-image size-large\"><img loading=\"lazy\" decoding=\"async\" width=\"699\" height=\"1024\" src=\"https:\/\/hkmanin.sk\/wp\/wp-content\/uploads\/2022\/05\/Lezecke-zaciatky-na-cernoknazniku-699x1024.jpg\" alt=\"\" class=\"wp-image-14474\" srcset=\"https:\/\/hkmanin.sk\/wp\/wp-content\/uploads\/2022\/05\/Lezecke-zaciatky-na-cernoknazniku-699x1024.jpg 699w, https:\/\/hkmanin.sk\/wp\/wp-content\/uploads\/2022\/05\/Lezecke-zaciatky-na-cernoknazniku-205x300.jpg 205w, https:\/\/hkmanin.sk\/wp\/wp-content\/uploads\/2022\/05\/Lezecke-zaciatky-na-cernoknazniku-768x1125.jpg 768w, https:\/\/hkmanin.sk\/wp\/wp-content\/uploads\/2022\/05\/Lezecke-zaciatky-na-cernoknazniku-1048x1536.jpg 1048w, https:\/\/hkmanin.sk\/wp\/wp-content\/uploads\/2022\/05\/Lezecke-zaciatky-na-cernoknazniku-1398x2048.jpg 1398w, https:\/\/hkmanin.sk\/wp\/wp-content\/uploads\/2022\/05\/Lezecke-zaciatky-na-cernoknazniku-scaled.jpg 1747w\" sizes=\"auto, (max-width: 699px) 100vw, 699px\" \/><\/figure>\n\n\n\n<p class=\"has-text-align-center\">Lezeck\u00e9 za\u010diatky na \u010dernok\u0148a\u017en\u00edku<\/p>\n\n\n\n<p>Za\u010diatky boli vesel\u00e9 a&nbsp;divok\u00e9. O&nbsp;lezen\u00ed sme nevedeli ni\u010d. Len star\u00e9 tepl\u00e1ky, cvi\u010dky a&nbsp;sna\u017eili sme sa odlepi\u0165 od zeme. A\u017e nesk\u00f4r, postupne pri\u0161li zrezan\u00e9 kopa\u010dky, seda\u010dka, prv\u00e9 lano, prv\u00e9 leze\u010dky. S&nbsp;t\u00fdm sme si u\u017e tr\u00fafli aj na prv\u00e9 odisten\u00e9 cesty.<\/p>\n\n\n\n<p>Niekde na Hornej Gotickej raz liezol Dano ako prv\u00fd a&nbsp;Kajo ho istil. Odliezol od istenia a k\u00fdm stihol zapn\u00fa\u0165 \u010fal\u0161ie, vypadol. Zletel vari 5 \u2013 6 metrov, a&nbsp;Kaja vytiahol dobr\u00fd meter hore. Dano ostal visie\u0165 dole hlavou,&nbsp; sn\u00e1\u010f \u00bd metra nad ve\u013ek\u00fdm \u0161picat\u00fdm kame\u0148om na zemi. H\u013eadeli sme v\u0161etci v&nbsp;nemom \u00fa\u017ease, a\u017e k\u00fdm sa Dano pokojne neop\u00fdtal: \u201eD\u00e1te ma dole, \u010di ostaneme takto?\u201c Boli to kr\u00e1sne \u010dasy.<\/p>\n\n\n\n<p>Po skon\u010den\u00ed priemyslovky sa na\u0161e cesty trochu rozi\u0161li. Ja som pokra\u010doval v&nbsp;\u0161kole, liezol len pr\u00edle\u017eitostne. Zato Dano sa venoval lezeniu naplno. Mal zmysel pre humor. Nap\u00edsal doma na st\u00f4l odkaz: \u201eIdem tam kde zapad\u00e1 Slnko&#8230;\u201c, a&nbsp;odi\u0161iel liez\u0165 do Franc\u00fazska. Ob\u010das sme si e\u0161te spolu zaliezli, no dotiahol lezenie na neporovnate\u013ene lep\u0161iu \u00farove\u0148 ako ja.<\/p>\n\n\n\n<figure class=\"wp-block-image size-large\"><img loading=\"lazy\" decoding=\"async\" width=\"1024\" height=\"708\" src=\"https:\/\/hkmanin.sk\/wp\/wp-content\/uploads\/2022\/05\/Popradske-pleso-den-pred-urazom-na-Osarpancoch.-Miro-Stolicny-Fero-Kopecky-Cito-a-Dago-1024x708.jpg\" alt=\"\" class=\"wp-image-14475\" srcset=\"https:\/\/hkmanin.sk\/wp\/wp-content\/uploads\/2022\/05\/Popradske-pleso-den-pred-urazom-na-Osarpancoch.-Miro-Stolicny-Fero-Kopecky-Cito-a-Dago-1024x708.jpg 1024w, https:\/\/hkmanin.sk\/wp\/wp-content\/uploads\/2022\/05\/Popradske-pleso-den-pred-urazom-na-Osarpancoch.-Miro-Stolicny-Fero-Kopecky-Cito-a-Dago-300x208.jpg 300w, https:\/\/hkmanin.sk\/wp\/wp-content\/uploads\/2022\/05\/Popradske-pleso-den-pred-urazom-na-Osarpancoch.-Miro-Stolicny-Fero-Kopecky-Cito-a-Dago-768x531.jpg 768w, https:\/\/hkmanin.sk\/wp\/wp-content\/uploads\/2022\/05\/Popradske-pleso-den-pred-urazom-na-Osarpancoch.-Miro-Stolicny-Fero-Kopecky-Cito-a-Dago.jpg 1535w\" sizes=\"auto, (max-width: 1024px) 100vw, 1024px\" \/><\/figure>\n\n\n\n<p class=\"has-text-align-center\">Popradsk\u00e9 pleso de\u0148 pred \u00farazom na O\u0161arpancoch. Miro Stoli\u010dn\u00fd, Fero Kopeck\u00fd Ci\u0165o a Dago<\/p>\n\n\n\n<p>Ke\u010f mal v&nbsp;lete 1992 \u00faraz na O\u0161arpancoch, bol som zhodou okolnosti tie\u017e v&nbsp;Tatr\u00e1ch. O&nbsp;\u00faraze som sa dozvedel od horsk\u00e9ho vodcu na Gerlachu. Vraj niekto z&nbsp;Pova\u017eskej spadol na O\u0161arpancoch, a&nbsp;bral ho vrtu\u013en\u00edk. Meno nevedel. Pozn\u00e1te to ke\u010f m\u00e1te tak\u00fa zl\u00fa predtuchu. Po\u010das horolezeck\u00e9ho t\u00fd\u017ed\u0148a liezlo v&nbsp;Tatr\u00e1ch ve\u013ea \u013eud\u00ed z&nbsp;Pova\u017eskej, no m\u0148a hne\u010f napadlo, len aby to nebol Dano. Pri tom ne\u0161\u0165ast\u00ed mal aj trochu \u0161\u0165astia a&nbsp;vyviazol \u201elen\u201c s&nbsp;v\u00e1\u017enym \u00farazom nohy. O&nbsp;lete vrtu\u013en\u00edkom, ke\u010f sa otvorilo L\u00fa\u010dne sedlo do Popradskej kotliny, dok\u00e1zal rozpr\u00e1va\u0165 tak p\u00fatavo, \u017ee sme mu ho norm\u00e1lne z\u00e1videli.<\/p>\n\n\n\n<p>\u00daraz ho trochu pribrzdil, no ani tak sa lezeniu venova\u0165 neprestal. Sp\u00edsal a&nbsp;skreslil nieko\u013eko jedine\u010dn\u00fdch horolezeck\u00fdch sprievodcov zo sk\u00e1l v&nbsp;na\u0161om bl\u00edzkom okol\u00ed, i&nbsp;z&nbsp;cel\u00e9ho Slovenska.<\/p>\n\n\n\n<p>V&nbsp;auguste 2002 sme sa stretli n\u00e1hodne na bicykloch, na ceste k\u00fasok nad Pova\u017eskou Teplou. Ja som \u0161liapal do U\u017einy, on sa z&nbsp;nej u\u017e vracal. \u201eAhoj, ako sa m\u00e1\u0161, dlho sme sa nevideli, kam ide\u0161? M\u00e1\u0161 pekn\u00fd bicykel. Aj ja si chcem k\u00fapi\u0165. Porad\u00ed\u0161 mi?\u201c \u201eJasn\u00e9\u201c odpovedal som. E\u0161te p\u00e1r viet a&nbsp;rozi\u0161li sme sa. Dano sa pon\u00e1h\u013eal dole, u\u017e kamsi me\u0161kal, ja hore aby som e\u0161te \u010do to v&nbsp;U\u017eine do tmy stihol.<\/p>\n\n\n\n<p>Keby sme boli vedeli, \u017ee je to naposledy&#8230;Potom u\u017e len t\u00e1 smutn\u00e1 spr\u00e1va 12.&nbsp;septembra 2002. Niekto spadol v&nbsp;Man\u00ednskej U\u017eine. A&nbsp;zase t\u00e1 zl\u00e1 predtucha. A&nbsp;zase sa naplnila. Bohu\u017eia\u013e, tentoraz u\u017e Dana \u0161\u0165astie nadobro opustilo. Mal tridsa\u0165 a&nbsp;\u010dochv\u00ed\u013ea tomu bude neuverite\u013en\u00fdch dvadsa\u0165 rokov. V&nbsp;tychto d\u0148och by sa do\u017eil 50-ky. <\/p>\n\n\n\n<p>\u00a0\u00a0\u00a0\u00a0\u00a0\u00a0\u00a0\u00a0\u00a0\u00a0\u00a0\u00a0\u00a0\u00a0\u00a0\u00a0\u00a0\u00a0\u00a0\u00a0\u00a0\u00a0\u00a0\u00a0\u00a0\u00a0\u00a0\u00a0\u00a0\u00a0\u00a0\u00a0\u00a0\u00a0\u00a0\u00a0\u00a0\u00a0\u00a0\u00a0\u00a0\u00a0\u00a0\u00a0\u00a0\u00a0\u00a0\u00a0\u00a0\u00a0\u00a0\u00a0\u00a0\u00a0\u00a0\u00a0\u00a0\u00a0\u00a0\u00a0\u00a0\u00a0\u00a0\u00a0\u00a0\u00a0\u00a0\u00a0\u00a0\u00a0\u00a0\u00a0\u00a0\u00a0\u00a0\u00a0\u00a0\u00a0\u00a0\u00a0\u00a0\u00a0\u00a0 \u00a0\u00a0\u00a0\u00a0\u00a0\u00a0\u00a0Juraj Senko &#8211; spolu\u017eiak, kamar\u00e1t a spolulezec<\/p>\n","protected":false},"excerpt":{"rendered":"<p>Dana som stretol prv\u00fd kr\u00e1t 1. septembra 1982 a&nbsp;odvtedy sme sa stret\u00e1vali temer denne dlh\u00e9 roky. \u00c1no, chodili sme spolu do \u0161koly, od z\u00e1kladnej. Spo\u010diatku ako len spolu\u017eiaci, no \u010dochv\u00ed\u013ea ako dobr\u00ed kamar\u00e1ti. Mali sme podobn\u00e9 z\u00e1ujmy, n\u00e1zory. Bavil n\u00e1s pohyb, mali sme radi \u0161port. Pri futbale dostal aj prez\u00fdvku \u201eMexico\u201c. Z\u00e1vodne hr\u00e1val basketbal. Na &hellip; <a href=\"https:\/\/hkmanin.sk\/wp\/?page_id=14471\" class=\"more-link\">Pokra\u010dova\u0165 na <span class=\"screen-reader-text\">Za\u010diatky<\/span> <span class=\"meta-nav\">&rarr;<\/span><\/a><\/p>\n","protected":false},"author":4,"featured_media":14472,"parent":0,"menu_order":0,"comment_status":"closed","ping_status":"closed","template":"","meta":{"footnotes":""},"class_list":["post-14471","page","type-page","status-publish","has-post-thumbnail","hentry"],"_links":{"self":[{"href":"https:\/\/hkmanin.sk\/wp\/index.php?rest_route=\/wp\/v2\/pages\/14471","targetHints":{"allow":["GET"]}}],"collection":[{"href":"https:\/\/hkmanin.sk\/wp\/index.php?rest_route=\/wp\/v2\/pages"}],"about":[{"href":"https:\/\/hkmanin.sk\/wp\/index.php?rest_route=\/wp\/v2\/types\/page"}],"author":[{"embeddable":true,"href":"https:\/\/hkmanin.sk\/wp\/index.php?rest_route=\/wp\/v2\/users\/4"}],"replies":[{"embeddable":true,"href":"https:\/\/hkmanin.sk\/wp\/index.php?rest_route=%2Fwp%2Fv2%2Fcomments&post=14471"}],"version-history":[{"count":2,"href":"https:\/\/hkmanin.sk\/wp\/index.php?rest_route=\/wp\/v2\/pages\/14471\/revisions"}],"predecessor-version":[{"id":14508,"href":"https:\/\/hkmanin.sk\/wp\/index.php?rest_route=\/wp\/v2\/pages\/14471\/revisions\/14508"}],"wp:featuredmedia":[{"embeddable":true,"href":"https:\/\/hkmanin.sk\/wp\/index.php?rest_route=\/wp\/v2\/media\/14472"}],"wp:attachment":[{"href":"https:\/\/hkmanin.sk\/wp\/index.php?rest_route=%2Fwp%2Fv2%2Fmedia&parent=14471"}],"curies":[{"name":"wp","href":"https:\/\/api.w.org\/{rel}","templated":true}]}}