{"id":14464,"date":"2022-05-24T22:51:21","date_gmt":"2022-05-24T20:51:21","guid":{"rendered":"https:\/\/hkmanin.sk\/wp\/?page_id=14464"},"modified":"2022-05-24T23:44:37","modified_gmt":"2022-05-24T21:44:37","slug":"life-is-easy-life-is-good","status":"publish","type":"page","link":"https:\/\/hkmanin.sk\/wp\/?page_id=14464","title":{"rendered":"Life is easy, life is good"},"content":{"rendered":"\n<p>Ahoj Laco, to nie je zrovna v\u010dera \u010do sme boli naposledy v&nbsp;kontakte. D\u00fafam, \u017ee sa ti dar\u00ed a&nbsp;hlavne zdravie sl\u00fa\u017ei. \u010co sa t\u00fdka Dana, bohu\u017eia\u013e, v\u0161etky star\u00e9 fotky m\u00e1m u&nbsp;rodi\u010dov na SK. Ale jednu predsa m\u00e1m. Je na nej Dano, Ivan Brz\u00fd a&nbsp;Ja. Foto je z&nbsp;Franc\u00fazka (Calanques), mysl\u00edm, \u017ee z&nbsp;roku 96. Neviem \u00faplne za ak\u00fdm \u00fa\u010delom, ale o&nbsp;Danovi by som nap\u00edsal toto: Dano za\u010d\u00ednal s&nbsp;lezen\u00edm za\u010diatkom 90-tych rokov ako mlad\u00fd teenager. Patril asi k&nbsp;poslednej gener\u00e1cii lezcov, ktor\u00e1 za\u010d\u00ednala lezenie v&nbsp;kopa\u010dk\u00e1ch podlepen\u00fdch \u201cmechovkou\u201c&nbsp; a&nbsp;ktor\u00e1 za\u017eila pr\u00edchod umel\u00fdch lezeck\u00fdch stien na Slovensko. Mo\u017enos\u0165 celoro\u010dn\u00e9ho tr\u00e9ningu vtedy prispela k&nbsp;jeho v\u00fdkonnostn\u00e9mu zlep\u0161eniu, aj ke\u010f&nbsp; \u201cpreglejka\u201c nebola nikdy Danovou srdcovkou. V\u00e4\u010d\u0161inu \u010dasu tr\u00e1vil v&nbsp;pr\u00edrode. <\/p>\n\n\n\n<figure class=\"wp-block-image size-large\"><img loading=\"lazy\" decoding=\"async\" width=\"1024\" height=\"708\" src=\"https:\/\/hkmanin.sk\/wp\/wp-content\/uploads\/2022\/05\/Calanques-Stano-Riljak-a-Dano-1024x708.jpg\" alt=\"\" class=\"wp-image-14466\" srcset=\"https:\/\/hkmanin.sk\/wp\/wp-content\/uploads\/2022\/05\/Calanques-Stano-Riljak-a-Dano-1024x708.jpg 1024w, https:\/\/hkmanin.sk\/wp\/wp-content\/uploads\/2022\/05\/Calanques-Stano-Riljak-a-Dano-300x208.jpg 300w, https:\/\/hkmanin.sk\/wp\/wp-content\/uploads\/2022\/05\/Calanques-Stano-Riljak-a-Dano-768x531.jpg 768w, https:\/\/hkmanin.sk\/wp\/wp-content\/uploads\/2022\/05\/Calanques-Stano-Riljak-a-Dano.jpg 1535w\" sizes=\"auto, (max-width: 1024px) 100vw, 1024px\" \/><\/figure>\n\n\n\n<p class=\"has-text-align-center\">Calanques Stano Riljak a Dano<\/p>\n\n\n\n<p>V&nbsp;90-t\u00fdch rokoch patril Dano k&nbsp;absol\u00fatnemu jadru \u0161portov\u00e9ho a&nbsp;soci\u00e1lneho diania v&nbsp;klube. Svojimi aktivitami v\u00fdrazne prispel k&nbsp;rozvoju a&nbsp;propag\u00e1cii lezeck\u00fdch oblast\u00ed v&nbsp;okol\u00ed Pova\u017eskej Bystrice.&nbsp; Dano mal&nbsp; \u201coko\u201c na fotografovanie (pozn. mne fotil svadbu ). Asi najlep\u0161\u00edm d\u00f4kazom jeho vz\u0165ahu ku skal\u00e1m, ale aj jeho kreativity a&nbsp;grafick\u00e9ho talentu s\u00fa jeho \u00fa\u017easn\u00ed, ru\u010dne ilustrovan\u00ed sprievodcovia lezenia po slovensk\u00fdch skal\u00e1ch. \u201cDago\u201c bol fantastick\u00fd kamar\u00e1t a&nbsp;je ve\u010dn\u00e1 \u0161koda, \u017ee tu u\u017e s&nbsp;nami nie je.<\/p>\n\n\n\n<figure class=\"wp-block-image size-large\"><img loading=\"lazy\" decoding=\"async\" width=\"1024\" height=\"708\" src=\"https:\/\/hkmanin.sk\/wp\/wp-content\/uploads\/2022\/05\/Lezecka-trojka-Stano-Dano-a-Cito-Avignon-96-1024x708.jpg\" alt=\"\" class=\"wp-image-14467\" srcset=\"https:\/\/hkmanin.sk\/wp\/wp-content\/uploads\/2022\/05\/Lezecka-trojka-Stano-Dano-a-Cito-Avignon-96-1024x708.jpg 1024w, https:\/\/hkmanin.sk\/wp\/wp-content\/uploads\/2022\/05\/Lezecka-trojka-Stano-Dano-a-Cito-Avignon-96-300x208.jpg 300w, https:\/\/hkmanin.sk\/wp\/wp-content\/uploads\/2022\/05\/Lezecka-trojka-Stano-Dano-a-Cito-Avignon-96-768x531.jpg 768w, https:\/\/hkmanin.sk\/wp\/wp-content\/uploads\/2022\/05\/Lezecka-trojka-Stano-Dano-a-Cito-Avignon-96.jpg 1535w\" sizes=\"auto, (max-width: 1024px) 100vw, 1024px\" \/><\/figure>\n\n\n\n<p class=\"has-text-align-center\">Lezeck\u00e1 trojka Stano, Dano a Ci\u0165o &#8211; Avignon 96<\/p>\n\n\n\n<p>PS: Je podve\u010der a ja sa unaven\u00fd kl\u00e1tim do kresla. Leto u\u017e vyhralo na plnej \u010diare a izbu zalieva m\u00e4kk\u00e9 slne\u010dn\u00e9 svetlo. Cez pootvoren\u00fd balk\u00f3n dnu prenikaj\u00fa tlmen\u00e9 zvuky mesta a za oknom sa vietor jemne pohr\u00e1va s korunami star\u00fdch javorov. Vyp\u00ednam \u2026 my\u0161lienky v hlave urobia zop\u00e1r skokov a som zrazu niekde inde. Ost\u00e1va so mnou iba slne\u010dn\u00fd podve\u010der a tlak seda\u010dky na moje telo. Sed\u00edm ved\u013ea Dana v jeho starej \u010dervenej \u0160kode MB. Okno je naplno stiahnut\u00e9. Rukou vystr\u010denou z okna ohmat\u00e1vam proti pr\u00fad tepl\u00e9ho j\u00falov\u00e9ho vzduchu. O\u010di mi zabl\u00fadia na sp\u00e1len\u00e9 predlaktie. U\u017e za\u010d\u00edna \u0161t\u00edpa\u0165. Pozriem ved\u013ea na Dana. Jeho slnko miluje a jeho do hneda op\u00e1lene ruky a ramen\u00e1 kontrastuj\u00fa s bielym tielkom. Volant dr\u017e\u00ed jednou rukou a auto uvo\u013enene smeruje dolu Pova\u017e\u00edm popri Hri\u010dovskom kan\u00e1li. Na tv\u00e1ri ma spokojn\u00fd v\u00fdraz. Ve\u013ea nehovor\u00edme, sme pr\u00edjemne unaven\u00ed, tel\u00e1 ponoren\u00e9 v seda\u010dk\u00e1ch. Vychutn\u00e1vame si jazdu a v\u00fdh\u013ead na krajinu. Tu sme doma, tu to pozn\u00e1me! Po\u010d\u00favame hudbu ru\u017eov\u00fdch floydov. Dano urobil upgrade asi 30 ro\u010dn\u00e9ho veter\u00e1na a do auta namontoval kaze\u0165\u00e1k a repr\u00e1ky, najv\u00e4\u010d\u0161ie ak\u00e9 mohli dvere star\u00e9ho auta e\u0161te prija\u0165. To sa ob\u010das pos\u0165a\u017euje a hlbok\u00e9 basy tvrdohlavo kontruje plechovou rezonanciou. De\u0148 sme str\u00e1vili lezen\u00edm v S\u00fa\u013eove a u\u017e sa te\u0161\u00edme, ako sa ponor\u00edme do chladnej vody Be\u0148ovskej n\u00e1dr\u017ee. Je n\u00e1m fajn. Hlavy n\u00e1m tak akur\u00e1t za\u0165a\u017euj\u00fa my\u0161lienky typu \u201ekam vyraz\u00edme liez\u0165 zajtra? Asi niekde, kde je dlho tie\u0148.\u201c To m\u00e1 ale \u010das. To sa v k\u013eude dorie\u0161i aj ve\u010der, na pive \u201cu Pepa\u201d \u2026 Yeah \u2026 Life is easy, life is good my friend.<\/p>\n\n\n\n<p class=\"has-text-align-right\">Stano Riljak<\/p>\n","protected":false},"excerpt":{"rendered":"<p>Ahoj Laco, to nie je zrovna v\u010dera \u010do sme boli naposledy v&nbsp;kontakte. D\u00fafam, \u017ee sa ti dar\u00ed a&nbsp;hlavne zdravie sl\u00fa\u017ei. \u010co sa t\u00fdka Dana, bohu\u017eia\u013e, v\u0161etky star\u00e9 fotky m\u00e1m u&nbsp;rodi\u010dov na SK. Ale jednu predsa m\u00e1m. Je na nej Dano, Ivan Brz\u00fd a&nbsp;Ja. Foto je z&nbsp;Franc\u00fazka (Calanques), mysl\u00edm, \u017ee z&nbsp;roku 96. Neviem \u00faplne za ak\u00fdm &hellip; <a href=\"https:\/\/hkmanin.sk\/wp\/?page_id=14464\" class=\"more-link\">Pokra\u010dova\u0165 na <span class=\"screen-reader-text\">Life is easy, life is good<\/span> <span class=\"meta-nav\">&rarr;<\/span><\/a><\/p>\n","protected":false},"author":4,"featured_media":14465,"parent":0,"menu_order":0,"comment_status":"closed","ping_status":"closed","template":"","meta":{"footnotes":""},"class_list":["post-14464","page","type-page","status-publish","has-post-thumbnail","hentry"],"_links":{"self":[{"href":"https:\/\/hkmanin.sk\/wp\/index.php?rest_route=\/wp\/v2\/pages\/14464","targetHints":{"allow":["GET"]}}],"collection":[{"href":"https:\/\/hkmanin.sk\/wp\/index.php?rest_route=\/wp\/v2\/pages"}],"about":[{"href":"https:\/\/hkmanin.sk\/wp\/index.php?rest_route=\/wp\/v2\/types\/page"}],"author":[{"embeddable":true,"href":"https:\/\/hkmanin.sk\/wp\/index.php?rest_route=\/wp\/v2\/users\/4"}],"replies":[{"embeddable":true,"href":"https:\/\/hkmanin.sk\/wp\/index.php?rest_route=%2Fwp%2Fv2%2Fcomments&post=14464"}],"version-history":[{"count":3,"href":"https:\/\/hkmanin.sk\/wp\/index.php?rest_route=\/wp\/v2\/pages\/14464\/revisions"}],"predecessor-version":[{"id":14503,"href":"https:\/\/hkmanin.sk\/wp\/index.php?rest_route=\/wp\/v2\/pages\/14464\/revisions\/14503"}],"wp:featuredmedia":[{"embeddable":true,"href":"https:\/\/hkmanin.sk\/wp\/index.php?rest_route=\/wp\/v2\/media\/14465"}],"wp:attachment":[{"href":"https:\/\/hkmanin.sk\/wp\/index.php?rest_route=%2Fwp%2Fv2%2Fmedia&parent=14464"}],"curies":[{"name":"wp","href":"https:\/\/api.w.org\/{rel}","templated":true}]}}