{"id":14454,"date":"2022-05-24T22:35:12","date_gmt":"2022-05-24T20:35:12","guid":{"rendered":"https:\/\/hkmanin.sk\/wp\/?page_id=14454"},"modified":"2022-05-24T23:44:05","modified_gmt":"2022-05-24T21:44:05","slug":"od-mexika-po-francuzko","status":"publish","type":"page","link":"https:\/\/hkmanin.sk\/wp\/?page_id=14454","title":{"rendered":"Od Mexika po Franc\u00fazko"},"content":{"rendered":"\n<p>S&nbsp;Danom sme vyrastali na rovnakom s\u00eddlisku, tak\u017ee sme sa poznali od detstva.&nbsp; Ja som b\u00fdval na \u0161iestom poschod\u00ed, Dino Kur\u00e1\u0148 na osmi\u010dke a&nbsp;Dano ved\u013ea v&nbsp;panel\u00e1ku zhruba 40 m od n\u00e1\u0161ho vchodu. Danove lezeck\u00e9 za\u010diatky s\u00fa spojen\u00e9 s&nbsp;partiou z&nbsp;priemyslovky.<\/p>\n\n\n\n<p>Ke\u010f som za\u010dal liez\u0165, ja a&nbsp;Stano Riljak sme boli ako lezeck\u00e9 dvoji\u010dky,&nbsp;Dano bol ako n\u00e1\u0161&nbsp; star\u0161\u00ed brat. Ke\u010f si na to spomeniem, fungovali sme ako rodina, ke\u010f sme neboli na skal\u00e1ch alebo v&nbsp;hale, tak sme spolu pozerali video alebo sme tr\u00e9novali na doske \u201e vis\u00ed na prstoch\u201c, hrazdu&#8230; Mali sme v\u0161etci rovnak\u00fa dosku, tak sme chodili tr\u00e9nova\u0165 na strieda\u010dku a&nbsp;zanech\u00e1vali intenz\u00edvnu pachov\u00fa stopu v&nbsp;bytoch na\u0161ich rodi\u010dov.<\/p>\n\n\n\n<p>Jedna z&nbsp;prv\u00fdch ciest, ak nie prv\u00e1, \u010do Dano urobil, je \u201eMexico\u201c obtia\u017enosti +7\/-8 na Vlne. Mexico bola prez\u00fdvka z&nbsp;detstva, ktor\u00fa dostal v&nbsp;\u010dase majstrovstiev sveta vo futbale v&nbsp;Mexiku (z\u00e1sluhou jeho otca). A\u017e pri lezen\u00ed sme ho za\u010dali vola\u0165 Dago, Dagu\u0161o&#8230;&nbsp; Dano je v lezeckej obci zn\u00e1my hlavne ako autor lezeck\u00fdch sprievodcov, stavbou druhej lezeckej steny e\u0161te v&nbsp;starej hale T-19. No nem\u00f4\u017eem zabudn\u00fa\u0165 na cesty, \u010do spravil hlavne v&nbsp;oblastiach Man\u00ednov a&nbsp;Priedhor\u00ed. Pam\u00e4t\u00e1m si, ke\u010f vyliezol pre m\u0148a jeho najkraj\u0161iu cestu&nbsp; \u201eTobog\u00e1n\u201c&nbsp; 9 na bielej stene, ako sa na nej vytr\u00e1pil k\u00fdm ju preliezol, alebo \u201eBeru\u0161ko zasp\u00edvej aneb par\u0165\u00e1cka\u201c 8 v&nbsp;Priedhor\u00ed. K&nbsp;n\u00e1zvu cesty \u201eBeru\u0161ko zasp\u00edvej\u201c doplnil \u201eaneb par\u0165\u00e1cka\u201c po tom, \u010do sme boli poh\u00e1dan\u00ed, aby to vy\u017eehlil. No a&nbsp;bolo po h\u00e1dke. Ke\u010f vyliezol \u201eDanovu\u201c za -9, pr\u00e1ve som&nbsp; pri\u0161iel z&nbsp;pieskov z&nbsp;\u00c1dru, bol som rozlezen\u00fd, ale&nbsp;na cestu za -9 na prv\u00fa \u0161upu som si neveril, dal som si horn\u00e9 lano a&nbsp;star\u00e9 Ninje, \u010do mi dal Dino, s&nbsp;t\u00fdm, \u017ee v&nbsp;k\u013e\u00fa\u010dovom mieste mi porad\u00ed. Dano mal neuverite\u013en\u00fd cit n\u00e1js\u0165 naj\u013eah\u0161iu variantu prelezu a&nbsp;jeho \u0161t\u00fdl mi vyhovoval, lezecky som mu \u00faplne d\u00f4veroval, v&nbsp;ceste mi povedal, \u010do m\u00e1m robi\u0165 a&nbsp;tak som dal Danovu na prv\u00fd raz, len bohu\u017eia\u013e z&nbsp;horn\u00fdm lanom.<\/p>\n\n\n\n<figure class=\"wp-block-image size-large is-resized\"><img loading=\"lazy\" decoding=\"async\" src=\"https:\/\/hkmanin.sk\/wp\/wp-content\/uploads\/2022\/05\/Dago-bol-pozitkar-1002x1024.jpeg\" alt=\"\" class=\"wp-image-14456\" width=\"800\" height=\"817\" srcset=\"https:\/\/hkmanin.sk\/wp\/wp-content\/uploads\/2022\/05\/Dago-bol-pozitkar-1002x1024.jpeg 1002w, https:\/\/hkmanin.sk\/wp\/wp-content\/uploads\/2022\/05\/Dago-bol-pozitkar-294x300.jpeg 294w, https:\/\/hkmanin.sk\/wp\/wp-content\/uploads\/2022\/05\/Dago-bol-pozitkar-768x785.jpeg 768w, https:\/\/hkmanin.sk\/wp\/wp-content\/uploads\/2022\/05\/Dago-bol-pozitkar-1503x1536.jpeg 1503w, https:\/\/hkmanin.sk\/wp\/wp-content\/uploads\/2022\/05\/Dago-bol-pozitkar-2004x2048.jpeg 2004w\" sizes=\"auto, (max-width: 800px) 100vw, 800px\" \/><\/figure>\n\n\n\n<p class=\"has-text-align-center\"><em>Dago bol p\u00f4\u017eitk\u00e1r<\/em><\/p>\n\n\n\n<p>Dano bol \u010dlovek, ktor\u00fd miloval \u017eivot, vedel si ho u\u017ei\u0165, miloval lezenie, lezeck\u00fa komunitu, lezeck\u00fa akciu si v&nbsp;tej dobe bez Dana neviem predstavi\u0165. To ako si on u\u017e\u00edval jedlo&#8230;. On a&nbsp;jeho \u0161peka\u010dka, \u010do opekal ve\u010der pod skalou, to boli kulin\u00e1rske orgie. U&nbsp;n\u00e1s doma v&nbsp;kuchyni mi vysvet\u013eoval pomer chleba a&nbsp;sal\u00e1my a&nbsp;to \u010do p\u00edsal Juro o&nbsp;Kavenk\u00e1ch&#8230;.<\/p>\n\n\n\n<p>&nbsp;Spolu sme spravili vodi\u010d\u00e1k,&nbsp; koncom roka&nbsp;1992.&nbsp; V&nbsp;t\u00fdch rokoch bol spr\u00e1vcom haly nelezec, nespom\u00ednam si na jeho meno. Dano sa sn\u00edm dal hne\u010f dokopy. P\u00e1n mal star\u00e9ho rozbit\u00e9ho \u017eigul\u00edka, no \u0161rot. Dano ho od neho vydrankal, aby mu ho po\u017ei\u010dal na cestu do Bouxu vo Franc\u00fazsku. Cel\u00fa zimu ho opravoval v&nbsp;hale s&nbsp;Romanom Ripkom. Po tom ako ho opravili,&nbsp; bol som sa na \u0148om odvies\u0165 a takmer som ho nab\u00faral, lebo nefungovali brzdy. Ke\u010f vyrazili, u\u017e cestou do Tren\u010d\u00edna museli dolieva\u0165 olej, za Tren\u010d\u00ednom to u\u017e niektor\u00ed v&nbsp;aute chceli oto\u010di\u0165, ale Dano to ust\u00e1l&#8230; V&nbsp;Rak\u00fasku u\u017e bola spotreba oleja v\u00e4\u010d\u0161ia ako spotreba benz\u00ednu, tak\u017ee niekto miestny im ho pomohol proviz\u00f3rne opravi\u0165 a na takto polepenom aute pre\u0161li pol Eur\u00f3py. Dano cel\u00fa cestu od\u0161of\u00e9roval s\u00e1m a&nbsp;to s&nbsp;3\u2013mesa\u010dn\u00fdm vodi\u010d\u00e1kom&#8230;obdivuhodn\u00e9&#8230;<\/p>\n\n\n\n<p>To bola doba, ke\u010f bol Dano, pod\u013ea m\u0148a, lezecky na vrchole. V&nbsp;Bouxe liezol s&nbsp;Dinom a&nbsp;boli momenty, ke\u010f sa mu zadarilo&nbsp; by\u0165 lep\u0161\u00ed, a&nbsp;to je \u010do poveda\u0165. Bolo to rok alebo dva po tom, \u010do mal otvoren\u00fa zlomeninu po p\u00e1de na O\u0161arpancoch. Dano bol ten typ, \u010do nec\u00favol a&nbsp;lezenie nenechal. Miesto toho za\u010dal intenz\u00edvne tr\u00e9nova\u0165, e\u0161te so sadrou na nohe robil \u201e vys\u00ed na prstoch \u201c , hrazdu, a&nbsp;\u00fapln\u00e1 par\u00e1da bola, ke\u010f o&nbsp;pali\u010dke chodil hr\u00e1va\u0165 biliard.&nbsp;<\/p>\n\n\n\n<figure class=\"wp-block-image size-large\"><img loading=\"lazy\" decoding=\"async\" width=\"768\" height=\"1024\" src=\"https:\/\/hkmanin.sk\/wp\/wp-content\/uploads\/2022\/05\/Dano-trenoval-aj-s-dlahou-na-nohe.jpg\" alt=\"\" class=\"wp-image-14478\" srcset=\"https:\/\/hkmanin.sk\/wp\/wp-content\/uploads\/2022\/05\/Dano-trenoval-aj-s-dlahou-na-nohe.jpg 768w, https:\/\/hkmanin.sk\/wp\/wp-content\/uploads\/2022\/05\/Dano-trenoval-aj-s-dlahou-na-nohe-225x300.jpg 225w\" sizes=\"auto, (max-width: 768px) 100vw, 768px\" \/><\/figure>\n\n\n\n<p class=\"has-text-align-center\">Dano tr\u00e9noval aj s dlahou na nohe<\/p>\n\n\n\n<p>Skrutky v&nbsp;nohe mal dlho, v\u00f4bec by som sa ne\u010dudoval, \u017ee ich mal aj na lezen\u00ed v&nbsp;Bouxe. Ja som s&nbsp;n\u00edm bol vo Franc\u00fazku liez\u0165 2x. Po prvom z\u00e1jazde pri\u0161iel z&nbsp;Franc\u00fazka ako vojnov\u00fd veter\u00e1n z&nbsp;rozbit\u00fdmi okuliarmi \u2013 iba s&nbsp;jedn\u00fdm sklom a&nbsp;s r\u00e1mom na \u0161pag\u00e1te. Druh\u00fdkr\u00e1t do Franc\u00fazka som i\u0161iel po vojne, bol som \u00faplne \u0161vorc a&nbsp;Dano mi vtedy po\u017ei\u010dal 5000 sk, aby som v\u00f4bec mohol \u00eds\u0165. Na toto obdobie m\u00e1m nezabudnute\u013en\u00e9 spomienky,&nbsp;nemalo to chybu.<\/p>\n\n\n\n<figure class=\"wp-block-image size-large\"><img loading=\"lazy\" decoding=\"async\" width=\"1024\" height=\"505\" src=\"https:\/\/hkmanin.sk\/wp\/wp-content\/uploads\/2022\/05\/Balenie-na-zajazd-do-Francuzska-vedla-Danova-cervena-legendarna-skodovka--1024x505.jpg\" alt=\"\" class=\"wp-image-14461\" srcset=\"https:\/\/hkmanin.sk\/wp\/wp-content\/uploads\/2022\/05\/Balenie-na-zajazd-do-Francuzska-vedla-Danova-cervena-legendarna-skodovka--1024x505.jpg 1024w, https:\/\/hkmanin.sk\/wp\/wp-content\/uploads\/2022\/05\/Balenie-na-zajazd-do-Francuzska-vedla-Danova-cervena-legendarna-skodovka--300x148.jpg 300w, https:\/\/hkmanin.sk\/wp\/wp-content\/uploads\/2022\/05\/Balenie-na-zajazd-do-Francuzska-vedla-Danova-cervena-legendarna-skodovka--768x378.jpg 768w, https:\/\/hkmanin.sk\/wp\/wp-content\/uploads\/2022\/05\/Balenie-na-zajazd-do-Francuzska-vedla-Danova-cervena-legendarna-skodovka-.jpg 1463w\" sizes=\"auto, (max-width: 1024px) 100vw, 1024px\" \/><\/figure>\n\n\n\n<p class=\"has-text-align-center\">Balenie na z\u00e1jazd do Franc\u00fazska ved\u013ea Danov\u00e1 \u010derven\u00e1 legend\u00e1rna \u0161kodovka<\/p>\n\n\n\n<p>Takmer som zabudol, ke\u010f bol Dano liez\u0165 v&nbsp;z\u00e1padnej stene Lomni\u010d\u00e1ku, pri zostupe podve\u010der na Skalnatom plese, na\u0161iel fo\u0165\u00e1k \u2013 zrkadlovku, na t\u00fa dobu \u201eraketu\u201c. No a&nbsp;tak za\u010dal foti\u0165&#8230;a v\u010faka svojmu umeleck\u00e9mu nadaniu fotil v\u00fdborne&#8230;, okrem in\u00e9ho mi nafotil svadbu a zhostil sa toho ako prof\u00edk.<\/p>\n\n\n\n<p>Bolo to na konci augusta, bol si po\u017ei\u010da\u0165 plutvy na dovolenku do Chorv\u00e1tska, \u017ee ke\u010f sa vr\u00e1ti, pozrieme fotky&#8230;. u\u017e sme sa nestretli. \u010casto na Dana spom\u00ednam, niekedy mi ho pripomen\u00fa situ\u00e1cie, \u013eudia, chovanie niekoho&#8230;Niekedy sa pristihnem pri my\u0161lienke, \u010do keby?&nbsp;&nbsp;<\/p>\n\n\n\n<p class=\"has-text-align-right\">\u00a0\u00a0\u00a0\u00a0\u00a0\u00a0\u00a0\u00a0\u00a0\u00a0\u00a0\u00a0\u00a0\u00a0\u00a0\u00a0\u00a0\u00a0\u00a0\u00a0\u00a0\u00a0\u00a0\u00a0\u00a0\u00a0\u00a0\u00a0\u00a0\u00a0\u00a0\u00a0\u00a0\u00a0\u00a0\u00a0\u00a0\u00a0\u00a0\u00a0\u00a0\u00a0\u00a0\u00a0\u00a0\u00a0\u00a0\u00a0\u00a0\u00a0\u00a0\u00a0\u00a0\u00a0\u00a0\u00a0\u00a0\u00a0\u00a0\u00a0\u00a0\u00a0\u00a0\u00a0\u00a0\u00a0\u00a0\u00a0\u00a0\u00a0\u00a0\u00a0\u00a0\u00a0\u00a0\u00a0\u00a0\u00a0\u00a0\u00a0\u00a0\u00a0\u00a0\u00a0\u00a0\u00a0\u00a0\u00a0\u00a0\u00a0\u00a0\u00a0\u00a0\u00a0\u00a0\u00a0\u00a0\u00a0\u00a0\u00a0\u00a0\u00a0\u00a0\u00a0\u00a0\u00a0\u00a0\u00a0\u00a0\u00a0\u00a0\u00a0\u00a0\u00a0\u00a0\u00a0\u00a0\u00a0\u00a0\u00a0\u00a0\u00a0\u00a0\u00a0\u00a0\u00a0\u00a0\u00a0\u00a0\u00a0\u00a0\u00a0\u00a0\u00a0\u00a0\u00a0\u00a0\u00a0\u00a0\u00a0\u00a0\u00a0\u00a0\u00a0\u00a0\u00a0\u00a0\u00a0\u00a0\u00a0\u00a0\u00a0\u00a0\u00a0\u00a0\u00a0\u00a0\u00a0\u00a0\u00a0\u00a0\u00a0\u00a0\u00a0\u00a0\u00a0\u00a0\u00a0 Lubo Svitek &#8211; Ci\u0165o<\/p>\n","protected":false},"excerpt":{"rendered":"<p>S&nbsp;Danom sme vyrastali na rovnakom s\u00eddlisku, tak\u017ee sme sa poznali od detstva.&nbsp; Ja som b\u00fdval na \u0161iestom poschod\u00ed, Dino Kur\u00e1\u0148 na osmi\u010dke a&nbsp;Dano ved\u013ea v&nbsp;panel\u00e1ku zhruba 40 m od n\u00e1\u0161ho vchodu. Danove lezeck\u00e9 za\u010diatky s\u00fa spojen\u00e9 s&nbsp;partiou z&nbsp;priemyslovky. Ke\u010f som za\u010dal liez\u0165, ja a&nbsp;Stano Riljak sme boli ako lezeck\u00e9 dvoji\u010dky,&nbsp;Dano bol ako n\u00e1\u0161&nbsp; star\u0161\u00ed brat. &hellip; <a href=\"https:\/\/hkmanin.sk\/wp\/?page_id=14454\" class=\"more-link\">Pokra\u010dova\u0165 na <span class=\"screen-reader-text\">Od Mexika po Franc\u00fazko<\/span> <span class=\"meta-nav\">&rarr;<\/span><\/a><\/p>\n","protected":false},"author":4,"featured_media":14455,"parent":0,"menu_order":0,"comment_status":"closed","ping_status":"closed","template":"","meta":{"footnotes":""},"class_list":["post-14454","page","type-page","status-publish","has-post-thumbnail","hentry"],"_links":{"self":[{"href":"https:\/\/hkmanin.sk\/wp\/index.php?rest_route=\/wp\/v2\/pages\/14454","targetHints":{"allow":["GET"]}}],"collection":[{"href":"https:\/\/hkmanin.sk\/wp\/index.php?rest_route=\/wp\/v2\/pages"}],"about":[{"href":"https:\/\/hkmanin.sk\/wp\/index.php?rest_route=\/wp\/v2\/types\/page"}],"author":[{"embeddable":true,"href":"https:\/\/hkmanin.sk\/wp\/index.php?rest_route=\/wp\/v2\/users\/4"}],"replies":[{"embeddable":true,"href":"https:\/\/hkmanin.sk\/wp\/index.php?rest_route=%2Fwp%2Fv2%2Fcomments&post=14454"}],"version-history":[{"count":9,"href":"https:\/\/hkmanin.sk\/wp\/index.php?rest_route=\/wp\/v2\/pages\/14454\/revisions"}],"predecessor-version":[{"id":14504,"href":"https:\/\/hkmanin.sk\/wp\/index.php?rest_route=\/wp\/v2\/pages\/14454\/revisions\/14504"}],"wp:featuredmedia":[{"embeddable":true,"href":"https:\/\/hkmanin.sk\/wp\/index.php?rest_route=\/wp\/v2\/media\/14455"}],"wp:attachment":[{"href":"https:\/\/hkmanin.sk\/wp\/index.php?rest_route=%2Fwp%2Fv2%2Fmedia&parent=14454"}],"curies":[{"name":"wp","href":"https:\/\/api.w.org\/{rel}","templated":true}]}}