{"id":14278,"date":"2022-04-29T20:27:05","date_gmt":"2022-04-29T18:27:05","guid":{"rendered":"https:\/\/hkmanin.sk\/wp\/?page_id=14278"},"modified":"2026-02-09T00:33:21","modified_gmt":"2026-02-08T22:33:21","slug":"2-2","status":"publish","type":"page","link":"https:\/\/hkmanin.sk\/wp\/?page_id=14278","title":{"rendered":"2%"},"content":{"rendered":"\n<p>Aj v roku 2026 m\u00f4\u017eete pom\u00f4c\u0165 n\u00e1\u0161mu klubu pouk\u00e1zan\u00edm 2 % zo zaplatenej dane.<\/p>\n\n\n\n<p>Po novom je mo\u017en\u00e9 darova\u0165 2 % aj rodi\u010dom \u2013 a z\u00e1rove\u0148 st\u00e1le podpori\u0165 neziskov\u00fa organiz\u00e1ciu. To znamen\u00e1, \u017ee aj ke\u010f pom\u00e1hate rodine, st\u00e1le m\u00f4\u017eete venova\u0165 2 % n\u00e1\u0161mu klubu.<\/p>\n\n\n\n<p>Pre u\u013eah\u010denie sme pre v\u00e1s pripravili <strong><a href=\"https:\/\/hkmanin.sk\/wp\/wp-content\/uploads\/2026\/02\/hkmanin-percenta2026.pdf\" target=\"_blank\" rel=\"noreferrer noopener\">predvyplnen\u00fd formul\u00e1r s \u00fadajmi n\u00e1\u0161ho klubu<\/a><\/strong>, ktor\u00fd si m\u00f4\u017eete jednoducho stiahnu\u0165 a pou\u017ei\u0165.<\/p>\n\n\n\n<p><strong>Va\u0161e 2 % pom\u00f4\u017eu najm\u00e4 pri:<\/strong><\/p>\n\n\n\n<ul class=\"wp-block-list\">\n<li>zvy\u0161ovan\u00ed bezpe\u010dnosti v lezeck\u00fdch oblastiach,<\/li>\n\n\n\n<li>pr\u00e1ci s de\u0165mi a ml\u00e1de\u017eou,<\/li>\n\n\n\n<li>organiz\u00e1cii pretekov, kurzov a klubov\u00fdch akci\u00ed,<\/li>\n\n\n\n<li>\u00fadr\u017ebe a moderniz\u00e1cii lezeckej steny,<\/li>\n\n\n\n<li>rozvoji lezenia v na\u0161om regi\u00f3ne.<\/li>\n<\/ul>\n\n\n\n<p><strong>\u00dadaje o prij\u00edmate\u013eovi:<\/strong><\/p>\n\n\n\n<ul class=\"wp-block-list\">\n<li><strong>N\u00e1zov:<\/strong> Horolezeck\u00fd klub Man\u00edn<\/li>\n\n\n\n<li><strong>Adresa:<\/strong> Centrum 900\/99, 017 01 Pova\u017esk\u00e1 Bystrica<\/li>\n\n\n\n<li><strong>I\u010cO:<\/strong> 14223082<\/li>\n\n\n\n<li><strong>Pr\u00e1vna forma:<\/strong> Ob\u010dianske zdru\u017eenie<\/li>\n<\/ul>\n\n\n\n<p>Podrobn\u00e9 inform\u00e1cie a ofici\u00e1lny postup n\u00e1jdete priamo na str\u00e1nke <a href=\"https:\/\/www.financnasprava.sk\/sk\/pre-media\/novinky\/archiv-noviniek\/detail-novinky\/_nova-moznost-v--ts\" target=\"_blank\" rel=\"noreferrer noopener\">Finan\u010dnej spr\u00e1vy SR<\/a>.<\/p>\n\n\n\n<p><strong>\u010eakujeme za va\u0161u podporu!<\/strong><\/p>\n","protected":false},"excerpt":{"rendered":"<p>Aj v roku 2026 m\u00f4\u017eete pom\u00f4c\u0165 n\u00e1\u0161mu klubu pouk\u00e1zan\u00edm 2 % zo zaplatenej dane. Po novom je mo\u017en\u00e9 darova\u0165 2 % aj rodi\u010dom \u2013 a z\u00e1rove\u0148 st\u00e1le podpori\u0165 neziskov\u00fa organiz\u00e1ciu. To znamen\u00e1, \u017ee aj ke\u010f pom\u00e1hate rodine, st\u00e1le m\u00f4\u017eete venova\u0165 2 % n\u00e1\u0161mu klubu. Pre u\u013eah\u010denie sme pre v\u00e1s pripravili predvyplnen\u00fd formul\u00e1r s \u00fadajmi n\u00e1\u0161ho &hellip; <a href=\"https:\/\/hkmanin.sk\/wp\/?page_id=14278\" class=\"more-link\">Pokra\u010dova\u0165 na <span class=\"screen-reader-text\">2%<\/span> <span class=\"meta-nav\">&rarr;<\/span><\/a><\/p>\n","protected":false},"author":4,"featured_media":19637,"parent":0,"menu_order":0,"comment_status":"closed","ping_status":"closed","template":"","meta":{"footnotes":""},"class_list":["post-14278","page","type-page","status-publish","has-post-thumbnail","hentry"],"_links":{"self":[{"href":"https:\/\/hkmanin.sk\/wp\/index.php?rest_route=\/wp\/v2\/pages\/14278","targetHints":{"allow":["GET"]}}],"collection":[{"href":"https:\/\/hkmanin.sk\/wp\/index.php?rest_route=\/wp\/v2\/pages"}],"about":[{"href":"https:\/\/hkmanin.sk\/wp\/index.php?rest_route=\/wp\/v2\/types\/page"}],"author":[{"embeddable":true,"href":"https:\/\/hkmanin.sk\/wp\/index.php?rest_route=\/wp\/v2\/users\/4"}],"replies":[{"embeddable":true,"href":"https:\/\/hkmanin.sk\/wp\/index.php?rest_route=%2Fwp%2Fv2%2Fcomments&post=14278"}],"version-history":[{"count":7,"href":"https:\/\/hkmanin.sk\/wp\/index.php?rest_route=\/wp\/v2\/pages\/14278\/revisions"}],"predecessor-version":[{"id":19640,"href":"https:\/\/hkmanin.sk\/wp\/index.php?rest_route=\/wp\/v2\/pages\/14278\/revisions\/19640"}],"wp:featuredmedia":[{"embeddable":true,"href":"https:\/\/hkmanin.sk\/wp\/index.php?rest_route=\/wp\/v2\/media\/19637"}],"wp:attachment":[{"href":"https:\/\/hkmanin.sk\/wp\/index.php?rest_route=%2Fwp%2Fv2%2Fmedia&parent=14278"}],"curies":[{"name":"wp","href":"https:\/\/api.w.org\/{rel}","templated":true}]}}