{"id":10070,"date":"2019-02-10T21:10:05","date_gmt":"2019-02-10T19:10:05","guid":{"rendered":"https:\/\/hkmanin.sk\/wp\/?page_id=10070"},"modified":"2019-02-10T21:54:17","modified_gmt":"2019-02-10T19:54:17","slug":"2018-2","status":"publish","type":"page","link":"https:\/\/hkmanin.sk\/wp\/?page_id=10070","title":{"rendered":"2018"},"content":{"rendered":"\n<p><strong>Janu\u00e1r<\/strong><\/p>\n\n\n\n<ul class=\"wp-block-list\"><li><del>Kapustnica<\/del><\/li><\/ul>\n\n\n\n<p><strong>Febru\u00e1r<\/strong><\/p>\n\n\n\n<ul class=\"wp-block-list\"><li><a href=\"https:\/\/hkmanin.sk\/wp\/?p=7196\">10. 2. Kurz prvej pomoci<\/a><\/li><\/ul>\n\n\n\n<p><strong>Marec<\/strong><\/p>\n\n\n\n<ul class=\"wp-block-list\"><li><a href=\"https:\/\/hkmanin.sk\/wp\/?p=7287\">28. 2. &#8211; 4. 3. Zimn\u00e9 s\u00fastredenie Bielovodsk\u00e1 dolina<\/a><\/li><li><a href=\"https:\/\/hkmanin.sk\/wp\/?p=7387\">10. 3. Men\u010fov memori\u00e1l<\/a><\/li><li><a href=\"https:\/\/hkmanin.sk\/wp\/?p=7190\">16. 3. Valn\u00e1 hromada<\/a><\/li><\/ul>\n\n\n\n<p><strong>Apr\u00edl<\/strong><\/p>\n\n\n\n<ul class=\"wp-block-list\"><li><a href=\"https:\/\/hkmanin.sk\/wp\/?p=7982\">Metodick\u00e9 dni<\/a><\/li><\/ul>\n\n\n\n<p><strong>M\u00e1j<\/strong><\/p>\n\n\n\n<ul class=\"wp-block-list\"><li><a href=\"https:\/\/hkmanin.sk\/wp\/?p=7989\">4. &#8211; 8. 5. piesky Ostrov<\/a><\/li><\/ul>\n\n\n\n<p><strong>J\u00fan<\/strong><\/p>\n\n\n\n<p><strong>J\u00fal<\/strong><\/p>\n\n\n\n<ul class=\"wp-block-list\"><li><a href=\"https:\/\/hkmanin.sk\/wp\/?p=8226\">Letn\u00e9 s\u00fastredenie Vysok\u00e9 Tatry<\/a><\/li><\/ul>\n\n\n\n<p><strong>August<\/strong><\/p>\n\n\n\n<ul class=\"wp-block-list\"><li><del>Dolomity\/\u00c9crins<\/del><\/li><\/ul>\n\n\n\n<p><strong>September<\/strong><\/p>\n\n\n\n<ul class=\"wp-block-list\"><li><a href=\"https:\/\/hkmanin.sk\/wp\/?p=8895\">Krvav\u00e9 sonety<\/a><\/li><\/ul>\n\n\n\n<p><strong>Okt\u00f3ber<\/strong><\/p>\n\n\n\n<ul class=\"wp-block-list\"><li><a href=\"https:\/\/hkmanin.sk\/wp\/?p=8790\">6. &#8211; 7. 10. Zraz<\/a><\/li><\/ul>\n\n\n\n<p><strong>November<\/strong><\/p>\n\n\n\n<ul class=\"wp-block-list\"><li><a href=\"https:\/\/hkmanin.sk\/wp\/?p=9460\">31. 10. &#8211; 4. 11. Osp<\/a><\/li><\/ul>\n\n\n\n<p><strong>December<\/strong><\/p>\n\n\n\n<ul class=\"wp-block-list\"><li><a href=\"https:\/\/hkmanin.sk\/wp\/?p=9555\">\u017div\u00e1nka<\/a><\/li><li><a href=\"https:\/\/hkmanin.sk\/wp\/?p=9744\">\u0160tef\u00e1nske preteky<\/a><\/li><\/ul>\n\n\n<p><!--EndFragment--><\/p>\n<p><\/p>","protected":false},"excerpt":{"rendered":"<p>Janu\u00e1r Kapustnica Febru\u00e1r 10. 2. Kurz prvej pomoci Marec 28. 2. &#8211; 4. 3. Zimn\u00e9 s\u00fastredenie Bielovodsk\u00e1 dolina 10. 3. Men\u010fov memori\u00e1l 16. 3. Valn\u00e1 hromada Apr\u00edl Metodick\u00e9 dni M\u00e1j 4. &#8211; 8. 5. piesky Ostrov J\u00fan J\u00fal Letn\u00e9 s\u00fastredenie Vysok\u00e9 Tatry August Dolomity\/\u00c9crins September Krvav\u00e9 sonety Okt\u00f3ber 6. &#8211; 7. 10. Zraz November 31. &hellip; <a href=\"https:\/\/hkmanin.sk\/wp\/?page_id=10070\" class=\"more-link\">Pokra\u010dova\u0165 na <span class=\"screen-reader-text\">2018<\/span> <span class=\"meta-nav\">&rarr;<\/span><\/a><\/p>\n","protected":false},"author":4,"featured_media":10075,"parent":2601,"menu_order":0,"comment_status":"closed","ping_status":"closed","template":"","meta":{"footnotes":""},"class_list":["post-10070","page","type-page","status-publish","has-post-thumbnail","hentry"],"_links":{"self":[{"href":"https:\/\/hkmanin.sk\/wp\/index.php?rest_route=\/wp\/v2\/pages\/10070","targetHints":{"allow":["GET"]}}],"collection":[{"href":"https:\/\/hkmanin.sk\/wp\/index.php?rest_route=\/wp\/v2\/pages"}],"about":[{"href":"https:\/\/hkmanin.sk\/wp\/index.php?rest_route=\/wp\/v2\/types\/page"}],"author":[{"embeddable":true,"href":"https:\/\/hkmanin.sk\/wp\/index.php?rest_route=\/wp\/v2\/users\/4"}],"replies":[{"embeddable":true,"href":"https:\/\/hkmanin.sk\/wp\/index.php?rest_route=%2Fwp%2Fv2%2Fcomments&post=10070"}],"version-history":[{"count":2,"href":"https:\/\/hkmanin.sk\/wp\/index.php?rest_route=\/wp\/v2\/pages\/10070\/revisions"}],"predecessor-version":[{"id":10085,"href":"https:\/\/hkmanin.sk\/wp\/index.php?rest_route=\/wp\/v2\/pages\/10070\/revisions\/10085"}],"up":[{"embeddable":true,"href":"https:\/\/hkmanin.sk\/wp\/index.php?rest_route=\/wp\/v2\/pages\/2601"}],"wp:featuredmedia":[{"embeddable":true,"href":"https:\/\/hkmanin.sk\/wp\/index.php?rest_route=\/wp\/v2\/media\/10075"}],"wp:attachment":[{"href":"https:\/\/hkmanin.sk\/wp\/index.php?rest_route=%2Fwp%2Fv2%2Fmedia&parent=10070"}],"curies":[{"name":"wp","href":"https:\/\/api.w.org\/{rel}","templated":true}]}}