{"id":10016,"date":"2019-02-05T23:12:36","date_gmt":"2019-02-05T21:12:36","guid":{"rendered":"https:\/\/hkmanin.sk\/wp\/?page_id=10016"},"modified":"2021-01-10T23:10:08","modified_gmt":"2021-01-10T21:10:08","slug":"gdpr","status":"publish","type":"page","link":"https:\/\/hkmanin.sk\/wp\/?page_id=10016","title":{"rendered":"Ochrana osobn\u00fdch \u00fadajov"},"content":{"rendered":"\n<p>Ochrana Va\u0161ich osobn\u00fdch \u00fadajov je pre n\u00e1s d\u00f4le\u017eit\u00e1. Pri ich ochrane sa riadime <a href=\"https:\/\/hkmanin.sk\/wp\/wp-content\/uploads\/2019\/02\/Pravidl\u00e1-ochrany-osobn\u00fdch-\u00fadajov.pdf\">t\u00fdmito pravidlami<\/a>. V\u00a0pr\u00edpade, \u017ee chcete aj na\u010falej publikova\u0165 \u010dl\u00e1nky a\u00a0fotografie z\u00a0va\u0161ich s\u00fakromn\u00fdch akci\u00ed potrebujem od V\u00e1s na to<a href=\"https:\/\/hkmanin.sk\/wp\/wp-content\/uploads\/2019\/02\/Suhlas.pdf\"> tento s\u00fahlas<\/a>. Podp\u00edsan\u00fd s\u00fahlas m\u00f4\u017eete posla\u0165 mailom alebo podp\u00edsa\u0165 u\u00a0spr\u00e1vcu na lezeckej stene.  <br><\/p>\n\n\n\n<p>Upozor\u0148ujeme,  \u017ee v\u00a0pr\u00edpade, ak sa z\u00fa\u010dast\u0148ujete verejn\u00fdch podujat\u00ed organizovan\u00fdch  Horolezeck\u00fdm klubom Man\u00edn, m\u00f4\u017eeme sprac\u00fava\u0165 Va\u0161e osobn\u00e9 \u00fadaje v\u00a0rozsahu  mena a\u00a0fotografie v\u00a0spr\u00e1ve z\u00a0podujatia a\u00a0na \u00fa\u010dely propag\u00e1cie na\u0161ej  \u010dinnosti na z\u00e1klade n\u00e1\u0161ho opr\u00e1vnen\u00e9ho z\u00e1ujmu <\/p>\n\n\n\n<p>Jednotliv\u00e9 \u010dasti tejto webovej str\u00e1nky a s\u00fa\nchr\u00e1nen\u00e9 Autorsk\u00fdm z\u00e1konom. Ak\u00e9ko\u013evek pou\u017eitie jej obsahu, \u010di u\u017e celkov\u00e9 alebo\n\u010diasto\u010dn\u00e9, je mo\u017en\u00e9 iba s predch\u00e1dzaj\u00facim p\u00edsomn\u00fdm s\u00fahlasom Horolezeck\u00e9ho klubu\nMan\u00edn. Ak\u00e9ko\u013evek kop\u00edrovanie, nasledovn\u00e9 vyu\u017eitie alebo roz\u0161irovanie, vy\u017eaduj\u00fa\npredch\u00e1dzaj\u00faci p\u00edsomn\u00fd s\u00fahlas. O&nbsp;s\u00fahlas m\u00f4\u017eete po\u017eiada\u0165 cez <a href=\"mailto:klub@hkmanin.sk\"><em>klub@hkmanin.sk<\/em><\/a><\/p>\n\n\n\n<p><\/p>\n","protected":false},"excerpt":{"rendered":"<p>Ochrana Va\u0161ich osobn\u00fdch \u00fadajov je pre n\u00e1s d\u00f4le\u017eit\u00e1. Pri ich ochrane sa riadime t\u00fdmito pravidlami. V\u00a0pr\u00edpade, \u017ee chcete aj na\u010falej publikova\u0165 \u010dl\u00e1nky a\u00a0fotografie z\u00a0va\u0161ich s\u00fakromn\u00fdch akci\u00ed potrebujem od V\u00e1s na to tento s\u00fahlas. Podp\u00edsan\u00fd s\u00fahlas m\u00f4\u017eete posla\u0165 mailom alebo podp\u00edsa\u0165 u\u00a0spr\u00e1vcu na lezeckej stene. Upozor\u0148ujeme, \u017ee v\u00a0pr\u00edpade, ak sa z\u00fa\u010dast\u0148ujete verejn\u00fdch podujat\u00ed organizovan\u00fdch Horolezeck\u00fdm klubom &hellip; <a href=\"https:\/\/hkmanin.sk\/wp\/?page_id=10016\" class=\"more-link\">Pokra\u010dova\u0165 na <span class=\"screen-reader-text\">Ochrana osobn\u00fdch \u00fadajov<\/span> <span class=\"meta-nav\">&rarr;<\/span><\/a><\/p>\n","protected":false},"author":4,"featured_media":10045,"parent":6347,"menu_order":0,"comment_status":"closed","ping_status":"closed","template":"","meta":{"footnotes":""},"class_list":["post-10016","page","type-page","status-publish","has-post-thumbnail","hentry"],"_links":{"self":[{"href":"https:\/\/hkmanin.sk\/wp\/index.php?rest_route=\/wp\/v2\/pages\/10016","targetHints":{"allow":["GET"]}}],"collection":[{"href":"https:\/\/hkmanin.sk\/wp\/index.php?rest_route=\/wp\/v2\/pages"}],"about":[{"href":"https:\/\/hkmanin.sk\/wp\/index.php?rest_route=\/wp\/v2\/types\/page"}],"author":[{"embeddable":true,"href":"https:\/\/hkmanin.sk\/wp\/index.php?rest_route=\/wp\/v2\/users\/4"}],"replies":[{"embeddable":true,"href":"https:\/\/hkmanin.sk\/wp\/index.php?rest_route=%2Fwp%2Fv2%2Fcomments&post=10016"}],"version-history":[{"count":7,"href":"https:\/\/hkmanin.sk\/wp\/index.php?rest_route=\/wp\/v2\/pages\/10016\/revisions"}],"predecessor-version":[{"id":10676,"href":"https:\/\/hkmanin.sk\/wp\/index.php?rest_route=\/wp\/v2\/pages\/10016\/revisions\/10676"}],"up":[{"embeddable":true,"href":"https:\/\/hkmanin.sk\/wp\/index.php?rest_route=\/wp\/v2\/pages\/6347"}],"wp:featuredmedia":[{"embeddable":true,"href":"https:\/\/hkmanin.sk\/wp\/index.php?rest_route=\/wp\/v2\/media\/10045"}],"wp:attachment":[{"href":"https:\/\/hkmanin.sk\/wp\/index.php?rest_route=%2Fwp%2Fv2%2Fmedia&parent=10016"}],"curies":[{"name":"wp","href":"https:\/\/api.w.org\/{rel}","templated":true}]}}